{"id":3359,"date":"2026-01-21T12:02:50","date_gmt":"2026-01-21T12:02:50","guid":{"rendered":"https:\/\/syncbuilder.com\/demo-iste\/"},"modified":"2026-05-07T07:57:07","modified_gmt":"2026-05-07T07:57:07","slug":"demo-iste","status":"publish","type":"page","link":"https:\/\/sbx.syncbuilder.com\/tr\/demo-iste\/","title":{"rendered":"Demo \u0130ste"},"content":{"rendered":"\t\t<div data-elementor-type=\"wp-page\" data-elementor-id=\"3359\" class=\"elementor elementor-3359 elementor-589\" data-elementor-post-type=\"page\">\n\t\t\t\t<div class=\"elementor-element elementor-element-undefined-e5f102b e-flex e-con-boxed e-con e-parent\" data-id=\"undefined-e5f102b\" data-element_type=\"container\" data-e-type=\"container\">\n\t\t\t\t\t<div class=\"e-con-inner\">\n\t\t<div class=\"elementor-element elementor-element-undefined-2deeb22 e-flex e-con-boxed e-con e-child\" data-id=\"undefined-2deeb22\" data-element_type=\"container\" data-e-type=\"container\">\n\t\t\t\t\t<div class=\"e-con-inner\">\n\t\t<div class=\"elementor-element elementor-element-undefined-538efe2 e-con-full e-flex e-con e-child\" data-id=\"undefined-538efe2\" data-element_type=\"container\" data-e-type=\"container\">\n\t\t\t\t<div class=\"elementor-element elementor-element-undefined-f422a59 elementor-widget elementor-widget-heading\" data-id=\"undefined-f422a59\" data-element_type=\"widget\" data-e-type=\"widget\" data-widget_type=\"heading.default\">\n\t\t\t\t\t<h2 class=\"elementor-heading-title elementor-size-default\">Demo Talep Edin<\/h2>\t\t\t\t<\/div>\n\t\t\t\t<div class=\"elementor-element elementor-element-undefined-eefe12a elementor-widget elementor-widget-text-editor\" data-id=\"undefined-eefe12a\" data-element_type=\"widget\" data-e-type=\"widget\" data-widget_type=\"text-editor.default\">\n\t\t\t\t\t\t\t\t\t<p>Sorular\u0131n\u0131za yard\u0131mc\u0131 olmak i\u00e7in buraday\u0131z. A\u015fa\u011f\u0131daki formu doldurun, k\u0131sa s\u00fcre i\u00e7inde size geri d\u00f6nece\u011fiz. <\/p>\t\t\t\t\t\t\t\t<\/div>\n\t\t\t\t<\/div>\n\t\t<div class=\"elementor-element elementor-element-undefined-7a3a576 e-con-full e-flex e-con e-child\" data-id=\"undefined-7a3a576\" data-element_type=\"container\" data-e-type=\"container\">\n\t\t\t\t<div class=\"elementor-element elementor-element-undefined-f47d5fb elementor-mobile-button-align-stretch elementor-button-align-stretch elementor-widget elementor-widget-form\" data-id=\"undefined-f47d5fb\" data-element_type=\"widget\" data-e-type=\"widget\" data-settings=\"{&quot;step_next_label&quot;:&quot;Devam et&quot;,&quot;step_previous_label&quot;:&quot;Geri D\\u00f6n&quot;,&quot;button_width&quot;:&quot;100&quot;,&quot;step_type&quot;:&quot;number_text&quot;,&quot;step_icon_shape&quot;:&quot;circle&quot;}\" data-widget_type=\"form.default\">\n\t\t\t\t\t\t\t<form class=\"elementor-form\" method=\"post\" id=\"request_demo_form\" name=\"Kay\u0131t Formu\" aria-label=\"Kay\u0131t Formu\">\n\t\t\t<input type=\"hidden\" name=\"post_id\" value=\"3359\"\/>\n\t\t\t<input type=\"hidden\" name=\"form_id\" value=\"undefined-f47d5fb\"\/>\n\t\t\t<input type=\"hidden\" name=\"referer_title\" value=\"Demo \u0130ste - Syncbuilder\" \/>\n\n\t\t\t\t\t\t\t<input type=\"hidden\" name=\"queried_id\" value=\"3359\"\/>\n\t\t\t\n\t\t\t<div class=\"elementor-form-fields-wrapper elementor-labels-\">\n\t\t\t\t\t\t\t\t<div class=\"elementor-field-type-text elementor-field-group elementor-column elementor-field-group-company_name elementor-col-100 elementor-field-required\">\n\t\t\t\t\t\t\t\t\t\t\t\t<label for=\"form-field-company_name\" class=\"elementor-field-label elementor-screen-only\">\n\t\t\t\t\t\t\t\t\u015eirket\t\t\t\t\t\t\t<\/label>\n\t\t\t\t\t\t\t\t\t\t\t\t\t\t<input size=\"1\" type=\"text\" name=\"form_fields[company_name]\" id=\"form-field-company_name\" class=\"elementor-field elementor-size-md  elementor-field-textual\" placeholder=\"\u015eirket ad\u0131n\u0131 girin\" required=\"required\">\n\t\t\t\t\t\t\t\t\t\t\t<\/div>\n\t\t\t\t\t\t\t\t<div class=\"elementor-field-type-text elementor-field-group elementor-column elementor-field-group-first_name elementor-col-50 elementor-field-required\">\n\t\t\t\t\t\t\t\t\t\t\t\t<label for=\"form-field-first_name\" class=\"elementor-field-label elementor-screen-only\">\n\t\t\t\t\t\t\t\tAd\u0131n\u0131z Soyad\u0131n\u0131z\t\t\t\t\t\t\t<\/label>\n\t\t\t\t\t\t\t\t\t\t\t\t\t\t<input size=\"1\" type=\"text\" name=\"form_fields[first_name]\" id=\"form-field-first_name\" class=\"elementor-field elementor-size-md  elementor-field-textual\" placeholder=\"\u0130lk ad\u0131n\u0131z\u0131 girin\" required=\"required\">\n\t\t\t\t\t\t\t\t\t\t\t<\/div>\n\t\t\t\t\t\t\t\t<div class=\"elementor-field-type-text elementor-field-group elementor-column elementor-field-group-last_name elementor-col-50 elementor-field-required\">\n\t\t\t\t\t\t\t\t\t\t\t\t<label for=\"form-field-last_name\" class=\"elementor-field-label elementor-screen-only\">\n\t\t\t\t\t\t\t\tSoyad\u0131n\u0131z\t\t\t\t\t\t\t<\/label>\n\t\t\t\t\t\t\t\t\t\t\t\t\t\t<input size=\"1\" type=\"text\" name=\"form_fields[last_name]\" id=\"form-field-last_name\" class=\"elementor-field elementor-size-md  elementor-field-textual\" placeholder=\"Soyad\u0131n\u0131z\u0131 girin\" required=\"required\">\n\t\t\t\t\t\t\t\t\t\t\t<\/div>\n\t\t\t\t\t\t\t\t<div class=\"elementor-field-type-tel elementor-field-group elementor-column elementor-field-group-phone_number elementor-col-50 elementor-field-required\">\n\t\t\t\t\t\t\t\t\t\t\t\t<label for=\"form-field-phone_number\" class=\"elementor-field-label elementor-screen-only\">\n\t\t\t\t\t\t\t\tTelefon Numaras\u0131\t\t\t\t\t\t\t<\/label>\n\t\t\t\t\t\t\t\t<input size=\"1\" type=\"tel\" name=\"form_fields[phone_number]\" id=\"form-field-phone_number\" class=\"elementor-field elementor-size-md  elementor-field-textual\" placeholder=\"Telefon numaran\u0131z\" required=\"required\" pattern=\"[0-9()#&amp;+*-=.]+\" title=\"Only numbers and phone characters (#, -, *, etc) are accepted.\">\n\n\t\t\t\t\t\t<\/div>\n\t\t\t\t\t\t\t\t<div class=\"elementor-field-type-email elementor-field-group elementor-column elementor-field-group-email_address elementor-col-50 elementor-field-required\">\n\t\t\t\t\t\t\t\t\t\t\t\t<label for=\"form-field-email_address\" class=\"elementor-field-label elementor-screen-only\">\n\t\t\t\t\t\t\t\tE-posta Adresi\t\t\t\t\t\t\t<\/label>\n\t\t\t\t\t\t\t\t\t\t\t\t\t\t<input size=\"1\" type=\"email\" name=\"form_fields[email_address]\" id=\"form-field-email_address\" class=\"elementor-field elementor-size-md  elementor-field-textual\" placeholder=\"E-posta adresiniz\" required=\"required\">\n\t\t\t\t\t\t\t\t\t\t\t<\/div>\n\t\t\t\t\t\t\t\t<div class=\"elementor-field-type-textarea elementor-field-group elementor-column elementor-field-group-details_message elementor-col-100\">\n\t\t\t\t\t\t\t\t\t\t\t\t<label for=\"form-field-details_message\" class=\"elementor-field-label elementor-screen-only\">\n\t\t\t\t\t\t\t\tEk Bilgi\t\t\t\t\t\t\t<\/label>\n\t\t\t\t\t\t<textarea class=\"elementor-field-textual elementor-field  elementor-size-md\" name=\"form_fields[details_message]\" id=\"form-field-details_message\" rows=\"4\" placeholder=\"Demo s\u0131ras\u0131nda dikkate almam\u0131z veya odaklanmam\u0131z gereken bir konu var m\u0131? Ya da ba\u015fka sorular\u0131n\u0131z var m\u0131? \"><\/textarea>\t\t\t\t<\/div>\n\t\t\t\t\t\t\t\t<div class=\"elementor-field-type-date elementor-field-group elementor-column elementor-field-group-field_0c6f7b2 elementor-col-50 elementor-field-required\">\n\t\t\t\t\t\t\t\t\t\t\t\t<label for=\"form-field-field_0c6f7b2\" class=\"elementor-field-label elementor-screen-only\">\n\t\t\t\t\t\t\t\tDemo Tercih Tarihi\t\t\t\t\t\t\t<\/label>\n\t\t\t\t\t\t\n\t\t<input type=\"date\" name=\"form_fields[field_0c6f7b2]\" id=\"form-field-field_0c6f7b2\" class=\"elementor-field elementor-size-md  elementor-field-textual elementor-date-field\" placeholder=\"Demonun ger\u00e7ekle\u015fmesi gereken tercih edilen bir tarih se\u00e7in?\" required=\"required\" pattern=\"[0-9]{4}-[0-9]{2}-[0-9]{2}\">\n\t\t\t\t\t\t<\/div>\n\t\t\t\t\t\t\t\t<div class=\"elementor-field-type-time elementor-field-group elementor-column elementor-field-group-field_4b96e4f elementor-col-50\">\n\t\t\t\t\t\t\t\t\t\t\t\t<label for=\"form-field-field_4b96e4f\" class=\"elementor-field-label elementor-screen-only\">\n\t\t\t\t\t\t\t\tDemo Tercih S\u00fcresi\t\t\t\t\t\t\t<\/label>\n\t\t\t\t\t\t\t\t<input type=\"time\" name=\"form_fields[field_4b96e4f]\" id=\"form-field-field_4b96e4f\" class=\"elementor-field elementor-size-md  elementor-field-textual elementor-time-field\" placeholder=\"Tercih Zaman\u0131\">\n\t\t\t\t\t\t<\/div>\n\t\t\t\t\t\t\t\t<div class=\"elementor-field-type-acceptance elementor-field-group elementor-column elementor-field-group-field_86f7072 elementor-col-100\">\n\t\t\t\t\t\t\t\t\t\t\t\t<label for=\"form-field-field_86f7072\" class=\"elementor-field-label elementor-screen-only\">\n\t\t\t\t\t\t\t\tGizlili\u011fi Kabul Et\t\t\t\t\t\t\t<\/label>\n\t\t\t\t\t\t\t\t<div class=\"elementor-field-subgroup\">\n\t\t\t<span class=\"elementor-field-option\">\n\t\t\t\t<input type=\"checkbox\" name=\"form_fields[field_86f7072]\" id=\"form-field-field_86f7072\" class=\"elementor-field elementor-size-md  elementor-acceptance-field\">\n\t\t\t\t<label for=\"form-field-field_86f7072\">Syncbuilder'\u0131n pazarlama amac\u0131yla benimle ileti\u015fime ge\u00e7mek i\u00e7in ileti\u015fim bilgilerimi kullanmas\u0131 da dahil olmak \u00fczere gizlilik politikas\u0131n\u0131 kabul ediyorum.<\/label>\t\t\t<\/span>\n\t\t<\/div>\n\t\t\t\t\t\t<\/div>\n\t\t\t\t\t\t\t\t<div class=\"elementor-field-type-recaptcha_v3 elementor-field-group elementor-column elementor-field-group-field_f933a95 elementor-col-100 recaptcha_v3-bottomright\">\n\t\t\t\t\t<div class=\"elementor-field\" id=\"form-field-field_f933a95\"><div class=\"elementor-g-recaptcha\" data-sitekey=\"6LfHttcsAAAAALLdpBUDHFeHPiad7ZPjtvaoPU3y\" data-type=\"v3\" data-action=\"Form\" data-badge=\"bottomright\" data-size=\"invisible\"><\/div><\/div>\t\t\t\t<\/div>\n\t\t\t\t\t\t\t\t<div class=\"elementor-field-group elementor-column elementor-field-type-submit elementor-col-100 e-form__buttons\">\n\t\t\t\t\t<button class=\"elementor-button elementor-size-md\" type=\"submit\">\n\t\t\t\t\t\t<span class=\"elementor-button-content-wrapper\">\n\t\t\t\t\t\t\t\t\t\t\t\t\t\t\t\t\t\t\t\t\t\t<span class=\"elementor-button-text\">Demo Talebi G\u00f6nder<\/span>\n\t\t\t\t\t\t\t\t\t\t\t\t\t<\/span>\n\t\t\t\t\t<\/button>\n\t\t\t\t<\/div>\n\t\t\t<\/div>\n\t\t<\/form>\n\t\t\t\t\t\t<\/div>\n\t\t\t\t<\/div>\n\t\t\t\t\t<\/div>\n\t\t\t\t<\/div>\n\t\t\t\t\t<\/div>\n\t\t\t\t<\/div>\n\t\t<div class=\"elementor-element elementor-element-undefined-b5d60d8 e-flex e-con-boxed e-con e-parent\" data-id=\"undefined-b5d60d8\" data-element_type=\"container\" data-e-type=\"container\">\n\t\t\t\t\t<div class=\"e-con-inner\">\n\t\t<div class=\"elementor-element elementor-element-undefined-4f55e0a e-con-full e-flex e-con e-child\" data-id=\"undefined-4f55e0a\" data-element_type=\"container\" data-e-type=\"container\">\n\t\t\t\t<div class=\"elementor-element elementor-element-undefined-f4d06a8 elementor-widget elementor-widget-counter\" data-id=\"undefined-f4d06a8\" data-element_type=\"widget\" data-e-type=\"widget\" data-widget_type=\"counter.default\">\n\t\t\t\t\t\t\t<div class=\"elementor-counter\">\n\t\t\t\t\t\t<div class=\"elementor-counter-number-wrapper\">\n\t\t\t\t<span class=\"elementor-counter-number-prefix\"><\/span>\n\t\t\t\t<span class=\"elementor-counter-number\" data-duration=\"2000\" data-to-value=\"12\" data-from-value=\"0\" data-delimiter=\",\">0<\/span>\n\t\t\t\t<span class=\"elementor-counter-number-suffix\">k<\/span>\n\t\t\t<\/div>\n\t\t<\/div>\n\t\t\t\t\t\t<\/div>\n\t\t\t\t<div class=\"elementor-element elementor-element-undefined-bc42101 elementor-widget elementor-widget-image-box\" data-id=\"undefined-bc42101\" data-element_type=\"widget\" data-e-type=\"widget\" data-widget_type=\"image-box.default\">\n\t\t\t\t\t<div class=\"elementor-image-box-wrapper\"><div class=\"elementor-image-box-content\"><h4 class=\"elementor-image-box-title\">Demo Talep Edin<\/h4><p class=\"elementor-image-box-description\">Demonuzu bizimle planlamak i\u00e7in a\u015fa\u011f\u0131daki formu doldurun.<\/p><\/div><\/div>\t\t\t\t<\/div>\n\t\t\t\t<\/div>\n\t\t<div class=\"elementor-element elementor-element-undefined-8614038 e-con-full e-flex e-con e-child\" data-id=\"undefined-8614038\" data-element_type=\"container\" data-e-type=\"container\">\n\t\t\t\t<div class=\"elementor-element elementor-element-undefined-32b3c75 elementor-widget elementor-widget-counter\" data-id=\"undefined-32b3c75\" data-element_type=\"widget\" data-e-type=\"widget\" data-widget_type=\"counter.default\">\n\t\t\t\t\t\t\t<div class=\"elementor-counter\">\n\t\t\t\t\t\t<div class=\"elementor-counter-number-wrapper\">\n\t\t\t\t<span class=\"elementor-counter-number-prefix\"><\/span>\n\t\t\t\t<span class=\"elementor-counter-number\" data-duration=\"2000\" data-to-value=\"2.5\" data-from-value=\"0\" data-delimiter=\",\">0<\/span>\n\t\t\t\t<span class=\"elementor-counter-number-suffix\">k<\/span>\n\t\t\t<\/div>\n\t\t<\/div>\n\t\t\t\t\t\t<\/div>\n\t\t\t\t<div class=\"elementor-element elementor-element-undefined-42eedd3 elementor-widget elementor-widget-image-box\" data-id=\"undefined-42eedd3\" data-element_type=\"widget\" data-e-type=\"widget\" data-widget_type=\"image-box.default\">\n\t\t\t\t\t<div class=\"elementor-image-box-wrapper\"><div class=\"elementor-image-box-content\"><h4 class=\"elementor-image-box-title\">Bir Tarih Se\u00e7in<\/h4><p class=\"elementor-image-box-description\">Takvimimizden sizin i\u00e7in uygun olan bir tarih se\u00e7in.<\/p><\/div><\/div>\t\t\t\t<\/div>\n\t\t\t\t<\/div>\n\t\t<div class=\"elementor-element elementor-element-undefined-69497c3 e-con-full e-flex e-con e-child\" data-id=\"undefined-69497c3\" data-element_type=\"container\" data-e-type=\"container\">\n\t\t\t\t<div class=\"elementor-element elementor-element-undefined-2da0c5f elementor-widget elementor-widget-counter\" data-id=\"undefined-2da0c5f\" data-element_type=\"widget\" data-e-type=\"widget\" data-widget_type=\"counter.default\">\n\t\t\t\t\t\t\t<div class=\"elementor-counter\">\n\t\t\t\t\t\t<div class=\"elementor-counter-number-wrapper\">\n\t\t\t\t<span class=\"elementor-counter-number-prefix\"><\/span>\n\t\t\t\t<span class=\"elementor-counter-number\" data-duration=\"2000\" data-to-value=\"400\" data-from-value=\"0\" data-delimiter=\",\">0<\/span>\n\t\t\t\t<span class=\"elementor-counter-number-suffix\"><\/span>\n\t\t\t<\/div>\n\t\t<\/div>\n\t\t\t\t\t\t<\/div>\n\t\t\t\t<div class=\"elementor-element elementor-element-undefined-8adcf26 elementor-widget elementor-widget-image-box\" data-id=\"undefined-8adcf26\" data-element_type=\"widget\" data-e-type=\"widget\" data-widget_type=\"image-box.default\">\n\t\t\t\t\t<div class=\"elementor-image-box-wrapper\"><div class=\"elementor-image-box-content\"><h4 class=\"elementor-image-box-title\">Kat\u0131l\u0131mc\u0131 Say\u0131s\u0131<\/h4><p class=\"elementor-image-box-description\">Demoya ka\u00e7 ki\u015finin kat\u0131laca\u011f\u0131n\u0131 bize bildirin.<\/p><\/div><\/div>\t\t\t\t<\/div>\n\t\t\t\t<\/div>\n\t\t\t\t\t<\/div>\n\t\t\t\t<\/div>\n\t\t\t\t<\/div>\n\t\t","protected":false},"excerpt":{"rendered":"<p>Demo Talep Edin Sorular\u0131n\u0131za yard\u0131mc\u0131 olmak i\u00e7in buraday\u0131z. A\u015fa\u011f\u0131daki formu doldurun, k\u0131sa s\u00fcre i\u00e7inde size geri d\u00f6nece\u011fiz. 0 k Demo Talep Edin Demonuzu bizimle planlamak i\u00e7in a\u015fa\u011f\u0131daki formu doldurun. 0 k Bir Tarih Se\u00e7in Takvimimizden sizin i\u00e7in uygun olan bir tarih se\u00e7in. 0 Kat\u0131l\u0131mc\u0131 Say\u0131s\u0131 Demoya ka\u00e7 ki\u015finin kat\u0131laca\u011f\u0131n\u0131 bize bildirin.<\/p>\n","protected":false},"author":1,"featured_media":0,"parent":0,"menu_order":0,"comment_status":"closed","ping_status":"closed","template":"elementor_header_footer","meta":{"footnotes":""},"class_list":["post-3359","page","type-page","status-publish","hentry"],"yoast_head":"<!-- This site is optimized with the Yoast SEO Premium plugin v27.5 (Yoast SEO v27.5) - https:\/\/yoast.com\/product\/yoast-seo-premium-wordpress\/ -->\n<title>Demo \u0130ste - Syncbuilder<\/title>\n<meta name=\"robots\" content=\"noindex, follow, max-snippet:-1, max-image-preview:large, max-video-preview:-1\" \/>\n<meta property=\"og:locale\" content=\"tr_TR\" \/>\n<meta property=\"og:type\" content=\"article\" \/>\n<meta property=\"og:title\" content=\"Demo \u0130ste\" \/>\n<meta property=\"og:description\" content=\"Demo Talep Edin Sorular\u0131n\u0131za yard\u0131mc\u0131 olmak i\u00e7in buraday\u0131z. A\u015fa\u011f\u0131daki formu doldurun, k\u0131sa s\u00fcre i\u00e7inde size geri d\u00f6nece\u011fiz. 0 k Demo Talep Edin Demonuzu bizimle planlamak i\u00e7in a\u015fa\u011f\u0131daki formu doldurun. 0 k Bir Tarih Se\u00e7in Takvimimizden sizin i\u00e7in uygun olan bir tarih se\u00e7in. 0 Kat\u0131l\u0131mc\u0131 Say\u0131s\u0131 Demoya ka\u00e7 ki\u015finin kat\u0131laca\u011f\u0131n\u0131 bize bildirin.\" \/>\n<meta property=\"og:url\" content=\"https:\/\/sbx.syncbuilder.com\/tr\/demo-iste\/\" \/>\n<meta property=\"og:site_name\" content=\"Syncbuilder\" \/>\n<meta property=\"article:modified_time\" content=\"2026-05-07T07:57:07+00:00\" \/>\n<meta name=\"twitter:card\" content=\"summary_large_image\" \/>\n<script type=\"application\/ld+json\" class=\"yoast-schema-graph\">{\"@context\":\"https:\\\/\\\/schema.org\",\"@graph\":[{\"@type\":\"WebPage\",\"@id\":\"https:\\\/\\\/sbx.syncbuilder.com\\\/tr\\\/demo-iste\\\/\",\"url\":\"https:\\\/\\\/sbx.syncbuilder.com\\\/tr\\\/demo-iste\\\/\",\"name\":\"Demo \u0130ste - Syncbuilder\",\"isPartOf\":{\"@id\":\"https:\\\/\\\/sbx.syncbuilder.com\\\/tr\\\/#website\"},\"datePublished\":\"2026-01-21T12:02:50+00:00\",\"dateModified\":\"2026-05-07T07:57:07+00:00\",\"breadcrumb\":{\"@id\":\"https:\\\/\\\/sbx.syncbuilder.com\\\/tr\\\/demo-iste\\\/#breadcrumb\"},\"inLanguage\":\"tr\",\"potentialAction\":[{\"@type\":\"ReadAction\",\"target\":[\"https:\\\/\\\/sbx.syncbuilder.com\\\/tr\\\/demo-iste\\\/\"]}]},{\"@type\":\"BreadcrumbList\",\"@id\":\"https:\\\/\\\/sbx.syncbuilder.com\\\/tr\\\/demo-iste\\\/#breadcrumb\",\"itemListElement\":[{\"@type\":\"ListItem\",\"position\":1,\"name\":\"Home\",\"item\":\"https:\\\/\\\/sbx.syncbuilder.com\\\/tr\\\/ev\\\/\"},{\"@type\":\"ListItem\",\"position\":2,\"name\":\"Demo \u0130ste\"}]},{\"@type\":\"WebSite\",\"@id\":\"https:\\\/\\\/sbx.syncbuilder.com\\\/tr\\\/#website\",\"url\":\"https:\\\/\\\/sbx.syncbuilder.com\\\/tr\\\/\",\"name\":\"Syncbuilder\",\"description\":\"\",\"publisher\":{\"@id\":\"https:\\\/\\\/sbx.syncbuilder.com\\\/tr\\\/#organization\"},\"potentialAction\":[{\"@type\":\"SearchAction\",\"target\":{\"@type\":\"EntryPoint\",\"urlTemplate\":\"https:\\\/\\\/sbx.syncbuilder.com\\\/tr\\\/?s={search_term_string}\"},\"query-input\":{\"@type\":\"PropertyValueSpecification\",\"valueRequired\":true,\"valueName\":\"search_term_string\"}}],\"inLanguage\":\"tr\"},{\"@type\":[\"Organization\",\"Place\"],\"@id\":\"https:\\\/\\\/sbx.syncbuilder.com\\\/tr\\\/#organization\",\"name\":\"Syncbuilder\",\"url\":\"https:\\\/\\\/sbx.syncbuilder.com\\\/tr\\\/\",\"logo\":{\"@id\":\"https:\\\/\\\/sbx.syncbuilder.com\\\/tr\\\/demo-iste\\\/#local-main-organization-logo\"},\"image\":{\"@id\":\"https:\\\/\\\/sbx.syncbuilder.com\\\/tr\\\/demo-iste\\\/#local-main-organization-logo\"},\"telephone\":[],\"openingHoursSpecification\":[{\"@type\":\"OpeningHoursSpecification\",\"dayOfWeek\":[\"Monday\",\"Tuesday\",\"Wednesday\",\"Thursday\",\"Friday\",\"Saturday\",\"Sunday\"],\"opens\":\"09:00\",\"closes\":\"17:00\"}]},{\"@type\":\"ImageObject\",\"inLanguage\":\"tr\",\"@id\":\"https:\\\/\\\/sbx.syncbuilder.com\\\/tr\\\/demo-iste\\\/#local-main-organization-logo\",\"url\":\"https:\\\/\\\/sbx.syncbuilder.com\\\/wp-content\\\/uploads\\\/2025\\\/11\\\/syncbuilder_transparent.webp\",\"contentUrl\":\"https:\\\/\\\/sbx.syncbuilder.com\\\/wp-content\\\/uploads\\\/2025\\\/11\\\/syncbuilder_transparent.webp\",\"width\":1670,\"height\":175,\"caption\":\"Syncbuilder\"}]}<\/script>\n<!-- \/ Yoast SEO Premium plugin. -->","yoast_head_json":{"title":"Demo \u0130ste - Syncbuilder","robots":{"index":"noindex","follow":"follow","max-snippet":"max-snippet:-1","max-image-preview":"max-image-preview:large","max-video-preview":"max-video-preview:-1"},"og_locale":"tr_TR","og_type":"article","og_title":"Demo \u0130ste","og_description":"Demo Talep Edin Sorular\u0131n\u0131za yard\u0131mc\u0131 olmak i\u00e7in buraday\u0131z. A\u015fa\u011f\u0131daki formu doldurun, k\u0131sa s\u00fcre i\u00e7inde size geri d\u00f6nece\u011fiz. 0 k Demo Talep Edin Demonuzu bizimle planlamak i\u00e7in a\u015fa\u011f\u0131daki formu doldurun. 0 k Bir Tarih Se\u00e7in Takvimimizden sizin i\u00e7in uygun olan bir tarih se\u00e7in. 0 Kat\u0131l\u0131mc\u0131 Say\u0131s\u0131 Demoya ka\u00e7 ki\u015finin kat\u0131laca\u011f\u0131n\u0131 bize bildirin.","og_url":"https:\/\/sbx.syncbuilder.com\/tr\/demo-iste\/","og_site_name":"Syncbuilder","article_modified_time":"2026-05-07T07:57:07+00:00","twitter_card":"summary_large_image","schema":{"@context":"https:\/\/schema.org","@graph":[{"@type":"WebPage","@id":"https:\/\/sbx.syncbuilder.com\/tr\/demo-iste\/","url":"https:\/\/sbx.syncbuilder.com\/tr\/demo-iste\/","name":"Demo \u0130ste - Syncbuilder","isPartOf":{"@id":"https:\/\/sbx.syncbuilder.com\/tr\/#website"},"datePublished":"2026-01-21T12:02:50+00:00","dateModified":"2026-05-07T07:57:07+00:00","breadcrumb":{"@id":"https:\/\/sbx.syncbuilder.com\/tr\/demo-iste\/#breadcrumb"},"inLanguage":"tr","potentialAction":[{"@type":"ReadAction","target":["https:\/\/sbx.syncbuilder.com\/tr\/demo-iste\/"]}]},{"@type":"BreadcrumbList","@id":"https:\/\/sbx.syncbuilder.com\/tr\/demo-iste\/#breadcrumb","itemListElement":[{"@type":"ListItem","position":1,"name":"Home","item":"https:\/\/sbx.syncbuilder.com\/tr\/ev\/"},{"@type":"ListItem","position":2,"name":"Demo \u0130ste"}]},{"@type":"WebSite","@id":"https:\/\/sbx.syncbuilder.com\/tr\/#website","url":"https:\/\/sbx.syncbuilder.com\/tr\/","name":"Syncbuilder","description":"","publisher":{"@id":"https:\/\/sbx.syncbuilder.com\/tr\/#organization"},"potentialAction":[{"@type":"SearchAction","target":{"@type":"EntryPoint","urlTemplate":"https:\/\/sbx.syncbuilder.com\/tr\/?s={search_term_string}"},"query-input":{"@type":"PropertyValueSpecification","valueRequired":true,"valueName":"search_term_string"}}],"inLanguage":"tr"},{"@type":["Organization","Place"],"@id":"https:\/\/sbx.syncbuilder.com\/tr\/#organization","name":"Syncbuilder","url":"https:\/\/sbx.syncbuilder.com\/tr\/","logo":{"@id":"https:\/\/sbx.syncbuilder.com\/tr\/demo-iste\/#local-main-organization-logo"},"image":{"@id":"https:\/\/sbx.syncbuilder.com\/tr\/demo-iste\/#local-main-organization-logo"},"telephone":[],"openingHoursSpecification":[{"@type":"OpeningHoursSpecification","dayOfWeek":["Monday","Tuesday","Wednesday","Thursday","Friday","Saturday","Sunday"],"opens":"09:00","closes":"17:00"}]},{"@type":"ImageObject","inLanguage":"tr","@id":"https:\/\/sbx.syncbuilder.com\/tr\/demo-iste\/#local-main-organization-logo","url":"https:\/\/sbx.syncbuilder.com\/wp-content\/uploads\/2025\/11\/syncbuilder_transparent.webp","contentUrl":"https:\/\/sbx.syncbuilder.com\/wp-content\/uploads\/2025\/11\/syncbuilder_transparent.webp","width":1670,"height":175,"caption":"Syncbuilder"}]}},"_links":{"self":[{"href":"https:\/\/sbx.syncbuilder.com\/tr\/wp-json\/wp\/v2\/pages\/3359","targetHints":{"allow":["GET"]}}],"collection":[{"href":"https:\/\/sbx.syncbuilder.com\/tr\/wp-json\/wp\/v2\/pages"}],"about":[{"href":"https:\/\/sbx.syncbuilder.com\/tr\/wp-json\/wp\/v2\/types\/page"}],"author":[{"embeddable":true,"href":"https:\/\/sbx.syncbuilder.com\/tr\/wp-json\/wp\/v2\/users\/1"}],"replies":[{"embeddable":true,"href":"https:\/\/sbx.syncbuilder.com\/tr\/wp-json\/wp\/v2\/comments?post=3359"}],"version-history":[{"count":1,"href":"https:\/\/sbx.syncbuilder.com\/tr\/wp-json\/wp\/v2\/pages\/3359\/revisions"}],"predecessor-version":[{"id":3360,"href":"https:\/\/sbx.syncbuilder.com\/tr\/wp-json\/wp\/v2\/pages\/3359\/revisions\/3360"}],"wp:attachment":[{"href":"https:\/\/sbx.syncbuilder.com\/tr\/wp-json\/wp\/v2\/media?parent=3359"}],"curies":[{"name":"wp","href":"https:\/\/api.w.org\/{rel}","templated":true}]}}