{"id":3184,"date":"2026-01-29T20:49:06","date_gmt":"2026-01-29T20:49:06","guid":{"rendered":"https:\/\/syncbuilder.com\/sirketimiz\/"},"modified":"2026-05-06T15:13:07","modified_gmt":"2026-05-06T15:13:07","slug":"sirketimiz","status":"publish","type":"page","link":"https:\/\/sbx.syncbuilder.com\/tr\/sirketimiz\/","title":{"rendered":"\u015eirketimiz"},"content":{"rendered":"\t\t<div data-elementor-type=\"wp-page\" data-elementor-id=\"3184\" class=\"elementor elementor-3184 elementor-1279\" data-elementor-post-type=\"page\">\n\t\t\t\t<div class=\"elementor-element elementor-element-a02d27a e-flex e-con-boxed e-con e-parent\" data-id=\"a02d27a\" data-element_type=\"container\" data-e-type=\"container\" data-settings=\"{&quot;background_background&quot;:&quot;classic&quot;,&quot;shape_divider_bottom&quot;:&quot;waves&quot;,&quot;shape_divider_top&quot;:&quot;waves&quot;,&quot;shape_divider_top_negative&quot;:&quot;yes&quot;}\">\n\t\t\t\t\t<div class=\"e-con-inner\">\n\t\t\t\t<div class=\"elementor-shape elementor-shape-top\" aria-hidden=\"true\" data-negative=\"true\">\n\t\t\t<svg xmlns=\"http:\/\/www.w3.org\/2000\/svg\" viewBox=\"0 0 1000 100\" preserveAspectRatio=\"none\">\n\t<path class=\"elementor-shape-fill\" d=\"M790.5,93.1c-59.3-5.3-116.8-18-192.6-50c-29.6-12.7-76.9-31-100.5-35.9c-23.6-4.9-52.6-7.8-75.5-5.3\n\tc-10.2,1.1-22.6,1.4-50.1,7.4c-27.2,6.3-58.2,16.6-79.4,24.7c-41.3,15.9-94.9,21.9-134,22.6C72,58.2,0,25.8,0,25.8V100h1000V65.3\n\tc0,0-51.5,19.4-106.2,25.7C839.5,97,814.1,95.2,790.5,93.1z\"\/>\n<\/svg>\t\t<\/div>\n\t\t\t\t<div class=\"elementor-shape elementor-shape-bottom\" aria-hidden=\"true\" data-negative=\"false\">\n\t\t\t<svg xmlns=\"http:\/\/www.w3.org\/2000\/svg\" viewBox=\"0 0 1000 100\" preserveAspectRatio=\"none\">\n\t<path class=\"elementor-shape-fill\" d=\"M421.9,6.5c22.6-2.5,51.5,0.4,75.5,5.3c23.6,4.9,70.9,23.5,100.5,35.7c75.8,32.2,133.7,44.5,192.6,49.7\n\tc23.6,2.1,48.7,3.5,103.4-2.5c54.7-6,106.2-25.6,106.2-25.6V0H0v30.3c0,0,72,32.6,158.4,30.5c39.2-0.7,92.8-6.7,134-22.4\n\tc21.2-8.1,52.2-18.2,79.7-24.2C399.3,7.9,411.6,7.5,421.9,6.5z\"\/>\n<\/svg>\t\t<\/div>\n\t\t\t\t<div class=\"elementor-element elementor-element-0ea164c elementor-widget elementor-widget-flex-hero\" data-id=\"0ea164c\" data-element_type=\"widget\" data-e-type=\"widget\" data-settings=\"{&quot;layout_preset&quot;:&quot;showcase&quot;,&quot;layout_column_structure&quot;:&quot;50-50&quot;,&quot;primary_button_shape&quot;:&quot;default&quot;,&quot;image_shape&quot;:&quot;sharp&quot;,&quot;box_shape&quot;:&quot;sharp&quot;}\" data-widget_type=\"flex-hero.default\">\n\t\t\t\t<div class=\"elementor-widget-container\">\n\t\t\t\t\t\t\t<div class=\"has-shape-sharp shape-type-box has-column-structure-50-50  ehp-flex-hero has-layout-preset-showcase\">\n\t\t\t\t\t\t<div class=\"ehp-flex-hero__overlay\"><\/div>\n\t\t\t<div class=\"ehp-flex-hero__content-container\">\n\t\t\t\t<p class=\"ehp-flex-hero__intro\">T\u00fcm fonksiyonlar a\u00e7\u0131klanm\u0131\u015ft\u0131r<\/p><h1 class=\"ehp-flex-hero__heading\">\u015eirketimiz<\/h1><p class=\"ehp-flex-hero__subheading\">SyncBuilder'da, harika dijital deneyimler olu\u015fturman\u0131n par\u00e7alanm\u0131\u015f de\u011fil, sorunsuz hissettirmesi gerekti\u011fine inan\u0131yoruz. Misyonumuz basit: \u0130\u015fletmelerin, ekiplerin ve yarat\u0131c\u0131lar\u0131n fikirlerini ak\u0131ll\u0131, \u00f6l\u00e7eklenebilir ve senkronize \u00e7\u00f6z\u00fcmlerle hayata ge\u00e7irmelerine yard\u0131mc\u0131 olmak. \n<br><br>\u00d6z\u00fcm\u00fczde SyncBuilder, sistemler, insanlar ve fikirler aras\u0131nda senkronizasyonla ilgilidir. \u00c7\u00fcnk\u00fc her \u015fey birlikte \u00e7al\u0131\u015ft\u0131\u011f\u0131nda, ilerleme zahmetsiz hale gelir. \n<\/p>\t\t\t<div class=\"ehp-flex-hero__ctas-container\">\n\t\t\t\t\t\t\t\t\t\t\t<\/div>\n\t\t\t\t\t<\/div>\n\t\t\t\t<div class=\"ehp-flex-hero__image-wrapper\">\n\t\t\t\t\t<div class=\"ehp-image ehp-flex-hero__image-container\">\n\t\t\t\t<img decoding=\"async\" class=\"ehp-image__img ehp-flex-hero__img has-shape-sharp shape-type-image\" src=\"https:\/\/sbx.syncbuilder.com\/wp-content\/uploads\/2025\/11\/syncbuilder_logo_final.webp\" title=\"syncbuilder_logo_final\" alt=\"syncbuilder_logo_final\" loading=\"lazy\" \/>\t\t\t<\/div>\n\t\t\t\t\t<\/div>\n\t\t\t\t<\/div>\n\t\t\t\t\t\t<\/div>\n\t\t\t\t<\/div>\n\t\t\t\t\t<\/div>\n\t\t\t\t<\/div>\n\t\t<div class=\"elementor-element elementor-element-3478e97 e-flex e-con-boxed e-con e-parent\" data-id=\"3478e97\" data-element_type=\"container\" data-e-type=\"container\">\n\t\t\t\t\t<div class=\"e-con-inner\">\n\t\t<div class=\"elementor-element elementor-element-ca9acc5 e-grid e-con-boxed e-con e-child\" data-id=\"ca9acc5\" data-element_type=\"container\" data-e-type=\"container\">\n\t\t\t\t\t<div class=\"e-con-inner\">\n\t\t\t\t<div class=\"elementor-element elementor-element-aaf61b1 elementor-view-framed elementor-shape-circle elementor-position-block-start elementor-mobile-position-block-start elementor-widget elementor-widget-icon-box\" data-id=\"aaf61b1\" data-element_type=\"widget\" data-e-type=\"widget\" data-widget_type=\"icon-box.default\">\n\t\t\t\t\t\t\t<div class=\"elementor-icon-box-wrapper\">\n\n\t\t\t\t\t\t<div class=\"elementor-icon-box-icon\">\n\t\t\t\t<span  class=\"elementor-icon\">\n\t\t\t\t<svg aria-hidden=\"true\" class=\"e-font-icon-svg e-fab-connectdevelop\" viewBox=\"0 0 576 512\" xmlns=\"http:\/\/www.w3.org\/2000\/svg\"><path d=\"M550.5 241l-50.089-86.786c1.071-2.142 1.875-4.553 1.875-7.232 0-8.036-6.696-14.733-14.732-15.001l-55.447-95.893c.536-1.607 1.071-3.214 1.071-4.821 0-8.571-6.964-15.268-15.268-15.268-4.821 0-8.839 2.143-11.786 5.625H299.518C296.839 18.143 292.821 16 288 16s-8.839 2.143-11.518 5.625H170.411C167.464 18.143 163.447 16 158.625 16c-8.303 0-15.268 6.696-15.268 15.268 0 1.607.536 3.482 1.072 4.821l-55.983 97.233c-5.356 2.41-9.107 7.5-9.107 13.661 0 .535.268 1.071.268 1.607l-53.304 92.143c-7.232 1.339-12.59 7.5-12.59 15 0 7.232 5.089 13.393 12.054 15l55.179 95.358c-.536 1.607-.804 2.946-.804 4.821 0 7.232 5.089 13.393 12.054 14.732l51.697 89.732c-.536 1.607-1.071 3.482-1.071 5.357 0 8.571 6.964 15.268 15.268 15.268 4.821 0 8.839-2.143 11.518-5.357h106.875C279.161 493.857 283.447 496 288 496s8.839-2.143 11.518-5.357h107.143c2.678 2.946 6.696 4.821 10.982 4.821 8.571 0 15.268-6.964 15.268-15.268 0-1.607-.267-2.946-.803-4.285l51.697-90.268c6.964-1.339 12.054-7.5 12.054-14.732 0-1.607-.268-3.214-.804-4.821l54.911-95.358c6.964-1.339 12.322-7.5 12.322-15-.002-7.232-5.092-13.393-11.788-14.732zM153.535 450.732l-43.66-75.803h43.66v75.803zm0-83.839h-43.66c-.268-1.071-.804-2.142-1.339-3.214l44.999-47.41v50.624zm0-62.411l-50.357 53.304c-1.339-.536-2.679-1.34-4.018-1.607L43.447 259.75c.535-1.339.535-2.679.535-4.018s0-2.41-.268-3.482l51.965-90c2.679-.268 5.357-1.072 7.768-2.679l50.089 51.965v92.946zm0-102.322l-45.803-47.41c1.339-2.143 2.143-4.821 2.143-7.767 0-.268-.268-.804-.268-1.072l43.928-15.804v72.053zm0-80.625l-43.66 15.804 43.66-75.536v59.732zm326.519 39.108l.804 1.339L445.5 329.125l-63.75-67.232 98.036-101.518.268.268zM291.75 355.107l11.518 11.786H280.5l11.25-11.786zm-.268-11.25l-83.303-85.446 79.553-84.375 83.036 87.589-79.286 82.232zm5.357 5.893l79.286-82.232 67.5 71.25-5.892 28.125H313.714l-16.875-17.143zM410.411 44.393c1.071.536 2.142 1.072 3.482 1.34l57.857 100.714v.536c0 2.946.803 5.624 2.143 7.767L376.393 256l-83.035-87.589L410.411 44.393zm-9.107-2.143L287.732 162.518l-57.054-60.268 166.339-60h4.287zm-123.483 0c2.678 2.678 6.16 4.285 10.179 4.285s7.5-1.607 10.179-4.285h75L224.786 95.821 173.893 42.25h103.928zm-116.249 5.625l1.071-2.142a33.834 33.834 0 0 0 2.679-.804l51.161 53.84-54.911 19.821V47.875zm0 79.286l60.803-21.964 59.732 63.214-79.553 84.107-40.982-42.053v-83.304zm0 92.678L198 257.607l-36.428 38.304v-76.072zm0 87.858l42.053-44.464 82.768 85.982-17.143 17.678H161.572v-59.196zm6.964 162.053c-1.607-1.607-3.482-2.678-5.893-3.482l-1.071-1.607v-89.732h99.91l-91.607 94.821h-1.339zm129.911 0c-2.679-2.41-6.428-4.285-10.447-4.285s-7.767 1.875-10.447 4.285h-96.429l91.607-94.821h38.304l91.607 94.821H298.447zm120-11.786l-4.286 7.5c-1.339.268-2.41.803-3.482 1.339l-89.196-91.875h114.376l-17.412 83.036zm12.856-22.232l12.858-60.803h21.964l-34.822 60.803zm34.822-68.839h-20.357l4.553-21.16 17.143 18.214c-.535.803-1.071 1.874-1.339 2.946zm66.161-107.411l-55.447 96.697c-1.339.535-2.679 1.071-4.018 1.874l-20.625-21.964 34.554-163.928 45.803 79.286c-.267 1.339-.803 2.678-.803 4.285 0 1.339.268 2.411.536 3.75z\"><\/path><\/svg>\t\t\t\t<\/span>\n\t\t\t<\/div>\n\t\t\t\n\t\t\t\t\t\t<div class=\"elementor-icon-box-content\">\n\n\t\t\t\t\t\t\t\t\t<h3 class=\"elementor-icon-box-title\">\n\t\t\t\t\t\t<span  >\n\t\t\t\t\t\t\tNoktalar\u0131 Birle\u015ftirmek\t\t\t\t\t\t<\/span>\n\t\t\t\t\t<\/h3>\n\t\t\t\t\n\t\t\t\t\t\t\t\t\t<p class=\"elementor-icon-box-description\">\n\t\t\t\t\t\tNoktalar\u0131 birle\u015ftirme konusunda uzman\u0131z. \u0130ster sistemleri entegre etmek, ister i\u015f ak\u0131\u015flar\u0131n\u0131 d\u00fczenlemek veya \u00f6zel dijital platformlar geli\u015ftirmek olsun, SyncBuilder i\u015finizin her bile\u015feninin birlikte uyum i\u00e7inde \u00e7al\u0131\u015fmas\u0131n\u0131 sa\u011flar. Teknolojinin s\u00fcrekli geli\u015fti\u011fi bir d\u00fcnyada, karma\u015f\u0131kl\u0131\u011f\u0131 y\u00f6netilebilir ve d\u00f6n\u00fc\u015f\u00fcm\u00fc ba\u015far\u0131labilir hale getiriyoruz.  \t\t\t\t\t<\/p>\n\t\t\t\t\n\t\t\t<\/div>\n\t\t\t\n\t\t<\/div>\n\t\t\t\t\t\t<\/div>\n\t\t\t\t<div class=\"elementor-element elementor-element-d8224df elementor-view-framed elementor-shape-circle elementor-position-block-start elementor-mobile-position-block-start elementor-widget elementor-widget-icon-box\" data-id=\"d8224df\" data-element_type=\"widget\" data-e-type=\"widget\" data-widget_type=\"icon-box.default\">\n\t\t\t\t\t\t\t<div class=\"elementor-icon-box-wrapper\">\n\n\t\t\t\t\t\t<div class=\"elementor-icon-box-icon\">\n\t\t\t\t<span  class=\"elementor-icon\">\n\t\t\t\t<svg aria-hidden=\"true\" class=\"e-font-icon-svg e-fas-rocket\" viewBox=\"0 0 512 512\" xmlns=\"http:\/\/www.w3.org\/2000\/svg\"><path d=\"M505.12019,19.09375c-1.18945-5.53125-6.65819-11-12.207-12.1875C460.716,0,435.507,0,410.40747,0,307.17523,0,245.26909,55.20312,199.05238,128H94.83772c-16.34763.01562-35.55658,11.875-42.88664,26.48438L2.51562,253.29688A28.4,28.4,0,0,0,0,264a24.00867,24.00867,0,0,0,24.00582,24H127.81618l-22.47457,22.46875c-11.36521,11.36133-12.99607,32.25781,0,45.25L156.24582,406.625c11.15623,11.1875,32.15619,13.15625,45.27726,0l22.47457-22.46875V488a24.00867,24.00867,0,0,0,24.00581,24,28.55934,28.55934,0,0,0,10.707-2.51562l98.72834-49.39063c14.62888-7.29687,26.50776-26.5,26.50776-42.85937V312.79688c72.59753-46.3125,128.03493-108.40626,128.03493-211.09376C512.07526,76.5,512.07526,51.29688,505.12019,19.09375ZM384.04033,168A40,40,0,1,1,424.05,128,40.02322,40.02322,0,0,1,384.04033,168Z\"><\/path><\/svg>\t\t\t\t<\/span>\n\t\t\t<\/div>\n\t\t\t\n\t\t\t\t\t\t<div class=\"elementor-icon-box-content\">\n\n\t\t\t\t\t\t\t\t\t<h3 class=\"elementor-icon-box-title\">\n\t\t\t\t\t\t<span  >\n\t\t\t\t\t\t\tnetlik, i\u015fbirli\u011fi ve sonu\u00e7lar\t\t\t\t\t\t<\/span>\n\t\t\t\t\t<\/h3>\n\t\t\t\t\n\t\t\t\t\t\t\t\t\t<p class=\"elementor-icon-box-description\">\n\t\t\t\t\t\tEkibimiz yaz\u0131l\u0131m geli\u015ftirme, otomasyon ve sistem mimarisi alanlar\u0131ndaki uzmanl\u0131\u011f\u0131 bir araya getiriyor. Ancak daha da \u00f6nemlisi, netlik, i\u015fbirli\u011fi ve sonu\u00e7lara odaklanan bir zihniyet getiriyoruz. Biz sadece ara\u00e7lar \u00fcretmiyoruz; hedeflerinizle uyumlu ve i\u015finizle birlikte b\u00fcy\u00fcyen \u00e7\u00f6z\u00fcmler \u00fcretiyoruz.  \t\t\t\t\t<\/p>\n\t\t\t\t\n\t\t\t<\/div>\n\t\t\t\n\t\t<\/div>\n\t\t\t\t\t\t<\/div>\n\t\t\t\t<div class=\"elementor-element elementor-element-ab7643e elementor-view-framed elementor-shape-circle elementor-position-block-start elementor-mobile-position-block-start elementor-widget elementor-widget-icon-box\" data-id=\"ab7643e\" data-element_type=\"widget\" data-e-type=\"widget\" data-widget_type=\"icon-box.default\">\n\t\t\t\t\t\t\t<div class=\"elementor-icon-box-wrapper\">\n\n\t\t\t\t\t\t<div class=\"elementor-icon-box-icon\">\n\t\t\t\t<span  class=\"elementor-icon\">\n\t\t\t\t<svg aria-hidden=\"true\" class=\"e-font-icon-svg e-fas-people-carry\" viewBox=\"0 0 640 512\" xmlns=\"http:\/\/www.w3.org\/2000\/svg\"><path d=\"M128 96c26.5 0 48-21.5 48-48S154.5 0 128 0 80 21.5 80 48s21.5 48 48 48zm384 0c26.5 0 48-21.5 48-48S538.5 0 512 0s-48 21.5-48 48 21.5 48 48 48zm125.7 372.1l-44-110-41.1 46.4-2 18.2 27.7 69.2c5 12.5 17 20.1 29.7 20.1 4 0 8-.7 11.9-2.3 16.4-6.6 24.4-25.2 17.8-41.6zm-34.2-209.8L585 178.1c-4.6-20-18.6-36.8-37.5-44.9-18.5-8-39-6.7-56.1 3.3-22.7 13.4-39.7 34.5-48.1 59.4L432 229.8 416 240v-96c0-8.8-7.2-16-16-16H240c-8.8 0-16 7.2-16 16v96l-16.1-10.2-11.3-33.9c-8.3-25-25.4-46-48.1-59.4-17.2-10-37.6-11.3-56.1-3.3-18.9 8.1-32.9 24.9-37.5 44.9l-18.4 80.2c-4.6 20 .7 41.2 14.4 56.7l67.2 75.9 10.1 92.6C130 499.8 143.8 512 160 512c1.2 0 2.3-.1 3.5-.2 17.6-1.9 30.2-17.7 28.3-35.3l-10.1-92.8c-1.5-13-6.9-25.1-15.6-35l-43.3-49 17.6-70.3 6.8 20.4c4.1 12.5 11.9 23.4 24.5 32.6l51.1 32.5c4.6 2.9 12.1 4.6 17.2 5h160c5.1-.4 12.6-2.1 17.2-5l51.1-32.5c12.6-9.2 20.4-20 24.5-32.6l6.8-20.4 17.6 70.3-43.3 49c-8.7 9.9-14.1 22-15.6 35l-10.1 92.8c-1.9 17.6 10.8 33.4 28.3 35.3 1.2.1 2.3.2 3.5.2 16.1 0 30-12.1 31.8-28.5l10.1-92.6 67.2-75.9c13.6-15.5 19-36.7 14.4-56.7zM46.3 358.1l-44 110c-6.6 16.4 1.4 35 17.8 41.6 16.8 6.6 35.1-1.7 41.6-17.8l27.7-69.2-2-18.2-41.1-46.4z\"><\/path><\/svg>\t\t\t\t<\/span>\n\t\t\t<\/div>\n\t\t\t\n\t\t\t\t\t\t<div class=\"elementor-icon-box-content\">\n\n\t\t\t\t\t\t\t\t\t<h3 class=\"elementor-icon-box-title\">\n\t\t\t\t\t\t<span  >\n\t\t\t\t\t\t\tzorluklar, tasarim ve strateji\u0307ler\t\t\t\t\t\t<\/span>\n\t\t\t\t\t<\/h3>\n\t\t\t\t\n\t\t\t\t\t\t\t\t\t<p class=\"elementor-icon-box-description\">\n\t\t\t\t\t\tSyncBuilder'\u0131 di\u011ferlerinden ay\u0131ran \u015fey hassasiyet ve ortakl\u0131\u011fa olan ba\u011fl\u0131l\u0131\u011f\u0131m\u0131zd\u0131r. Kar\u015f\u0131la\u015ft\u0131\u011f\u0131n\u0131z zorluklar\u0131 anlamak, size \u00f6zel stratejiler tasarlamak ve hem sa\u011flam hem de esnek \u00e7\u00f6z\u00fcmler sunmak i\u00e7in zaman ay\u0131r\u0131yoruz. Startup'lardan k\u00f6kl\u00fc i\u015fletmelere kadar, yolculuklar\u0131n\u0131n her a\u015famas\u0131nda kurulu\u015flar\u0131 destekliyoruz.  \t\t\t\t\t<\/p>\n\t\t\t\t\n\t\t\t<\/div>\n\t\t\t\n\t\t<\/div>\n\t\t\t\t\t\t<\/div>\n\t\t\t\t\t<\/div>\n\t\t\t\t<\/div>\n\t\t\t\t\t<\/div>\n\t\t\t\t<\/div>\n\t\t\t\t<\/div>\n\t\t","protected":false},"excerpt":{"rendered":"<p>T\u00fcm fonksiyonlar a\u00e7\u0131klanm\u0131\u015ft\u0131r \u015eirketimiz SyncBuilder&#8217;da, harika dijital deneyimler olu\u015fturman\u0131n par\u00e7alanm\u0131\u015f de\u011fil, sorunsuz hissettirmesi gerekti\u011fine inan\u0131yoruz. Misyonumuz basit: \u0130\u015fletmelerin, ekiplerin ve yarat\u0131c\u0131lar\u0131n fikirlerini ak\u0131ll\u0131, \u00f6l\u00e7eklenebilir ve senkronize \u00e7\u00f6z\u00fcmlerle hayata ge\u00e7irmelerine yard\u0131mc\u0131 olmak. \u00d6z\u00fcm\u00fczde SyncBuilder, sistemler, insanlar ve fikirler aras\u0131nda senkronizasyonla ilgilidir. \u00c7\u00fcnk\u00fc her \u015fey birlikte \u00e7al\u0131\u015ft\u0131\u011f\u0131nda, ilerleme zahmetsiz hale gelir. Noktalar\u0131 Birle\u015ftirmek Noktalar\u0131 birle\u015ftirme konusunda uzman\u0131z. [&hellip;]<\/p>\n","protected":false},"author":1,"featured_media":0,"parent":0,"menu_order":0,"comment_status":"closed","ping_status":"closed","template":"elementor_header_footer","meta":{"footnotes":""},"class_list":["post-3184","page","type-page","status-publish","hentry"],"yoast_head":"<!-- This site is optimized with the Yoast SEO Premium plugin v27.5 (Yoast SEO v27.5) - https:\/\/yoast.com\/product\/yoast-seo-premium-wordpress\/ -->\n<title>\u015eirketimiz - Syncbuilder<\/title>\n<meta name=\"robots\" content=\"noindex, follow, max-snippet:-1, max-image-preview:large, max-video-preview:-1\" \/>\n<meta property=\"og:locale\" content=\"tr_TR\" \/>\n<meta property=\"og:type\" content=\"article\" \/>\n<meta property=\"og:title\" content=\"\u015eirketimiz\" \/>\n<meta property=\"og:description\" content=\"T\u00fcm fonksiyonlar a\u00e7\u0131klanm\u0131\u015ft\u0131r \u015eirketimiz SyncBuilder&#8217;da, harika dijital deneyimler olu\u015fturman\u0131n par\u00e7alanm\u0131\u015f de\u011fil, sorunsuz hissettirmesi gerekti\u011fine inan\u0131yoruz. Misyonumuz basit: \u0130\u015fletmelerin, ekiplerin ve yarat\u0131c\u0131lar\u0131n fikirlerini ak\u0131ll\u0131, \u00f6l\u00e7eklenebilir ve senkronize \u00e7\u00f6z\u00fcmlerle hayata ge\u00e7irmelerine yard\u0131mc\u0131 olmak. \u00d6z\u00fcm\u00fczde SyncBuilder, sistemler, insanlar ve fikirler aras\u0131nda senkronizasyonla ilgilidir. \u00c7\u00fcnk\u00fc her \u015fey birlikte \u00e7al\u0131\u015ft\u0131\u011f\u0131nda, ilerleme zahmetsiz hale gelir. Noktalar\u0131 Birle\u015ftirmek Noktalar\u0131 birle\u015ftirme konusunda uzman\u0131z. [&hellip;]\" \/>\n<meta property=\"og:url\" content=\"https:\/\/sbx.syncbuilder.com\/tr\/sirketimiz\/\" \/>\n<meta property=\"og:site_name\" content=\"Syncbuilder\" \/>\n<meta property=\"article:modified_time\" content=\"2026-05-06T15:13:07+00:00\" \/>\n<meta property=\"og:image\" content=\"https:\/\/sbx.syncbuilder.com\/wp-content\/uploads\/2025\/11\/syncbuilder_logo_final.webp\" \/>\n<meta name=\"twitter:card\" content=\"summary_large_image\" \/>\n<meta name=\"twitter:label1\" content=\"Tahmini okuma s\u00fcresi\" \/>\n\t<meta name=\"twitter:data1\" content=\"1 dakika\" \/>\n<script type=\"application\/ld+json\" class=\"yoast-schema-graph\">{\"@context\":\"https:\\\/\\\/schema.org\",\"@graph\":[{\"@type\":\"WebPage\",\"@id\":\"https:\\\/\\\/sbx.syncbuilder.com\\\/tr\\\/sirketimiz\\\/\",\"url\":\"https:\\\/\\\/sbx.syncbuilder.com\\\/tr\\\/sirketimiz\\\/\",\"name\":\"\u015eirketimiz - Syncbuilder\",\"isPartOf\":{\"@id\":\"https:\\\/\\\/sbx.syncbuilder.com\\\/tr\\\/#website\"},\"primaryImageOfPage\":{\"@id\":\"https:\\\/\\\/sbx.syncbuilder.com\\\/tr\\\/sirketimiz\\\/#primaryimage\"},\"image\":{\"@id\":\"https:\\\/\\\/sbx.syncbuilder.com\\\/tr\\\/sirketimiz\\\/#primaryimage\"},\"thumbnailUrl\":\"https:\\\/\\\/sbx.syncbuilder.com\\\/wp-content\\\/uploads\\\/2025\\\/11\\\/syncbuilder_logo_final.webp\",\"datePublished\":\"2026-01-29T20:49:06+00:00\",\"dateModified\":\"2026-05-06T15:13:07+00:00\",\"breadcrumb\":{\"@id\":\"https:\\\/\\\/sbx.syncbuilder.com\\\/tr\\\/sirketimiz\\\/#breadcrumb\"},\"inLanguage\":\"tr\",\"potentialAction\":[{\"@type\":\"ReadAction\",\"target\":[\"https:\\\/\\\/sbx.syncbuilder.com\\\/tr\\\/sirketimiz\\\/\"]}]},{\"@type\":\"ImageObject\",\"inLanguage\":\"tr\",\"@id\":\"https:\\\/\\\/sbx.syncbuilder.com\\\/tr\\\/sirketimiz\\\/#primaryimage\",\"url\":\"https:\\\/\\\/sbx.syncbuilder.com\\\/wp-content\\\/uploads\\\/2025\\\/11\\\/syncbuilder_logo_final.webp\",\"contentUrl\":\"https:\\\/\\\/sbx.syncbuilder.com\\\/wp-content\\\/uploads\\\/2025\\\/11\\\/syncbuilder_logo_final.webp\"},{\"@type\":\"BreadcrumbList\",\"@id\":\"https:\\\/\\\/sbx.syncbuilder.com\\\/tr\\\/sirketimiz\\\/#breadcrumb\",\"itemListElement\":[{\"@type\":\"ListItem\",\"position\":1,\"name\":\"Home\",\"item\":\"https:\\\/\\\/sbx.syncbuilder.com\\\/tr\\\/ev\\\/\"},{\"@type\":\"ListItem\",\"position\":2,\"name\":\"\u015eirketimiz\"}]},{\"@type\":\"WebSite\",\"@id\":\"https:\\\/\\\/sbx.syncbuilder.com\\\/tr\\\/#website\",\"url\":\"https:\\\/\\\/sbx.syncbuilder.com\\\/tr\\\/\",\"name\":\"Syncbuilder\",\"description\":\"\",\"publisher\":{\"@id\":\"https:\\\/\\\/sbx.syncbuilder.com\\\/tr\\\/#organization\"},\"potentialAction\":[{\"@type\":\"SearchAction\",\"target\":{\"@type\":\"EntryPoint\",\"urlTemplate\":\"https:\\\/\\\/sbx.syncbuilder.com\\\/tr\\\/?s={search_term_string}\"},\"query-input\":{\"@type\":\"PropertyValueSpecification\",\"valueRequired\":true,\"valueName\":\"search_term_string\"}}],\"inLanguage\":\"tr\"},{\"@type\":[\"Organization\",\"Place\"],\"@id\":\"https:\\\/\\\/sbx.syncbuilder.com\\\/tr\\\/#organization\",\"name\":\"Syncbuilder\",\"url\":\"https:\\\/\\\/sbx.syncbuilder.com\\\/tr\\\/\",\"logo\":{\"@id\":\"https:\\\/\\\/sbx.syncbuilder.com\\\/tr\\\/sirketimiz\\\/#local-main-organization-logo\"},\"image\":{\"@id\":\"https:\\\/\\\/sbx.syncbuilder.com\\\/tr\\\/sirketimiz\\\/#local-main-organization-logo\"},\"telephone\":[],\"openingHoursSpecification\":[{\"@type\":\"OpeningHoursSpecification\",\"dayOfWeek\":[\"Monday\",\"Tuesday\",\"Wednesday\",\"Thursday\",\"Friday\",\"Saturday\",\"Sunday\"],\"opens\":\"09:00\",\"closes\":\"17:00\"}]},{\"@type\":\"ImageObject\",\"inLanguage\":\"tr\",\"@id\":\"https:\\\/\\\/sbx.syncbuilder.com\\\/tr\\\/sirketimiz\\\/#local-main-organization-logo\",\"url\":\"https:\\\/\\\/sbx.syncbuilder.com\\\/wp-content\\\/uploads\\\/2025\\\/11\\\/syncbuilder_transparent.webp\",\"contentUrl\":\"https:\\\/\\\/sbx.syncbuilder.com\\\/wp-content\\\/uploads\\\/2025\\\/11\\\/syncbuilder_transparent.webp\",\"width\":1670,\"height\":175,\"caption\":\"Syncbuilder\"}]}<\/script>\n<!-- \/ Yoast SEO Premium plugin. -->","yoast_head_json":{"title":"\u015eirketimiz - Syncbuilder","robots":{"index":"noindex","follow":"follow","max-snippet":"max-snippet:-1","max-image-preview":"max-image-preview:large","max-video-preview":"max-video-preview:-1"},"og_locale":"tr_TR","og_type":"article","og_title":"\u015eirketimiz","og_description":"T\u00fcm fonksiyonlar a\u00e7\u0131klanm\u0131\u015ft\u0131r \u015eirketimiz SyncBuilder&#8217;da, harika dijital deneyimler olu\u015fturman\u0131n par\u00e7alanm\u0131\u015f de\u011fil, sorunsuz hissettirmesi gerekti\u011fine inan\u0131yoruz. Misyonumuz basit: \u0130\u015fletmelerin, ekiplerin ve yarat\u0131c\u0131lar\u0131n fikirlerini ak\u0131ll\u0131, \u00f6l\u00e7eklenebilir ve senkronize \u00e7\u00f6z\u00fcmlerle hayata ge\u00e7irmelerine yard\u0131mc\u0131 olmak. \u00d6z\u00fcm\u00fczde SyncBuilder, sistemler, insanlar ve fikirler aras\u0131nda senkronizasyonla ilgilidir. \u00c7\u00fcnk\u00fc her \u015fey birlikte \u00e7al\u0131\u015ft\u0131\u011f\u0131nda, ilerleme zahmetsiz hale gelir. Noktalar\u0131 Birle\u015ftirmek Noktalar\u0131 birle\u015ftirme konusunda uzman\u0131z. [&hellip;]","og_url":"https:\/\/sbx.syncbuilder.com\/tr\/sirketimiz\/","og_site_name":"Syncbuilder","article_modified_time":"2026-05-06T15:13:07+00:00","og_image":[{"url":"https:\/\/sbx.syncbuilder.com\/wp-content\/uploads\/2025\/11\/syncbuilder_logo_final.webp","type":"","width":"","height":""}],"twitter_card":"summary_large_image","twitter_misc":{"Tahmini okuma s\u00fcresi":"1 dakika"},"schema":{"@context":"https:\/\/schema.org","@graph":[{"@type":"WebPage","@id":"https:\/\/sbx.syncbuilder.com\/tr\/sirketimiz\/","url":"https:\/\/sbx.syncbuilder.com\/tr\/sirketimiz\/","name":"\u015eirketimiz - Syncbuilder","isPartOf":{"@id":"https:\/\/sbx.syncbuilder.com\/tr\/#website"},"primaryImageOfPage":{"@id":"https:\/\/sbx.syncbuilder.com\/tr\/sirketimiz\/#primaryimage"},"image":{"@id":"https:\/\/sbx.syncbuilder.com\/tr\/sirketimiz\/#primaryimage"},"thumbnailUrl":"https:\/\/sbx.syncbuilder.com\/wp-content\/uploads\/2025\/11\/syncbuilder_logo_final.webp","datePublished":"2026-01-29T20:49:06+00:00","dateModified":"2026-05-06T15:13:07+00:00","breadcrumb":{"@id":"https:\/\/sbx.syncbuilder.com\/tr\/sirketimiz\/#breadcrumb"},"inLanguage":"tr","potentialAction":[{"@type":"ReadAction","target":["https:\/\/sbx.syncbuilder.com\/tr\/sirketimiz\/"]}]},{"@type":"ImageObject","inLanguage":"tr","@id":"https:\/\/sbx.syncbuilder.com\/tr\/sirketimiz\/#primaryimage","url":"https:\/\/sbx.syncbuilder.com\/wp-content\/uploads\/2025\/11\/syncbuilder_logo_final.webp","contentUrl":"https:\/\/sbx.syncbuilder.com\/wp-content\/uploads\/2025\/11\/syncbuilder_logo_final.webp"},{"@type":"BreadcrumbList","@id":"https:\/\/sbx.syncbuilder.com\/tr\/sirketimiz\/#breadcrumb","itemListElement":[{"@type":"ListItem","position":1,"name":"Home","item":"https:\/\/sbx.syncbuilder.com\/tr\/ev\/"},{"@type":"ListItem","position":2,"name":"\u015eirketimiz"}]},{"@type":"WebSite","@id":"https:\/\/sbx.syncbuilder.com\/tr\/#website","url":"https:\/\/sbx.syncbuilder.com\/tr\/","name":"Syncbuilder","description":"","publisher":{"@id":"https:\/\/sbx.syncbuilder.com\/tr\/#organization"},"potentialAction":[{"@type":"SearchAction","target":{"@type":"EntryPoint","urlTemplate":"https:\/\/sbx.syncbuilder.com\/tr\/?s={search_term_string}"},"query-input":{"@type":"PropertyValueSpecification","valueRequired":true,"valueName":"search_term_string"}}],"inLanguage":"tr"},{"@type":["Organization","Place"],"@id":"https:\/\/sbx.syncbuilder.com\/tr\/#organization","name":"Syncbuilder","url":"https:\/\/sbx.syncbuilder.com\/tr\/","logo":{"@id":"https:\/\/sbx.syncbuilder.com\/tr\/sirketimiz\/#local-main-organization-logo"},"image":{"@id":"https:\/\/sbx.syncbuilder.com\/tr\/sirketimiz\/#local-main-organization-logo"},"telephone":[],"openingHoursSpecification":[{"@type":"OpeningHoursSpecification","dayOfWeek":["Monday","Tuesday","Wednesday","Thursday","Friday","Saturday","Sunday"],"opens":"09:00","closes":"17:00"}]},{"@type":"ImageObject","inLanguage":"tr","@id":"https:\/\/sbx.syncbuilder.com\/tr\/sirketimiz\/#local-main-organization-logo","url":"https:\/\/sbx.syncbuilder.com\/wp-content\/uploads\/2025\/11\/syncbuilder_transparent.webp","contentUrl":"https:\/\/sbx.syncbuilder.com\/wp-content\/uploads\/2025\/11\/syncbuilder_transparent.webp","width":1670,"height":175,"caption":"Syncbuilder"}]}},"_links":{"self":[{"href":"https:\/\/sbx.syncbuilder.com\/tr\/wp-json\/wp\/v2\/pages\/3184","targetHints":{"allow":["GET"]}}],"collection":[{"href":"https:\/\/sbx.syncbuilder.com\/tr\/wp-json\/wp\/v2\/pages"}],"about":[{"href":"https:\/\/sbx.syncbuilder.com\/tr\/wp-json\/wp\/v2\/types\/page"}],"author":[{"embeddable":true,"href":"https:\/\/sbx.syncbuilder.com\/tr\/wp-json\/wp\/v2\/users\/1"}],"replies":[{"embeddable":true,"href":"https:\/\/sbx.syncbuilder.com\/tr\/wp-json\/wp\/v2\/comments?post=3184"}],"version-history":[{"count":1,"href":"https:\/\/sbx.syncbuilder.com\/tr\/wp-json\/wp\/v2\/pages\/3184\/revisions"}],"predecessor-version":[{"id":3185,"href":"https:\/\/sbx.syncbuilder.com\/tr\/wp-json\/wp\/v2\/pages\/3184\/revisions\/3185"}],"wp:attachment":[{"href":"https:\/\/sbx.syncbuilder.com\/tr\/wp-json\/wp\/v2\/media?parent=3184"}],"curies":[{"name":"wp","href":"https:\/\/api.w.org\/{rel}","templated":true}]}}