{"id":3171,"date":"2026-04-29T11:30:18","date_gmt":"2026-04-29T11:30:18","guid":{"rendered":"https:\/\/syncbuilder.com\/uzman-servis\/"},"modified":"2026-05-07T11:32:40","modified_gmt":"2026-05-07T11:32:40","slug":"uzman-servis","status":"publish","type":"page","link":"https:\/\/sbx.syncbuilder.com\/tr\/uzman-servis\/","title":{"rendered":"Uzman Servis"},"content":{"rendered":"\t\t<div data-elementor-type=\"wp-page\" data-elementor-id=\"3171\" class=\"elementor elementor-3171 elementor-2140\" data-elementor-post-type=\"page\">\n\t\t\t\t<div class=\"elementor-element elementor-element-11fbc6c e-flex e-con-boxed e-con e-parent\" data-id=\"11fbc6c\" data-element_type=\"container\" data-e-type=\"container\" data-settings=\"{&quot;shape_divider_bottom&quot;:&quot;waves&quot;,&quot;shape_divider_top&quot;:&quot;waves&quot;,&quot;shape_divider_top_negative&quot;:&quot;yes&quot;}\">\n\t\t\t\t\t<div class=\"e-con-inner\">\n\t\t\t\t<div class=\"elementor-shape elementor-shape-top\" aria-hidden=\"true\" data-negative=\"true\">\n\t\t\t<svg xmlns=\"http:\/\/www.w3.org\/2000\/svg\" viewBox=\"0 0 1000 100\" preserveAspectRatio=\"none\">\n\t<path class=\"elementor-shape-fill\" d=\"M790.5,93.1c-59.3-5.3-116.8-18-192.6-50c-29.6-12.7-76.9-31-100.5-35.9c-23.6-4.9-52.6-7.8-75.5-5.3\n\tc-10.2,1.1-22.6,1.4-50.1,7.4c-27.2,6.3-58.2,16.6-79.4,24.7c-41.3,15.9-94.9,21.9-134,22.6C72,58.2,0,25.8,0,25.8V100h1000V65.3\n\tc0,0-51.5,19.4-106.2,25.7C839.5,97,814.1,95.2,790.5,93.1z\"\/>\n<\/svg>\t\t<\/div>\n\t\t\t\t<div class=\"elementor-shape elementor-shape-bottom\" aria-hidden=\"true\" data-negative=\"false\">\n\t\t\t<svg xmlns=\"http:\/\/www.w3.org\/2000\/svg\" viewBox=\"0 0 1000 100\" preserveAspectRatio=\"none\">\n\t<path class=\"elementor-shape-fill\" d=\"M421.9,6.5c22.6-2.5,51.5,0.4,75.5,5.3c23.6,4.9,70.9,23.5,100.5,35.7c75.8,32.2,133.7,44.5,192.6,49.7\n\tc23.6,2.1,48.7,3.5,103.4-2.5c54.7-6,106.2-25.6,106.2-25.6V0H0v30.3c0,0,72,32.6,158.4,30.5c39.2-0.7,92.8-6.7,134-22.4\n\tc21.2-8.1,52.2-18.2,79.7-24.2C399.3,7.9,411.6,7.5,421.9,6.5z\"\/>\n<\/svg>\t\t<\/div>\n\t\t\t\t<div class=\"elementor-element elementor-element-ce75e10 elementor-widget elementor-widget-flex-hero\" data-id=\"ce75e10\" data-element_type=\"widget\" data-e-type=\"widget\" data-settings=\"{&quot;layout_preset&quot;:&quot;showcase&quot;,&quot;layout_column_structure&quot;:&quot;50-50&quot;,&quot;layout_image_position&quot;:&quot;end&quot;,&quot;primary_button_shape&quot;:&quot;default&quot;,&quot;image_shape&quot;:&quot;sharp&quot;,&quot;box_shape&quot;:&quot;sharp&quot;}\" data-widget_type=\"flex-hero.default\">\n\t\t\t\t<div class=\"elementor-widget-container\">\n\t\t\t\t\t\t\t<div class=\"has-shape-sharp shape-type-box has-column-structure-50-50  ehp-flex-hero has-layout-preset-showcase has-image-position-end\">\n\t\t\t\t\t\t<div class=\"ehp-flex-hero__overlay\"><\/div>\n\t\t\t<div class=\"ehp-flex-hero__content-container\">\n\t\t\t\t<p class=\"ehp-flex-hero__intro\">Uzman Servis<\/p><h2 class=\"ehp-flex-hero__heading\">Sa\u011flam g\u00f6rsel, h\u0131zl\u0131 ve basit anahtar kelimelerdir<\/h2><p class=\"ehp-flex-hero__subheading\">S\u00fcr\u00fckle ve b\u0131rak sistemini kullanarak i\u015f ak\u0131\u015flar\u0131n\u0131z\u0131 kolayca olu\u015fturun ve y\u00f6netin. Veya verileri harici kaynaklara ba\u011flamak i\u00e7in y\u00fczlerce ba\u011flay\u0131c\u0131 aras\u0131ndan se\u00e7im yap\u0131n. Veya rol tabanl\u0131 kimlik do\u011frulama ile g\u00fcvenli API'ler olu\u015fturun.  <br> <br>SyncBuilder platformu, ne kadar karma\u015f\u0131k olursa olsun, t\u00fcm bunlar\u0131 kullan\u0131c\u0131 dostu \u00f6zelliklerle sunar.<\/p>\t\t\t<div class=\"ehp-flex-hero__ctas-container\">\n\t\t\t\t\t\t\t\t\t\t\t<\/div>\n\t\t\t\t\t<\/div>\n\t\t\t\t<div class=\"ehp-flex-hero__image-wrapper\">\n\t\t\t\t\t<div class=\"ehp-image ehp-flex-hero__image-container\">\n\t\t\t\t<img decoding=\"async\" class=\"ehp-image__img ehp-flex-hero__img has-shape-sharp shape-type-image\" src=\"https:\/\/sbx.syncbuilder.com\/wp-content\/uploads\/2026\/04\/woman_with_thump_and-logo_syncbuilder-e1777465824276.webp\" title=\"woman_with_thump_and logo_syncbuilder\" alt=\"woman_with_thump_and logo_syncbuilder\" loading=\"lazy\" \/>\t\t\t<\/div>\n\t\t\t\t\t<\/div>\n\t\t\t\t<\/div>\n\t\t\t\t\t\t<\/div>\n\t\t\t\t<\/div>\n\t\t\t\t\t<\/div>\n\t\t\t\t<\/div>\n\t\t<div class=\"elementor-element elementor-element-c8811c3 e-flex e-con-boxed e-con e-parent\" data-id=\"c8811c3\" data-element_type=\"container\" data-e-type=\"container\" data-settings=\"{&quot;background_background&quot;:&quot;classic&quot;}\">\n\t\t\t\t\t<div class=\"e-con-inner\">\n\t\t\t\t<div class=\"elementor-element elementor-element-d15d62e elementor-widget elementor-widget-menu-anchor\" data-id=\"d15d62e\" data-element_type=\"widget\" data-e-type=\"widget\" data-widget_type=\"menu-anchor.default\">\n\t\t\t\t\t\t\t<div class=\"elementor-menu-anchor\" id=\"analysis_advisory\"><\/div>\n\t\t\t\t\t\t<\/div>\n\t\t\t\t<div class=\"elementor-element elementor-element-8962470 elementor-widget elementor-widget-heading\" data-id=\"8962470\" data-element_type=\"widget\" data-e-type=\"widget\" data-widget_type=\"heading.default\">\n\t\t\t\t\t<h2 class=\"elementor-heading-title elementor-size-default\">Analiz ve Dan\u0131\u015fmanl\u0131k<\/h2>\t\t\t\t<\/div>\n\t\t\t\t<div class=\"elementor-element elementor-element-0633e51 elementor-widget__width-initial elementor-widget elementor-widget-text-editor\" data-id=\"0633e51\" data-element_type=\"widget\" data-e-type=\"widget\" data-widget_type=\"text-editor.default\">\n\t\t\t\t\t\t\t\t\t<p>Kurulu\u015flar s\u00fcrekli olarak b\u00fcy\u00fcmelerini, verimliliklerini ve dijital geleceklerini etkileyen kararlarla kar\u015f\u0131 kar\u015f\u0131ya kalmaktad\u0131r. Analiz ve Dan\u0131\u015fmanl\u0131k hizmetlerimiz, net i\u00e7g\u00f6r\u00fcler ve pratik rehberlikle desteklenen bu kararlar\u0131 g\u00fcvenle alman\u0131za yard\u0131mc\u0131 olur. <\/p><p>Derin teknik uzmanl\u0131\u011f\u0131 stratejik d\u00fc\u015f\u00fcnceyle birle\u015ftiriyoruz. Rafta duran uzun raporlar yok &#8211; sadece ilerleyebilece\u011finiz eyleme ge\u00e7irilebilir \u00f6neriler. <\/p>\t\t\t\t\t\t\t\t<\/div>\n\t\t<div class=\"elementor-element elementor-element-b7b6015 e-con-full e-grid e-con e-child\" data-id=\"b7b6015\" data-element_type=\"container\" data-e-type=\"container\">\n\t\t\t\t<div class=\"elementor-element elementor-element-87768b0 elementor-widget__width-initial elementor-widget elementor-widget-text-editor\" data-id=\"87768b0\" data-element_type=\"widget\" data-e-type=\"widget\" data-widget_type=\"text-editor.default\">\n\t\t\t\t\t\t\t\t\t<p> <\/p><h3>Biz ne yap\u0131yoruz<\/h3><ul><li><p><strong>Teknik analiz<\/strong><br>Darbo\u011fazlar\u0131, riskleri ve f\u0131rsatlar\u0131 belirlemek i\u00e7in mevcut sistemlerinizi, mimarinizi ve s\u00fcre\u00e7lerinizi de\u011ferlendiriyoruz.<\/p><\/li><li><p><strong>Mimari ve strateji<\/strong><br>\u0130\u015f hedeflerinizle uyumlu, \u00f6l\u00e7eklenebilir, gelece\u011fe d\u00f6n\u00fck \u00e7\u00f6z\u00fcmler tasarl\u0131yoruz.<\/p><\/li><li><p><strong>Ba\u011f\u0131ms\u0131z dan\u0131\u015fmanl\u0131k<\/strong><br>Gizli g\u00fcndemler olmadan ara\u00e7lar, platformlar ve sat\u0131c\u0131lar hakk\u0131nda objektif rehberlik sa\u011fl\u0131yoruz.<\/p><\/li><li><p><strong>Yol haritalar\u0131 ve karar deste\u011fi<\/strong><br>\u0130\u00e7g\u00f6r\u00fcleri net, eyleme d\u00f6n\u00fc\u015ft\u00fcr\u00fclebilir yol haritalar\u0131na d\u00f6n\u00fc\u015ft\u00fcr\u00fcyoruz, b\u00f6ylece g\u00fcvenle yat\u0131r\u0131m yapabilir ve in\u015fa edebilirsiniz.<\/p><\/li><\/ul>\t\t\t\t\t\t\t\t<\/div>\n\t\t\t\t<div class=\"elementor-element elementor-element-690bc5c elementor-widget__width-initial elementor-widget elementor-widget-text-editor\" data-id=\"690bc5c\" data-element_type=\"widget\" data-e-type=\"widget\" data-widget_type=\"text-editor.default\">\n\t\t\t\t\t\t\t\t\t<h3>Kimin i\u00e7in<\/h3><p>Analiz ve Dan\u0131\u015fmanl\u0131k hizmetlerimiz a\u015fa\u011f\u0131daki kurulu\u015flar i\u00e7in idealdir:<\/p><ul><li><p>Kritik teknik veya dijital kararlarla kar\u015f\u0131 kar\u015f\u0131ya olanlar<\/p><\/li><li><p>BT ortamlar\u0131n\u0131 modernize etmek veya iyile\u015ftirmek isteyenler<\/p><\/li><li><p>Karma\u015f\u0131k zorluklar i\u00e7in ba\u011f\u0131ms\u0131z uzmanl\u0131k ihtiyac\u0131<\/p><\/li><li><p>Maliyet, performans ve \u00f6l\u00e7eklenebilirlik \u00fczerinde daha iyi kontrol sahibi olmak istiyorlar<\/p><\/li><\/ul>\t\t\t\t\t\t\t\t<\/div>\n\t\t\t\t<div class=\"elementor-element elementor-element-516c1e6 elementor-widget__width-initial elementor-widget elementor-widget-text-editor\" data-id=\"516c1e6\" data-element_type=\"widget\" data-e-type=\"widget\" data-widget_type=\"text-editor.default\">\n\t\t\t\t\t\t\t\t\t<h3>Ne elde edersiniz<\/h3><ul><li><p>Mevcut durumunuza ili\u015fkin net i\u00e7g\u00f6r\u00fc<\/p><\/li><li><p>Somut, \u00f6nceliklendirilmi\u015f \u00f6neriler<\/p><\/li><li><p>Sonraki ad\u0131mlar i\u00e7in pratik bir yol haritas\u0131<\/p><\/li><li><p>Hemen harekete ge\u00e7ebilece\u011finiz tavsiyeler<\/p><\/li><\/ul>\t\t\t\t\t\t\t\t<\/div>\n\t\t\t\t<\/div>\n\t\t\t\t\t<\/div>\n\t\t\t\t<\/div>\n\t\t<div class=\"elementor-element elementor-element-02759bb e-flex e-con-boxed e-con e-parent\" data-id=\"02759bb\" data-element_type=\"container\" data-e-type=\"container\" data-settings=\"{&quot;background_background&quot;:&quot;classic&quot;}\">\n\t\t\t\t\t<div class=\"e-con-inner\">\n\t\t\t\t<div class=\"elementor-element elementor-element-d83ecc5 elementor-widget elementor-widget-menu-anchor\" data-id=\"d83ecc5\" data-element_type=\"widget\" data-e-type=\"widget\" data-widget_type=\"menu-anchor.default\">\n\t\t\t\t\t\t\t<div class=\"elementor-menu-anchor\" id=\"integration_workflow_specialists\"><\/div>\n\t\t\t\t\t\t<\/div>\n\t\t\t\t<div class=\"elementor-element elementor-element-9fa7828 elementor-widget elementor-widget-heading\" data-id=\"9fa7828\" data-element_type=\"widget\" data-e-type=\"widget\" data-widget_type=\"heading.default\">\n\t\t\t\t\t<h2 class=\"elementor-heading-title elementor-size-default\">Entegrasyon veya \u0130\u015f Ak\u0131\u015f\u0131 uzmanlar\u0131<\/h2>\t\t\t\t<\/div>\n\t\t\t\t<div class=\"elementor-element elementor-element-0780567 elementor-widget__width-initial elementor-widget elementor-widget-text-editor\" data-id=\"0780567\" data-element_type=\"widget\" data-e-type=\"widget\" data-widget_type=\"text-editor.default\">\n\t\t\t\t\t\t\t\t\t<p>SyncBuilder&#8217;\u0131n hibrit iPaaS modeli, bulutun esnekli\u011fini \u015firket i\u00e7i da\u011f\u0131t\u0131m\u0131n g\u00fcvenli\u011fi ve kontrol\u00fc ile birle\u015ftirir. \u00d6l\u00e7eklenebilir bulut arka ucumuzu kullan\u0131n veya platformu kendi altyap\u0131n\u0131zda \u00e7al\u0131\u015ft\u0131r\u0131n. <\/p>\t\t\t\t\t\t\t\t<\/div>\n\t\t\t\t\t<\/div>\n\t\t\t\t<\/div>\n\t\t<div class=\"elementor-element elementor-element-7352e82 e-flex e-con-boxed e-con e-parent\" data-id=\"7352e82\" data-element_type=\"container\" data-e-type=\"container\" data-settings=\"{&quot;background_background&quot;:&quot;classic&quot;}\">\n\t\t\t\t\t<div class=\"e-con-inner\">\n\t\t\t\t<div class=\"elementor-element elementor-element-f56b0bd elementor-widget elementor-widget-menu-anchor\" data-id=\"f56b0bd\" data-element_type=\"widget\" data-e-type=\"widget\" data-widget_type=\"menu-anchor.default\">\n\t\t\t\t\t\t\t<div class=\"elementor-menu-anchor\" id=\"non_platform_hiring\"><\/div>\n\t\t\t\t\t\t<\/div>\n\t\t\t\t<div class=\"elementor-element elementor-element-c17fac7 elementor-widget elementor-widget-heading\" data-id=\"c17fac7\" data-element_type=\"widget\" data-e-type=\"widget\" data-widget_type=\"heading.default\">\n\t\t\t\t\t<h2 class=\"elementor-heading-title elementor-size-default\">Platform D\u0131\u015f\u0131 veya di\u011fer ilgili uzman i\u015fe al\u0131m\u0131<\/h2>\t\t\t\t<\/div>\n\t\t\t\t<div class=\"elementor-element elementor-element-c6bcae0 elementor-widget__width-initial elementor-widget elementor-widget-text-editor\" data-id=\"c6bcae0\" data-element_type=\"widget\" data-e-type=\"widget\" data-widget_type=\"text-editor.default\">\n\t\t\t\t\t\t\t\t\t<p>SyncBuilder&#8217;\u0131n hibrit iPaaS modeli, bulutun esnekli\u011fini \u015firket i\u00e7i da\u011f\u0131t\u0131m\u0131n g\u00fcvenli\u011fi ve kontrol\u00fc ile birle\u015ftirir. \u00d6l\u00e7eklenebilir bulut arka ucumuzu kullan\u0131n veya platformu kendi altyap\u0131n\u0131zda \u00e7al\u0131\u015ft\u0131r\u0131n. <\/p>\t\t\t\t\t\t\t\t<\/div>\n\t\t\t\t\t<\/div>\n\t\t\t\t<\/div>\n\t\t\t\t<\/div>\n\t\t","protected":false},"excerpt":{"rendered":"<p>Uzman Servis Sa\u011flam g\u00f6rsel, h\u0131zl\u0131 ve basit anahtar kelimelerdir S\u00fcr\u00fckle ve b\u0131rak sistemini kullanarak i\u015f ak\u0131\u015flar\u0131n\u0131z\u0131 kolayca olu\u015fturun ve y\u00f6netin. Veya verileri harici kaynaklara ba\u011flamak i\u00e7in y\u00fczlerce ba\u011flay\u0131c\u0131 aras\u0131ndan se\u00e7im yap\u0131n. Veya rol tabanl\u0131 kimlik do\u011frulama ile g\u00fcvenli API&#8217;ler olu\u015fturun. SyncBuilder platformu, ne kadar karma\u015f\u0131k olursa olsun, t\u00fcm bunlar\u0131 kullan\u0131c\u0131 dostu \u00f6zelliklerle sunar. Analiz ve [&hellip;]<\/p>\n","protected":false},"author":1,"featured_media":0,"parent":0,"menu_order":0,"comment_status":"closed","ping_status":"closed","template":"elementor_header_footer","meta":{"footnotes":""},"class_list":["post-3171","page","type-page","status-publish","hentry"],"yoast_head":"<!-- This site is optimized with the Yoast SEO Premium plugin v27.5 (Yoast SEO v27.5) - https:\/\/yoast.com\/product\/yoast-seo-premium-wordpress\/ -->\n<title>Uzman Servis - Syncbuilder<\/title>\n<meta name=\"robots\" content=\"noindex, follow, max-snippet:-1, max-image-preview:large, max-video-preview:-1\" \/>\n<meta property=\"og:locale\" content=\"tr_TR\" \/>\n<meta property=\"og:type\" content=\"article\" \/>\n<meta property=\"og:title\" content=\"Uzman Servis\" \/>\n<meta property=\"og:description\" content=\"Uzman Servis Sa\u011flam g\u00f6rsel, h\u0131zl\u0131 ve basit anahtar kelimelerdir S\u00fcr\u00fckle ve b\u0131rak sistemini kullanarak i\u015f ak\u0131\u015flar\u0131n\u0131z\u0131 kolayca olu\u015fturun ve y\u00f6netin. Veya verileri harici kaynaklara ba\u011flamak i\u00e7in y\u00fczlerce ba\u011flay\u0131c\u0131 aras\u0131ndan se\u00e7im yap\u0131n. Veya rol tabanl\u0131 kimlik do\u011frulama ile g\u00fcvenli API&#8217;ler olu\u015fturun. SyncBuilder platformu, ne kadar karma\u015f\u0131k olursa olsun, t\u00fcm bunlar\u0131 kullan\u0131c\u0131 dostu \u00f6zelliklerle sunar. Analiz ve [&hellip;]\" \/>\n<meta property=\"og:url\" content=\"https:\/\/sbx.syncbuilder.com\/tr\/uzman-servis\/\" \/>\n<meta property=\"og:site_name\" content=\"Syncbuilder\" \/>\n<meta property=\"article:modified_time\" content=\"2026-05-07T11:32:40+00:00\" \/>\n<meta property=\"og:image\" content=\"https:\/\/sbx.syncbuilder.com\/wp-content\/uploads\/2026\/04\/woman_with_thump_and-logo_syncbuilder-e1777465824276.webp\" \/>\n<meta name=\"twitter:card\" content=\"summary_large_image\" \/>\n<meta name=\"twitter:label1\" content=\"Tahmini okuma s\u00fcresi\" \/>\n\t<meta name=\"twitter:data1\" content=\"2 dakika\" \/>\n<script type=\"application\/ld+json\" class=\"yoast-schema-graph\">{\"@context\":\"https:\\\/\\\/schema.org\",\"@graph\":[{\"@type\":\"WebPage\",\"@id\":\"https:\\\/\\\/sbx.syncbuilder.com\\\/tr\\\/uzman-servis\\\/\",\"url\":\"https:\\\/\\\/sbx.syncbuilder.com\\\/tr\\\/uzman-servis\\\/\",\"name\":\"Uzman Servis - Syncbuilder\",\"isPartOf\":{\"@id\":\"https:\\\/\\\/sbx.syncbuilder.com\\\/tr\\\/#website\"},\"primaryImageOfPage\":{\"@id\":\"https:\\\/\\\/sbx.syncbuilder.com\\\/tr\\\/uzman-servis\\\/#primaryimage\"},\"image\":{\"@id\":\"https:\\\/\\\/sbx.syncbuilder.com\\\/tr\\\/uzman-servis\\\/#primaryimage\"},\"thumbnailUrl\":\"https:\\\/\\\/sbx.syncbuilder.com\\\/wp-content\\\/uploads\\\/2026\\\/04\\\/woman_with_thump_and-logo_syncbuilder-e1777465824276.webp\",\"datePublished\":\"2026-04-29T11:30:18+00:00\",\"dateModified\":\"2026-05-07T11:32:40+00:00\",\"breadcrumb\":{\"@id\":\"https:\\\/\\\/sbx.syncbuilder.com\\\/tr\\\/uzman-servis\\\/#breadcrumb\"},\"inLanguage\":\"tr\",\"potentialAction\":[{\"@type\":\"ReadAction\",\"target\":[\"https:\\\/\\\/sbx.syncbuilder.com\\\/tr\\\/uzman-servis\\\/\"]}]},{\"@type\":\"ImageObject\",\"inLanguage\":\"tr\",\"@id\":\"https:\\\/\\\/sbx.syncbuilder.com\\\/tr\\\/uzman-servis\\\/#primaryimage\",\"url\":\"https:\\\/\\\/sbx.syncbuilder.com\\\/wp-content\\\/uploads\\\/2026\\\/04\\\/woman_with_thump_and-logo_syncbuilder-e1777465824276.webp\",\"contentUrl\":\"https:\\\/\\\/sbx.syncbuilder.com\\\/wp-content\\\/uploads\\\/2026\\\/04\\\/woman_with_thump_and-logo_syncbuilder-e1777465824276.webp\"},{\"@type\":\"BreadcrumbList\",\"@id\":\"https:\\\/\\\/sbx.syncbuilder.com\\\/tr\\\/uzman-servis\\\/#breadcrumb\",\"itemListElement\":[{\"@type\":\"ListItem\",\"position\":1,\"name\":\"Home\",\"item\":\"https:\\\/\\\/sbx.syncbuilder.com\\\/tr\\\/ev\\\/\"},{\"@type\":\"ListItem\",\"position\":2,\"name\":\"Uzman Servis\"}]},{\"@type\":\"WebSite\",\"@id\":\"https:\\\/\\\/sbx.syncbuilder.com\\\/tr\\\/#website\",\"url\":\"https:\\\/\\\/sbx.syncbuilder.com\\\/tr\\\/\",\"name\":\"Syncbuilder\",\"description\":\"\",\"publisher\":{\"@id\":\"https:\\\/\\\/sbx.syncbuilder.com\\\/tr\\\/#organization\"},\"potentialAction\":[{\"@type\":\"SearchAction\",\"target\":{\"@type\":\"EntryPoint\",\"urlTemplate\":\"https:\\\/\\\/sbx.syncbuilder.com\\\/tr\\\/?s={search_term_string}\"},\"query-input\":{\"@type\":\"PropertyValueSpecification\",\"valueRequired\":true,\"valueName\":\"search_term_string\"}}],\"inLanguage\":\"tr\"},{\"@type\":[\"Organization\",\"Place\"],\"@id\":\"https:\\\/\\\/sbx.syncbuilder.com\\\/tr\\\/#organization\",\"name\":\"Syncbuilder\",\"url\":\"https:\\\/\\\/sbx.syncbuilder.com\\\/tr\\\/\",\"logo\":{\"@id\":\"https:\\\/\\\/sbx.syncbuilder.com\\\/tr\\\/uzman-servis\\\/#local-main-organization-logo\"},\"image\":{\"@id\":\"https:\\\/\\\/sbx.syncbuilder.com\\\/tr\\\/uzman-servis\\\/#local-main-organization-logo\"},\"telephone\":[],\"openingHoursSpecification\":[{\"@type\":\"OpeningHoursSpecification\",\"dayOfWeek\":[\"Monday\",\"Tuesday\",\"Wednesday\",\"Thursday\",\"Friday\",\"Saturday\",\"Sunday\"],\"opens\":\"09:00\",\"closes\":\"17:00\"}]},{\"@type\":\"ImageObject\",\"inLanguage\":\"tr\",\"@id\":\"https:\\\/\\\/sbx.syncbuilder.com\\\/tr\\\/uzman-servis\\\/#local-main-organization-logo\",\"url\":\"https:\\\/\\\/sbx.syncbuilder.com\\\/wp-content\\\/uploads\\\/2025\\\/11\\\/syncbuilder_transparent.webp\",\"contentUrl\":\"https:\\\/\\\/sbx.syncbuilder.com\\\/wp-content\\\/uploads\\\/2025\\\/11\\\/syncbuilder_transparent.webp\",\"width\":1670,\"height\":175,\"caption\":\"Syncbuilder\"}]}<\/script>\n<!-- \/ Yoast SEO Premium plugin. -->","yoast_head_json":{"title":"Uzman Servis - Syncbuilder","robots":{"index":"noindex","follow":"follow","max-snippet":"max-snippet:-1","max-image-preview":"max-image-preview:large","max-video-preview":"max-video-preview:-1"},"og_locale":"tr_TR","og_type":"article","og_title":"Uzman Servis","og_description":"Uzman Servis Sa\u011flam g\u00f6rsel, h\u0131zl\u0131 ve basit anahtar kelimelerdir S\u00fcr\u00fckle ve b\u0131rak sistemini kullanarak i\u015f ak\u0131\u015flar\u0131n\u0131z\u0131 kolayca olu\u015fturun ve y\u00f6netin. Veya verileri harici kaynaklara ba\u011flamak i\u00e7in y\u00fczlerce ba\u011flay\u0131c\u0131 aras\u0131ndan se\u00e7im yap\u0131n. Veya rol tabanl\u0131 kimlik do\u011frulama ile g\u00fcvenli API&#8217;ler olu\u015fturun. SyncBuilder platformu, ne kadar karma\u015f\u0131k olursa olsun, t\u00fcm bunlar\u0131 kullan\u0131c\u0131 dostu \u00f6zelliklerle sunar. Analiz ve [&hellip;]","og_url":"https:\/\/sbx.syncbuilder.com\/tr\/uzman-servis\/","og_site_name":"Syncbuilder","article_modified_time":"2026-05-07T11:32:40+00:00","og_image":[{"url":"https:\/\/sbx.syncbuilder.com\/wp-content\/uploads\/2026\/04\/woman_with_thump_and-logo_syncbuilder-e1777465824276.webp","type":"","width":"","height":""}],"twitter_card":"summary_large_image","twitter_misc":{"Tahmini okuma s\u00fcresi":"2 dakika"},"schema":{"@context":"https:\/\/schema.org","@graph":[{"@type":"WebPage","@id":"https:\/\/sbx.syncbuilder.com\/tr\/uzman-servis\/","url":"https:\/\/sbx.syncbuilder.com\/tr\/uzman-servis\/","name":"Uzman Servis - Syncbuilder","isPartOf":{"@id":"https:\/\/sbx.syncbuilder.com\/tr\/#website"},"primaryImageOfPage":{"@id":"https:\/\/sbx.syncbuilder.com\/tr\/uzman-servis\/#primaryimage"},"image":{"@id":"https:\/\/sbx.syncbuilder.com\/tr\/uzman-servis\/#primaryimage"},"thumbnailUrl":"https:\/\/sbx.syncbuilder.com\/wp-content\/uploads\/2026\/04\/woman_with_thump_and-logo_syncbuilder-e1777465824276.webp","datePublished":"2026-04-29T11:30:18+00:00","dateModified":"2026-05-07T11:32:40+00:00","breadcrumb":{"@id":"https:\/\/sbx.syncbuilder.com\/tr\/uzman-servis\/#breadcrumb"},"inLanguage":"tr","potentialAction":[{"@type":"ReadAction","target":["https:\/\/sbx.syncbuilder.com\/tr\/uzman-servis\/"]}]},{"@type":"ImageObject","inLanguage":"tr","@id":"https:\/\/sbx.syncbuilder.com\/tr\/uzman-servis\/#primaryimage","url":"https:\/\/sbx.syncbuilder.com\/wp-content\/uploads\/2026\/04\/woman_with_thump_and-logo_syncbuilder-e1777465824276.webp","contentUrl":"https:\/\/sbx.syncbuilder.com\/wp-content\/uploads\/2026\/04\/woman_with_thump_and-logo_syncbuilder-e1777465824276.webp"},{"@type":"BreadcrumbList","@id":"https:\/\/sbx.syncbuilder.com\/tr\/uzman-servis\/#breadcrumb","itemListElement":[{"@type":"ListItem","position":1,"name":"Home","item":"https:\/\/sbx.syncbuilder.com\/tr\/ev\/"},{"@type":"ListItem","position":2,"name":"Uzman Servis"}]},{"@type":"WebSite","@id":"https:\/\/sbx.syncbuilder.com\/tr\/#website","url":"https:\/\/sbx.syncbuilder.com\/tr\/","name":"Syncbuilder","description":"","publisher":{"@id":"https:\/\/sbx.syncbuilder.com\/tr\/#organization"},"potentialAction":[{"@type":"SearchAction","target":{"@type":"EntryPoint","urlTemplate":"https:\/\/sbx.syncbuilder.com\/tr\/?s={search_term_string}"},"query-input":{"@type":"PropertyValueSpecification","valueRequired":true,"valueName":"search_term_string"}}],"inLanguage":"tr"},{"@type":["Organization","Place"],"@id":"https:\/\/sbx.syncbuilder.com\/tr\/#organization","name":"Syncbuilder","url":"https:\/\/sbx.syncbuilder.com\/tr\/","logo":{"@id":"https:\/\/sbx.syncbuilder.com\/tr\/uzman-servis\/#local-main-organization-logo"},"image":{"@id":"https:\/\/sbx.syncbuilder.com\/tr\/uzman-servis\/#local-main-organization-logo"},"telephone":[],"openingHoursSpecification":[{"@type":"OpeningHoursSpecification","dayOfWeek":["Monday","Tuesday","Wednesday","Thursday","Friday","Saturday","Sunday"],"opens":"09:00","closes":"17:00"}]},{"@type":"ImageObject","inLanguage":"tr","@id":"https:\/\/sbx.syncbuilder.com\/tr\/uzman-servis\/#local-main-organization-logo","url":"https:\/\/sbx.syncbuilder.com\/wp-content\/uploads\/2025\/11\/syncbuilder_transparent.webp","contentUrl":"https:\/\/sbx.syncbuilder.com\/wp-content\/uploads\/2025\/11\/syncbuilder_transparent.webp","width":1670,"height":175,"caption":"Syncbuilder"}]}},"_links":{"self":[{"href":"https:\/\/sbx.syncbuilder.com\/tr\/wp-json\/wp\/v2\/pages\/3171","targetHints":{"allow":["GET"]}}],"collection":[{"href":"https:\/\/sbx.syncbuilder.com\/tr\/wp-json\/wp\/v2\/pages"}],"about":[{"href":"https:\/\/sbx.syncbuilder.com\/tr\/wp-json\/wp\/v2\/types\/page"}],"author":[{"embeddable":true,"href":"https:\/\/sbx.syncbuilder.com\/tr\/wp-json\/wp\/v2\/users\/1"}],"replies":[{"embeddable":true,"href":"https:\/\/sbx.syncbuilder.com\/tr\/wp-json\/wp\/v2\/comments?post=3171"}],"version-history":[{"count":2,"href":"https:\/\/sbx.syncbuilder.com\/tr\/wp-json\/wp\/v2\/pages\/3171\/revisions"}],"predecessor-version":[{"id":3379,"href":"https:\/\/sbx.syncbuilder.com\/tr\/wp-json\/wp\/v2\/pages\/3171\/revisions\/3379"}],"wp:attachment":[{"href":"https:\/\/sbx.syncbuilder.com\/tr\/wp-json\/wp\/v2\/media?parent=3171"}],"curies":[{"name":"wp","href":"https:\/\/api.w.org\/{rel}","templated":true}]}}