{"id":2959,"date":"2026-01-29T22:02:37","date_gmt":"2026-01-29T22:02:37","guid":{"rendered":"https:\/\/syncbuilder.com\/platform-per-sector\/"},"modified":"2026-05-06T09:03:28","modified_gmt":"2026-05-06T09:03:28","slug":"platform-per-sector","status":"publish","type":"page","link":"https:\/\/sbx.syncbuilder.com\/nl\/platform-per-sector\/","title":{"rendered":"Platform per sector"},"content":{"rendered":"\t\t<div data-elementor-type=\"wp-page\" data-elementor-id=\"2959\" class=\"elementor elementor-2959 elementor-1318\" data-elementor-post-type=\"page\">\n\t\t\t\t<div class=\"elementor-element elementor-element-2e754ab e-flex e-con-boxed e-con e-parent\" data-id=\"2e754ab\" data-element_type=\"container\" data-e-type=\"container\" data-settings=\"{&quot;shape_divider_bottom&quot;:&quot;waves&quot;,&quot;shape_divider_top&quot;:&quot;waves&quot;,&quot;shape_divider_bottom_negative&quot;:&quot;yes&quot;}\">\n\t\t\t\t\t<div class=\"e-con-inner\">\n\t\t\t\t<div class=\"elementor-shape elementor-shape-top\" aria-hidden=\"true\" data-negative=\"false\">\n\t\t\t<svg xmlns=\"http:\/\/www.w3.org\/2000\/svg\" viewBox=\"0 0 1000 100\" preserveAspectRatio=\"none\">\n\t<path class=\"elementor-shape-fill\" d=\"M421.9,6.5c22.6-2.5,51.5,0.4,75.5,5.3c23.6,4.9,70.9,23.5,100.5,35.7c75.8,32.2,133.7,44.5,192.6,49.7\n\tc23.6,2.1,48.7,3.5,103.4-2.5c54.7-6,106.2-25.6,106.2-25.6V0H0v30.3c0,0,72,32.6,158.4,30.5c39.2-0.7,92.8-6.7,134-22.4\n\tc21.2-8.1,52.2-18.2,79.7-24.2C399.3,7.9,411.6,7.5,421.9,6.5z\"\/>\n<\/svg>\t\t<\/div>\n\t\t\t\t<div class=\"elementor-shape elementor-shape-bottom\" aria-hidden=\"true\" data-negative=\"true\">\n\t\t\t<svg xmlns=\"http:\/\/www.w3.org\/2000\/svg\" viewBox=\"0 0 1000 100\" preserveAspectRatio=\"none\">\n\t<path class=\"elementor-shape-fill\" d=\"M790.5,93.1c-59.3-5.3-116.8-18-192.6-50c-29.6-12.7-76.9-31-100.5-35.9c-23.6-4.9-52.6-7.8-75.5-5.3\n\tc-10.2,1.1-22.6,1.4-50.1,7.4c-27.2,6.3-58.2,16.6-79.4,24.7c-41.3,15.9-94.9,21.9-134,22.6C72,58.2,0,25.8,0,25.8V100h1000V65.3\n\tc0,0-51.5,19.4-106.2,25.7C839.5,97,814.1,95.2,790.5,93.1z\"\/>\n<\/svg>\t\t<\/div>\n\t\t\t\t<div class=\"elementor-element elementor-element-6bae738 elementor-widget elementor-widget-flex-hero\" data-id=\"6bae738\" data-element_type=\"widget\" data-e-type=\"widget\" data-settings=\"{&quot;_animation&quot;:&quot;none&quot;,&quot;layout_preset&quot;:&quot;showcase&quot;,&quot;layout_column_structure&quot;:&quot;50-50&quot;,&quot;layout_image_position&quot;:&quot;end&quot;,&quot;primary_button_shape&quot;:&quot;default&quot;,&quot;image_shape&quot;:&quot;sharp&quot;,&quot;box_shape&quot;:&quot;sharp&quot;}\" data-widget_type=\"flex-hero.default\">\n\t\t\t\t<div class=\"elementor-widget-container\">\n\t\t\t\t\t\t\t<div class=\"has-shape-sharp shape-type-box has-column-structure-50-50  ehp-flex-hero has-layout-preset-showcase has-image-position-end\">\n\t\t\t\t\t\t<div class=\"ehp-flex-hero__overlay\"><\/div>\n\t\t\t<div class=\"ehp-flex-hero__content-container\">\n\t\t\t\t<p class=\"ehp-flex-hero__intro\">Oplossing per sector<\/p><h2 class=\"ehp-flex-hero__heading\">Robuust visueel, snel en eenvoudig zijn de kernwoorden<\/h2><p class=\"ehp-flex-hero__subheading\">Elke sector heeft unieke systemen en uitdagingen. SyncBuilder levert flexibele integratieoplossingen die uw applicaties verbinden, processen stroomlijnen en realtime inzichten bieden. \n\nVan retail tot logistiek en daarbuiten, wij helpen u handmatig werk te verminderen en een effici\u00ebnter, verbonden bedrijf op te bouwen.<\/p>\t\t\t<div class=\"ehp-flex-hero__ctas-container\">\n\t\t\t\t\t\t\t\t\t\t\t<\/div>\n\t\t\t\t\t<\/div>\n\t\t\t\t<div class=\"ehp-flex-hero__image-wrapper\">\n\t\t\t\t\t<div class=\"ehp-image ehp-flex-hero__image-container\">\n\t\t\t\t<img decoding=\"async\" class=\"ehp-image__img ehp-flex-hero__img has-shape-sharp shape-type-image\" src=\"https:\/\/sbx.syncbuilder.com\/wp-content\/uploads\/2026\/01\/macbook_syncbuilder_platform.webp\" title=\"macbook_syncbuilder_platform\" alt=\"macbook_syncbuilder_platform\" loading=\"lazy\" \/>\t\t\t<\/div>\n\t\t\t\t\t<\/div>\n\t\t\t\t<\/div>\n\t\t\t\t\t\t<\/div>\n\t\t\t\t<\/div>\n\t\t\t\t\t<\/div>\n\t\t\t\t<\/div>\n\t\t<div class=\"elementor-element elementor-element-145d7e4 e-flex e-con-boxed e-con e-parent\" data-id=\"145d7e4\" data-element_type=\"container\" data-e-type=\"container\">\n\t\t\t\t\t<div class=\"e-con-inner\">\n\t\t\t\t<div class=\"elementor-element elementor-element-c985060 elementor-widget elementor-widget-zigzag\" data-id=\"c985060\" data-element_type=\"widget\" data-e-type=\"widget\" data-settings=\"{&quot;image_shape&quot;:&quot;sharp&quot;}\" data-widget_type=\"zigzag.default\">\n\t\t\t\t<div class=\"elementor-widget-container\">\n\t\t\t\t\t\t\t<div class=\"ehp-zigzag has-direction-start\">\n\t\t\t\t\t\t\t<div class=\"ehp-zigzag__item-wrapper\">\n\t\t\t\t\t<div class=\"ehp-zigzag__item-container\">\n\t\t\t\t\t\t\t\t<div class=\"ehp-zigzag__graphic-element-container has-image\">\n\t\t\t\t\t\t<div class=\"ehp-image ehp-zigzag__image-container\">\n\t\t\t\t<img decoding=\"async\" class=\"ehp-image__img ehp-zigzag__img has-shape-sharp shape-type-image\" src=\"https:\/\/sbx.syncbuilder.com\/wp-content\/uploads\/2026\/05\/manufacturing.webp\" title=\"manufacturing\" alt=\"manufacturing\" loading=\"lazy\" \/>\t\t\t<\/div>\n\t\t\t\t\t<\/div>\n\t\t\t\t<div class=\"ehp-zigzag__text-container is-graphic-image\">\n\t\t\t<h2 class=\"ehp-zigzag__title\">Productie<\/h2><p class=\"ehp-zigzag__description\">Stroomlijn productieworkflows en elimineer datasilo's binnen uw activiteiten.<br><br>Fabrikanten vertrouwen op meerdere systemen \u2014 van ERP- en supply chain-tools tot software op de werkvloer. Syncbuilder verbindt ze allemaal in \u00e9\u00e9n naadloze workflow, waardoor realtime gegevensuitwisseling en automatisering gedurende uw gehele productiecyclus mogelijk worden. <br><br>- Integreer ERP-, MES- en voorraadsystemen<br>- Automatiseer orderverwerking en supply chain-updates<br>- Verbeter de productievisibiliteit met realtime gegevenssynchronisatie<br>- Verminder handmatige fouten en operationele vertragingen<br><br>Verhoog de effici\u00ebntie, verminder downtime en zorg dat uw productie soepel blijft draaien.<\/p>\t\t<\/div>\n\t\t\t\t\t\t\t<\/div>\n\t\t\t\t<\/div>\n\t\t\t\t\t\t\t\t<div class=\"ehp-zigzag__item-wrapper\">\n\t\t\t\t\t<div class=\"ehp-zigzag__item-container\">\n\t\t\t\t\t\t\t\t<div class=\"ehp-zigzag__graphic-element-container has-image\">\n\t\t\t\t\t\t<div class=\"ehp-image ehp-zigzag__image-container ehp-image ehp-zigzag__image-container\">\n\t\t\t\t<img decoding=\"async\" class=\"ehp-image__img ehp-zigzag__img has-shape-sharp shape-type-image\" src=\"https:\/\/sbx.syncbuilder.com\/wp-content\/uploads\/2026\/05\/education.webp\" title=\"education\" alt=\"education\" loading=\"lazy\" \/>\t\t\t<\/div>\n\t\t\t\t\t<\/div>\n\t\t\t\t<div class=\"ehp-zigzag__text-container is-graphic-image\">\n\t\t\t<h2 class=\"ehp-zigzag__title\">Onderwijs<\/h2><p class=\"ehp-zigzag__description\">Verbind systemen om studentervaringen en operationele effici\u00ebntie te verbeteren.<br><br>Onderwijsinstellingen beheren een breed scala aan platforms \u2014 van leerlinginformatiesystemen tot tools voor leerbeheer. Syncbuilder vereenvoudigt integratie, zodat uw teams zich kunnen concentreren op het leveren van betere leerresultaten. <br><br>- Synchroniseer leerlinggegevens over SIS-, LMS- en CRM-platforms<br>- Automatiseer workflows voor inschrijving, toelating en rapportage<br>- Waarborg gegevensnauwkeurigheid en naleving<br>- Maak naadloze communicatie tussen afdelingen mogelijk<br><br>Versterk docenten en beheerders met verbonden, betrouwbare gegevens.<\/p>\t\t<\/div>\n\t\t\t\t\t\t\t<\/div>\n\t\t\t\t<\/div>\n\t\t\t\t\t\t\t\t<div class=\"ehp-zigzag__item-wrapper\">\n\t\t\t\t\t<div class=\"ehp-zigzag__item-container\">\n\t\t\t\t\t\t\t\t<div class=\"ehp-zigzag__graphic-element-container has-image\">\n\t\t\t\t\t\t<div class=\"ehp-image ehp-zigzag__image-container ehp-image ehp-zigzag__image-container ehp-image ehp-zigzag__image-container\">\n\t\t\t\t<img decoding=\"async\" class=\"ehp-image__img ehp-zigzag__img has-shape-sharp shape-type-image\" src=\"https:\/\/sbx.syncbuilder.com\/wp-content\/uploads\/2026\/05\/financial-services.webp\" title=\"financial-services\" alt=\"financial-services\" loading=\"lazy\" \/>\t\t\t<\/div>\n\t\t\t\t\t<\/div>\n\t\t\t\t<div class=\"ehp-zigzag__text-container is-graphic-image\">\n\t\t\t<h2 class=\"ehp-zigzag__title\">Financi\u00eble diensten<\/h2><p class=\"ehp-zigzag__description\">Veilige, conforme integraties voor snel bewegende financi\u00eble operaties.<br><br>In de financi\u00eble dienstverlening zijn nauwkeurigheid, naleving en snelheid cruciaal. Syncbuilder maakt veilige gegevensintegratie en automatisering binnen uw financi\u00eble ecosysteem mogelijk. <br><br>- Integreer banksystemen, CRM's en betalingsplatforms<br>- Automatiseer rapportage-, reconciliatie- en compliance-workflows<br>- Behoud gegevensconsistentie over alle systemen heen<br>- Verbeter de klantervaring met realtime inzichten<br><br>Werk met vertrouwen terwijl u voldoet aan strikte wettelijke vereisten.<\/p>\t\t<\/div>\n\t\t\t\t\t\t\t<\/div>\n\t\t\t\t<\/div>\n\t\t\t\t\t\t\t<\/div>\n\t\t\t\t\t\t<\/div>\n\t\t\t\t<\/div>\n\t\t\t\t\t<\/div>\n\t\t\t\t<\/div>\n\t\t<div class=\"elementor-element elementor-element-f7081cd e-flex e-con-boxed e-con e-parent\" data-id=\"f7081cd\" data-element_type=\"container\" data-e-type=\"container\" data-settings=\"{&quot;background_background&quot;:&quot;classic&quot;}\">\n\t\t\t\t\t<div class=\"e-con-inner\">\n\t\t<div class=\"elementor-element elementor-element-ee6fde4 e-con-full e-flex e-con e-child\" data-id=\"ee6fde4\" data-element_type=\"container\" data-e-type=\"container\">\n\t\t\t\t<div class=\"elementor-element elementor-element-aaf9a28 elementor-widget elementor-widget-heading\" data-id=\"aaf9a28\" data-element_type=\"widget\" data-e-type=\"widget\" data-widget_type=\"heading.default\">\n\t\t\t\t\t<h4 class=\"elementor-heading-title elementor-size-default\">Ontdek de functies of vraag een demo aan om het in actie te zien.<\/h4>\t\t\t\t<\/div>\n\t\t\t\t<div class=\"elementor-element elementor-element-16baa04 elementor-widget elementor-widget-text-editor\" data-id=\"16baa04\" data-element_type=\"widget\" data-e-type=\"widget\" data-widget_type=\"text-editor.default\">\n\t\t\t\t\t\t\t\t\t<p>Laten we samen mooie dingen realiseren.<\/p>\t\t\t\t\t\t\t\t<\/div>\n\t\t\t\t<\/div>\n\t\t<div class=\"elementor-element elementor-element-0479686 e-flex e-con-boxed e-con e-child\" data-id=\"0479686\" data-element_type=\"container\" data-e-type=\"container\">\n\t\t\t\t\t<div class=\"e-con-inner\">\n\t\t\t\t<div class=\"elementor-element elementor-element-309e336 elementor-widget__width-auto elementor-widget elementor-widget-button\" data-id=\"309e336\" data-element_type=\"widget\" data-e-type=\"widget\" data-widget_type=\"button.default\">\n\t\t\t\t\t\t\t\t\t\t<a class=\"elementor-button elementor-button-link elementor-size-sm\" href=\"https:\/\/sbx.syncbuilder.com\/nl\/platform-functies\/\">\n\t\t\t\t\t\t<span class=\"elementor-button-content-wrapper\">\n\t\t\t\t\t\t\t\t\t<span class=\"elementor-button-text\">Alle functies<\/span>\n\t\t\t\t\t<\/span>\n\t\t\t\t\t<\/a>\n\t\t\t\t\t\t\t\t<\/div>\n\t\t\t\t<div class=\"elementor-element elementor-element-f7a47ba elementor-widget__width-auto elementor-widget elementor-widget-button\" data-id=\"f7a47ba\" data-element_type=\"widget\" data-e-type=\"widget\" data-widget_type=\"button.default\">\n\t\t\t\t\t\t\t\t\t\t<a class=\"elementor-button elementor-button-link elementor-size-sm\" href=\"https:\/\/sbx.syncbuilder.com\/nl\/demo-aanvragen\/\">\n\t\t\t\t\t\t<span class=\"elementor-button-content-wrapper\">\n\t\t\t\t\t\t\t\t\t<span class=\"elementor-button-text\">Demo Aanvragen<\/span>\n\t\t\t\t\t<\/span>\n\t\t\t\t\t<\/a>\n\t\t\t\t\t\t\t\t<\/div>\n\t\t\t\t\t<\/div>\n\t\t\t\t<\/div>\n\t\t\t\t\t<\/div>\n\t\t\t\t<\/div>\n\t\t<div class=\"elementor-element elementor-element-7ae266c e-flex e-con-boxed e-con e-parent\" data-id=\"7ae266c\" data-element_type=\"container\" data-e-type=\"container\">\n\t\t\t\t\t<div class=\"e-con-inner\">\n\t\t\t\t<div class=\"elementor-element elementor-element-d1b155d elementor-widget elementor-widget-zigzag\" data-id=\"d1b155d\" data-element_type=\"widget\" data-e-type=\"widget\" data-settings=\"{&quot;image_shape&quot;:&quot;sharp&quot;}\" data-widget_type=\"zigzag.default\">\n\t\t\t\t<div class=\"elementor-widget-container\">\n\t\t\t\t\t\t\t<div class=\"ehp-zigzag has-direction-start\">\n\t\t\t\t\t\t\t<div class=\"ehp-zigzag__item-wrapper\">\n\t\t\t\t\t<div class=\"ehp-zigzag__item-container\">\n\t\t\t\t\t\t\t\t<div class=\"ehp-zigzag__graphic-element-container has-image\">\n\t\t\t\t\t\t<div class=\"ehp-image ehp-zigzag__image-container\">\n\t\t\t\t<img decoding=\"async\" class=\"ehp-image__img ehp-zigzag__img has-shape-sharp shape-type-image\" src=\"https:\/\/sbx.syncbuilder.com\/wp-content\/uploads\/2026\/05\/retail-logistics.webp\" title=\"retail-logistics\" alt=\"retail-logistics\" loading=\"lazy\" \/>\t\t\t<\/div>\n\t\t\t\t\t<\/div>\n\t\t\t\t<div class=\"ehp-zigzag__text-container is-graphic-image\">\n\t\t\t<h2 class=\"ehp-zigzag__title\">Retail &amp; Logistiek<\/h2><p class=\"ehp-zigzag__description\">Lever naadloze klantervaringen met verbonden systemen.<br><br>Retailers en logistieke dienstverleners hebben gesynchroniseerde gegevens nodig over verkoop-, voorraad- en leveringssystemen. Syncbuilder zorgt ervoor dat uw activiteiten op \u00e9\u00e9n lijn blijven, van bestelling tot uitvoering. <br><br>- Verbind e-commerce-, POS-, voorraad- en logistieke platforms<br>- Automatiseer orderverwerking en het volgen van zendingen<br>- Houd de voorraad nauwkeurig bij over alle kanalen heen<br>- Optimaliseer de zichtbaarheid en prestaties van de supply chain<br><br>Handel sneller, verminder fouten en overtref de verwachtingen van de klant.<\/p>\t\t<\/div>\n\t\t\t\t\t\t\t<\/div>\n\t\t\t\t<\/div>\n\t\t\t\t\t\t\t\t<div class=\"ehp-zigzag__item-wrapper\">\n\t\t\t\t\t<div class=\"ehp-zigzag__item-container\">\n\t\t\t\t\t\t\t\t<div class=\"ehp-zigzag__graphic-element-container has-image\">\n\t\t\t\t\t\t<div class=\"ehp-image ehp-zigzag__image-container ehp-image ehp-zigzag__image-container\">\n\t\t\t\t<img decoding=\"async\" class=\"ehp-image__img ehp-zigzag__img has-shape-sharp shape-type-image\" src=\"https:\/\/sbx.syncbuilder.com\/wp-content\/uploads\/2026\/05\/healthcare.webp\" title=\"healthcare\" alt=\"healthcare\" loading=\"lazy\" \/>\t\t\t<\/div>\n\t\t\t\t\t<\/div>\n\t\t\t\t<div class=\"ehp-zigzag__text-container is-graphic-image\">\n\t\t\t<h2 class=\"ehp-zigzag__title\">Gezondheidszorg<\/h2><p class=\"ehp-zigzag__description\">Veilige, conforme gegevensintegratie voor betere pati\u00ebntresultaten.<br><br>Zorgorganisaties vereisen een betrouwbare en veilige gegevensstroom tussen systemen. Syncbuilder ondersteunt interoperabiliteit met behoud van strikte nalevingsnormen. <br><br>- Integreer EPD-, facturatie- en pati\u00ebntbeheersystemen<br>- Automatiseer administratieve en klinische workflows<br>- Waarborg gegevensnauwkeurigheid en veiligheid<br>- Verbeter de co\u00f6rdinatie tussen zorgteams<br><br>Verbeter de operationele effici\u00ebntie terwijl u betere pati\u00ebntenzorg levert.<\/p>\t\t<\/div>\n\t\t\t\t\t\t\t<\/div>\n\t\t\t\t<\/div>\n\t\t\t\t\t\t\t\t<div class=\"ehp-zigzag__item-wrapper\">\n\t\t\t\t\t<div class=\"ehp-zigzag__item-container\">\n\t\t\t\t\t\t\t\t<div class=\"ehp-zigzag__graphic-element-container has-image\">\n\t\t\t\t\t\t<div class=\"ehp-image ehp-zigzag__image-container ehp-image ehp-zigzag__image-container ehp-image ehp-zigzag__image-container\">\n\t\t\t\t<img decoding=\"async\" class=\"ehp-image__img ehp-zigzag__img has-shape-sharp shape-type-image\" src=\"https:\/\/sbx.syncbuilder.com\/wp-content\/uploads\/2026\/05\/others.webp\" title=\"others\" alt=\"others\" loading=\"lazy\" \/>\t\t\t<\/div>\n\t\t\t\t\t<\/div>\n\t\t\t\t<div class=\"ehp-zigzag__text-container is-graphic-image\">\n\t\t\t<h2 class=\"ehp-zigzag__title\">Alle overige sectoren<\/h2><p class=\"ehp-zigzag__description\">Flexibele integraties voor elke sector of use case.<br><br>Elk bedrijf heeft unieke systemen en workflows. Het flexibele platform van Syncbuilder past zich aan uw behoeften aan, ongeacht de sector. <br><br>- Verbind elke applicatie, database of API<br>- Bouw aangepaste workflows met no-code of low-code tools<br>- Schaal integraties naarmate uw bedrijf groeit<br>- Automatiseer processen over afdelingen heen<br><br>Als uw systemen moeten samenwerken, maakt Syncbuilder het mogelijk.<\/p>\t\t<\/div>\n\t\t\t\t\t\t\t<\/div>\n\t\t\t\t<\/div>\n\t\t\t\t\t\t\t<\/div>\n\t\t\t\t\t\t<\/div>\n\t\t\t\t<\/div>\n\t\t\t\t\t<\/div>\n\t\t\t\t<\/div>\n\t\t\t\t<\/div>\n\t\t","protected":false},"excerpt":{"rendered":"<p>Oplossing per sector Robuust visueel, snel en eenvoudig zijn de kernwoorden Elke sector heeft unieke systemen en uitdagingen. SyncBuilder levert flexibele integratieoplossingen die uw applicaties verbinden, processen stroomlijnen en realtime inzichten bieden. Van retail tot logistiek en daarbuiten, wij helpen u handmatig werk te verminderen en een effici\u00ebnter, verbonden bedrijf op te bouwen. Productie Stroomlijn [&hellip;]<\/p>\n","protected":false},"author":1,"featured_media":0,"parent":0,"menu_order":0,"comment_status":"closed","ping_status":"closed","template":"elementor_header_footer","meta":{"footnotes":""},"class_list":["post-2959","page","type-page","status-publish","hentry"],"yoast_head":"<!-- This site is optimized with the Yoast SEO Premium plugin v27.5 (Yoast SEO v27.5) - https:\/\/yoast.com\/product\/yoast-seo-premium-wordpress\/ -->\n<title>Platform per sector - Syncbuilder<\/title>\n<meta name=\"robots\" content=\"noindex, follow, max-snippet:-1, max-image-preview:large, max-video-preview:-1\" \/>\n<meta property=\"og:locale\" content=\"nl_NL\" \/>\n<meta property=\"og:type\" content=\"article\" \/>\n<meta property=\"og:title\" content=\"Platform per sector\" \/>\n<meta property=\"og:description\" content=\"Oplossing per sector Robuust visueel, snel en eenvoudig zijn de kernwoorden Elke sector heeft unieke systemen en uitdagingen. SyncBuilder levert flexibele integratieoplossingen die uw applicaties verbinden, processen stroomlijnen en realtime inzichten bieden. Van retail tot logistiek en daarbuiten, wij helpen u handmatig werk te verminderen en een effici\u00ebnter, verbonden bedrijf op te bouwen. Productie Stroomlijn [&hellip;]\" \/>\n<meta property=\"og:url\" content=\"https:\/\/sbx.syncbuilder.com\/nl\/platform-per-sector\/\" \/>\n<meta property=\"og:site_name\" content=\"Syncbuilder\" \/>\n<meta property=\"article:modified_time\" content=\"2026-05-06T09:03:28+00:00\" \/>\n<meta property=\"og:image\" content=\"https:\/\/sbx.syncbuilder.com\/wp-content\/uploads\/2026\/01\/macbook_syncbuilder_platform.webp\" \/>\n<meta name=\"twitter:card\" content=\"summary_large_image\" \/>\n<meta name=\"twitter:label1\" content=\"Geschatte leestijd\" \/>\n\t<meta name=\"twitter:data1\" content=\"2 minuten\" \/>\n<script type=\"application\/ld+json\" class=\"yoast-schema-graph\">{\"@context\":\"https:\\\/\\\/schema.org\",\"@graph\":[{\"@type\":\"WebPage\",\"@id\":\"https:\\\/\\\/sbx.syncbuilder.com\\\/nl\\\/platform-per-sector\\\/\",\"url\":\"https:\\\/\\\/sbx.syncbuilder.com\\\/nl\\\/platform-per-sector\\\/\",\"name\":\"Platform per sector - Syncbuilder\",\"isPartOf\":{\"@id\":\"https:\\\/\\\/sbx.syncbuilder.com\\\/nl\\\/#website\"},\"primaryImageOfPage\":{\"@id\":\"https:\\\/\\\/sbx.syncbuilder.com\\\/nl\\\/platform-per-sector\\\/#primaryimage\"},\"image\":{\"@id\":\"https:\\\/\\\/sbx.syncbuilder.com\\\/nl\\\/platform-per-sector\\\/#primaryimage\"},\"thumbnailUrl\":\"https:\\\/\\\/sbx.syncbuilder.com\\\/wp-content\\\/uploads\\\/2026\\\/01\\\/macbook_syncbuilder_platform.webp\",\"datePublished\":\"2026-01-29T22:02:37+00:00\",\"dateModified\":\"2026-05-06T09:03:28+00:00\",\"breadcrumb\":{\"@id\":\"https:\\\/\\\/sbx.syncbuilder.com\\\/nl\\\/platform-per-sector\\\/#breadcrumb\"},\"inLanguage\":\"nl-NL\",\"potentialAction\":[{\"@type\":\"ReadAction\",\"target\":[\"https:\\\/\\\/sbx.syncbuilder.com\\\/nl\\\/platform-per-sector\\\/\"]}]},{\"@type\":\"ImageObject\",\"inLanguage\":\"nl-NL\",\"@id\":\"https:\\\/\\\/sbx.syncbuilder.com\\\/nl\\\/platform-per-sector\\\/#primaryimage\",\"url\":\"https:\\\/\\\/sbx.syncbuilder.com\\\/wp-content\\\/uploads\\\/2026\\\/01\\\/macbook_syncbuilder_platform.webp\",\"contentUrl\":\"https:\\\/\\\/sbx.syncbuilder.com\\\/wp-content\\\/uploads\\\/2026\\\/01\\\/macbook_syncbuilder_platform.webp\"},{\"@type\":\"BreadcrumbList\",\"@id\":\"https:\\\/\\\/sbx.syncbuilder.com\\\/nl\\\/platform-per-sector\\\/#breadcrumb\",\"itemListElement\":[{\"@type\":\"ListItem\",\"position\":1,\"name\":\"Home\",\"item\":\"https:\\\/\\\/sbx.syncbuilder.com\\\/nl\\\/home\\\/\"},{\"@type\":\"ListItem\",\"position\":2,\"name\":\"Platform per sector\"}]},{\"@type\":\"WebSite\",\"@id\":\"https:\\\/\\\/sbx.syncbuilder.com\\\/nl\\\/#website\",\"url\":\"https:\\\/\\\/sbx.syncbuilder.com\\\/nl\\\/\",\"name\":\"Syncbuilder\",\"description\":\"\",\"publisher\":{\"@id\":\"https:\\\/\\\/sbx.syncbuilder.com\\\/nl\\\/#organization\"},\"potentialAction\":[{\"@type\":\"SearchAction\",\"target\":{\"@type\":\"EntryPoint\",\"urlTemplate\":\"https:\\\/\\\/sbx.syncbuilder.com\\\/nl\\\/?s={search_term_string}\"},\"query-input\":{\"@type\":\"PropertyValueSpecification\",\"valueRequired\":true,\"valueName\":\"search_term_string\"}}],\"inLanguage\":\"nl-NL\"},{\"@type\":[\"Organization\",\"Place\"],\"@id\":\"https:\\\/\\\/sbx.syncbuilder.com\\\/nl\\\/#organization\",\"name\":\"Syncbuilder\",\"url\":\"https:\\\/\\\/sbx.syncbuilder.com\\\/nl\\\/\",\"logo\":{\"@id\":\"https:\\\/\\\/sbx.syncbuilder.com\\\/nl\\\/platform-per-sector\\\/#local-main-organization-logo\"},\"image\":{\"@id\":\"https:\\\/\\\/sbx.syncbuilder.com\\\/nl\\\/platform-per-sector\\\/#local-main-organization-logo\"},\"telephone\":[],\"openingHoursSpecification\":[{\"@type\":\"OpeningHoursSpecification\",\"dayOfWeek\":[\"Monday\",\"Tuesday\",\"Wednesday\",\"Thursday\",\"Friday\",\"Saturday\",\"Sunday\"],\"opens\":\"09:00\",\"closes\":\"17:00\"}]},{\"@type\":\"ImageObject\",\"inLanguage\":\"nl-NL\",\"@id\":\"https:\\\/\\\/sbx.syncbuilder.com\\\/nl\\\/platform-per-sector\\\/#local-main-organization-logo\",\"url\":\"https:\\\/\\\/sbx.syncbuilder.com\\\/wp-content\\\/uploads\\\/2025\\\/11\\\/syncbuilder_transparent.webp\",\"contentUrl\":\"https:\\\/\\\/sbx.syncbuilder.com\\\/wp-content\\\/uploads\\\/2025\\\/11\\\/syncbuilder_transparent.webp\",\"width\":1670,\"height\":175,\"caption\":\"Syncbuilder\"}]}<\/script>\n<!-- \/ Yoast SEO Premium plugin. -->","yoast_head_json":{"title":"Platform per sector - Syncbuilder","robots":{"index":"noindex","follow":"follow","max-snippet":"max-snippet:-1","max-image-preview":"max-image-preview:large","max-video-preview":"max-video-preview:-1"},"og_locale":"nl_NL","og_type":"article","og_title":"Platform per sector","og_description":"Oplossing per sector Robuust visueel, snel en eenvoudig zijn de kernwoorden Elke sector heeft unieke systemen en uitdagingen. SyncBuilder levert flexibele integratieoplossingen die uw applicaties verbinden, processen stroomlijnen en realtime inzichten bieden. Van retail tot logistiek en daarbuiten, wij helpen u handmatig werk te verminderen en een effici\u00ebnter, verbonden bedrijf op te bouwen. Productie Stroomlijn [&hellip;]","og_url":"https:\/\/sbx.syncbuilder.com\/nl\/platform-per-sector\/","og_site_name":"Syncbuilder","article_modified_time":"2026-05-06T09:03:28+00:00","og_image":[{"url":"https:\/\/sbx.syncbuilder.com\/wp-content\/uploads\/2026\/01\/macbook_syncbuilder_platform.webp","type":"","width":"","height":""}],"twitter_card":"summary_large_image","twitter_misc":{"Geschatte leestijd":"2 minuten"},"schema":{"@context":"https:\/\/schema.org","@graph":[{"@type":"WebPage","@id":"https:\/\/sbx.syncbuilder.com\/nl\/platform-per-sector\/","url":"https:\/\/sbx.syncbuilder.com\/nl\/platform-per-sector\/","name":"Platform per sector - Syncbuilder","isPartOf":{"@id":"https:\/\/sbx.syncbuilder.com\/nl\/#website"},"primaryImageOfPage":{"@id":"https:\/\/sbx.syncbuilder.com\/nl\/platform-per-sector\/#primaryimage"},"image":{"@id":"https:\/\/sbx.syncbuilder.com\/nl\/platform-per-sector\/#primaryimage"},"thumbnailUrl":"https:\/\/sbx.syncbuilder.com\/wp-content\/uploads\/2026\/01\/macbook_syncbuilder_platform.webp","datePublished":"2026-01-29T22:02:37+00:00","dateModified":"2026-05-06T09:03:28+00:00","breadcrumb":{"@id":"https:\/\/sbx.syncbuilder.com\/nl\/platform-per-sector\/#breadcrumb"},"inLanguage":"nl-NL","potentialAction":[{"@type":"ReadAction","target":["https:\/\/sbx.syncbuilder.com\/nl\/platform-per-sector\/"]}]},{"@type":"ImageObject","inLanguage":"nl-NL","@id":"https:\/\/sbx.syncbuilder.com\/nl\/platform-per-sector\/#primaryimage","url":"https:\/\/sbx.syncbuilder.com\/wp-content\/uploads\/2026\/01\/macbook_syncbuilder_platform.webp","contentUrl":"https:\/\/sbx.syncbuilder.com\/wp-content\/uploads\/2026\/01\/macbook_syncbuilder_platform.webp"},{"@type":"BreadcrumbList","@id":"https:\/\/sbx.syncbuilder.com\/nl\/platform-per-sector\/#breadcrumb","itemListElement":[{"@type":"ListItem","position":1,"name":"Home","item":"https:\/\/sbx.syncbuilder.com\/nl\/home\/"},{"@type":"ListItem","position":2,"name":"Platform per sector"}]},{"@type":"WebSite","@id":"https:\/\/sbx.syncbuilder.com\/nl\/#website","url":"https:\/\/sbx.syncbuilder.com\/nl\/","name":"Syncbuilder","description":"","publisher":{"@id":"https:\/\/sbx.syncbuilder.com\/nl\/#organization"},"potentialAction":[{"@type":"SearchAction","target":{"@type":"EntryPoint","urlTemplate":"https:\/\/sbx.syncbuilder.com\/nl\/?s={search_term_string}"},"query-input":{"@type":"PropertyValueSpecification","valueRequired":true,"valueName":"search_term_string"}}],"inLanguage":"nl-NL"},{"@type":["Organization","Place"],"@id":"https:\/\/sbx.syncbuilder.com\/nl\/#organization","name":"Syncbuilder","url":"https:\/\/sbx.syncbuilder.com\/nl\/","logo":{"@id":"https:\/\/sbx.syncbuilder.com\/nl\/platform-per-sector\/#local-main-organization-logo"},"image":{"@id":"https:\/\/sbx.syncbuilder.com\/nl\/platform-per-sector\/#local-main-organization-logo"},"telephone":[],"openingHoursSpecification":[{"@type":"OpeningHoursSpecification","dayOfWeek":["Monday","Tuesday","Wednesday","Thursday","Friday","Saturday","Sunday"],"opens":"09:00","closes":"17:00"}]},{"@type":"ImageObject","inLanguage":"nl-NL","@id":"https:\/\/sbx.syncbuilder.com\/nl\/platform-per-sector\/#local-main-organization-logo","url":"https:\/\/sbx.syncbuilder.com\/wp-content\/uploads\/2025\/11\/syncbuilder_transparent.webp","contentUrl":"https:\/\/sbx.syncbuilder.com\/wp-content\/uploads\/2025\/11\/syncbuilder_transparent.webp","width":1670,"height":175,"caption":"Syncbuilder"}]}},"_links":{"self":[{"href":"https:\/\/sbx.syncbuilder.com\/nl\/wp-json\/wp\/v2\/pages\/2959","targetHints":{"allow":["GET"]}}],"collection":[{"href":"https:\/\/sbx.syncbuilder.com\/nl\/wp-json\/wp\/v2\/pages"}],"about":[{"href":"https:\/\/sbx.syncbuilder.com\/nl\/wp-json\/wp\/v2\/types\/page"}],"author":[{"embeddable":true,"href":"https:\/\/sbx.syncbuilder.com\/nl\/wp-json\/wp\/v2\/users\/1"}],"replies":[{"embeddable":true,"href":"https:\/\/sbx.syncbuilder.com\/nl\/wp-json\/wp\/v2\/comments?post=2959"}],"version-history":[{"count":1,"href":"https:\/\/sbx.syncbuilder.com\/nl\/wp-json\/wp\/v2\/pages\/2959\/revisions"}],"predecessor-version":[{"id":2966,"href":"https:\/\/sbx.syncbuilder.com\/nl\/wp-json\/wp\/v2\/pages\/2959\/revisions\/2966"}],"wp:attachment":[{"href":"https:\/\/sbx.syncbuilder.com\/nl\/wp-json\/wp\/v2\/media?parent=2959"}],"curies":[{"name":"wp","href":"https:\/\/api.w.org\/{rel}","templated":true}]}}