{"id":3357,"date":"2026-01-21T12:02:50","date_gmt":"2026-01-21T12:02:50","guid":{"rendered":"https:\/\/syncbuilder.com\/solicitar-demostracion\/"},"modified":"2026-05-07T07:56:56","modified_gmt":"2026-05-07T07:56:56","slug":"solicitar-demostracion","status":"publish","type":"page","link":"https:\/\/sbx.syncbuilder.com\/es\/solicitar-demostracion\/","title":{"rendered":"Solicitar demostraci\u00f3n"},"content":{"rendered":"\t\t<div data-elementor-type=\"wp-page\" data-elementor-id=\"3357\" class=\"elementor elementor-3357 elementor-589\" data-elementor-post-type=\"page\">\n\t\t\t\t<div class=\"elementor-element elementor-element-undefined-e5f102b e-flex e-con-boxed e-con e-parent\" data-id=\"undefined-e5f102b\" data-element_type=\"container\" data-e-type=\"container\">\n\t\t\t\t\t<div class=\"e-con-inner\">\n\t\t<div class=\"elementor-element elementor-element-undefined-2deeb22 e-flex e-con-boxed e-con e-child\" data-id=\"undefined-2deeb22\" data-element_type=\"container\" data-e-type=\"container\">\n\t\t\t\t\t<div class=\"e-con-inner\">\n\t\t<div class=\"elementor-element elementor-element-undefined-538efe2 e-con-full e-flex e-con e-child\" data-id=\"undefined-538efe2\" data-element_type=\"container\" data-e-type=\"container\">\n\t\t\t\t<div class=\"elementor-element elementor-element-undefined-f422a59 elementor-widget elementor-widget-heading\" data-id=\"undefined-f422a59\" data-element_type=\"widget\" data-e-type=\"widget\" data-widget_type=\"heading.default\">\n\t\t\t\t\t<h2 class=\"elementor-heading-title elementor-size-default\">Solicita una demostraci\u00f3n<\/h2>\t\t\t\t<\/div>\n\t\t\t\t<div class=\"elementor-element elementor-element-undefined-eefe12a elementor-widget elementor-widget-text-editor\" data-id=\"undefined-eefe12a\" data-element_type=\"widget\" data-e-type=\"widget\" data-widget_type=\"text-editor.default\">\n\t\t\t\t\t\t\t\t\t<p>Estamos aqu\u00ed para ayudarte con cualquier consulta. Rellena el siguiente formulario y nos pondremos en contacto contigo en breve. <\/p>\t\t\t\t\t\t\t\t<\/div>\n\t\t\t\t<\/div>\n\t\t<div class=\"elementor-element elementor-element-undefined-7a3a576 e-con-full e-flex e-con e-child\" data-id=\"undefined-7a3a576\" data-element_type=\"container\" data-e-type=\"container\">\n\t\t\t\t<div class=\"elementor-element elementor-element-undefined-f47d5fb elementor-mobile-button-align-stretch elementor-button-align-stretch elementor-widget elementor-widget-form\" data-id=\"undefined-f47d5fb\" data-element_type=\"widget\" data-e-type=\"widget\" data-settings=\"{&quot;step_next_label&quot;:&quot;Contin\\u00faa en&quot;,&quot;step_previous_label&quot;:&quot;Volver atr\\u00e1s&quot;,&quot;button_width&quot;:&quot;100&quot;,&quot;step_type&quot;:&quot;number_text&quot;,&quot;step_icon_shape&quot;:&quot;circle&quot;}\" data-widget_type=\"form.default\">\n\t\t\t\t\t\t\t<form class=\"elementor-form\" method=\"post\" id=\"request_demo_form\" name=\"Formulario de inscripci\u00f3n\" aria-label=\"Formulario de inscripci\u00f3n\">\n\t\t\t<input type=\"hidden\" name=\"post_id\" value=\"3357\"\/>\n\t\t\t<input type=\"hidden\" name=\"form_id\" value=\"undefined-f47d5fb\"\/>\n\t\t\t<input type=\"hidden\" name=\"referer_title\" value=\"Solicitar demostraci\u00f3n - Syncbuilder\" \/>\n\n\t\t\t\t\t\t\t<input type=\"hidden\" name=\"queried_id\" value=\"3357\"\/>\n\t\t\t\n\t\t\t<div class=\"elementor-form-fields-wrapper elementor-labels-\">\n\t\t\t\t\t\t\t\t<div class=\"elementor-field-type-text elementor-field-group elementor-column elementor-field-group-company_name elementor-col-100 elementor-field-required\">\n\t\t\t\t\t\t\t\t\t\t\t\t<label for=\"form-field-company_name\" class=\"elementor-field-label elementor-screen-only\">\n\t\t\t\t\t\t\t\tEmpresa\t\t\t\t\t\t\t<\/label>\n\t\t\t\t\t\t\t\t\t\t\t\t\t\t<input size=\"1\" type=\"text\" name=\"form_fields[company_name]\" id=\"form-field-company_name\" class=\"elementor-field elementor-size-md  elementor-field-textual\" placeholder=\"Introduce el nombre de la empresa\" required=\"required\">\n\t\t\t\t\t\t\t\t\t\t\t<\/div>\n\t\t\t\t\t\t\t\t<div class=\"elementor-field-type-text elementor-field-group elementor-column elementor-field-group-first_name elementor-col-50 elementor-field-required\">\n\t\t\t\t\t\t\t\t\t\t\t\t<label for=\"form-field-first_name\" class=\"elementor-field-label elementor-screen-only\">\n\t\t\t\t\t\t\t\tTu nombre\t\t\t\t\t\t\t<\/label>\n\t\t\t\t\t\t\t\t\t\t\t\t\t\t<input size=\"1\" type=\"text\" name=\"form_fields[first_name]\" id=\"form-field-first_name\" class=\"elementor-field elementor-size-md  elementor-field-textual\" placeholder=\"Introduce tu nombre\" required=\"required\">\n\t\t\t\t\t\t\t\t\t\t\t<\/div>\n\t\t\t\t\t\t\t\t<div class=\"elementor-field-type-text elementor-field-group elementor-column elementor-field-group-last_name elementor-col-50 elementor-field-required\">\n\t\t\t\t\t\t\t\t\t\t\t\t<label for=\"form-field-last_name\" class=\"elementor-field-label elementor-screen-only\">\n\t\t\t\t\t\t\t\tTu apellido\t\t\t\t\t\t\t<\/label>\n\t\t\t\t\t\t\t\t\t\t\t\t\t\t<input size=\"1\" type=\"text\" name=\"form_fields[last_name]\" id=\"form-field-last_name\" class=\"elementor-field elementor-size-md  elementor-field-textual\" placeholder=\"Introduce tu apellido\" required=\"required\">\n\t\t\t\t\t\t\t\t\t\t\t<\/div>\n\t\t\t\t\t\t\t\t<div class=\"elementor-field-type-tel elementor-field-group elementor-column elementor-field-group-phone_number elementor-col-50 elementor-field-required\">\n\t\t\t\t\t\t\t\t\t\t\t\t<label for=\"form-field-phone_number\" class=\"elementor-field-label elementor-screen-only\">\n\t\t\t\t\t\t\t\tN\u00famero de tel\u00e9fono\t\t\t\t\t\t\t<\/label>\n\t\t\t\t\t\t\t\t<input size=\"1\" type=\"tel\" name=\"form_fields[phone_number]\" id=\"form-field-phone_number\" class=\"elementor-field elementor-size-md  elementor-field-textual\" placeholder=\"Tu n\u00famero de tel\u00e9fono\" required=\"required\" pattern=\"[0-9()#&amp;+*-=.]+\" title=\"Solo se aceptan n\u00fameros y caracteres de tel\u00e9fono (#,-,*,etc).\">\n\n\t\t\t\t\t\t<\/div>\n\t\t\t\t\t\t\t\t<div class=\"elementor-field-type-email elementor-field-group elementor-column elementor-field-group-email_address elementor-col-50 elementor-field-required\">\n\t\t\t\t\t\t\t\t\t\t\t\t<label for=\"form-field-email_address\" class=\"elementor-field-label elementor-screen-only\">\n\t\t\t\t\t\t\t\tDirecci\u00f3n de correo electr\u00f3nico\t\t\t\t\t\t\t<\/label>\n\t\t\t\t\t\t\t\t\t\t\t\t\t\t<input size=\"1\" type=\"email\" name=\"form_fields[email_address]\" id=\"form-field-email_address\" class=\"elementor-field elementor-size-md  elementor-field-textual\" placeholder=\"Tu correo electr\u00f3nico\" required=\"required\">\n\t\t\t\t\t\t\t\t\t\t\t<\/div>\n\t\t\t\t\t\t\t\t<div class=\"elementor-field-type-textarea elementor-field-group elementor-column elementor-field-group-details_message elementor-col-100\">\n\t\t\t\t\t\t\t\t\t\t\t\t<label for=\"form-field-details_message\" class=\"elementor-field-label elementor-screen-only\">\n\t\t\t\t\t\t\t\tInformaci\u00f3n adicional\t\t\t\t\t\t\t<\/label>\n\t\t\t\t\t\t<textarea class=\"elementor-field-textual elementor-field  elementor-size-md\" name=\"form_fields[details_message]\" id=\"form-field-details_message\" rows=\"4\" placeholder=\"\u00bfHay alg\u00fan tema que debamos tener en cuenta o en el que debamos centrarnos durante la demostraci\u00f3n? \u00bfO tienes alguna otra pregunta? \"><\/textarea>\t\t\t\t<\/div>\n\t\t\t\t\t\t\t\t<div class=\"elementor-field-type-date elementor-field-group elementor-column elementor-field-group-field_0c6f7b2 elementor-col-50 elementor-field-required\">\n\t\t\t\t\t\t\t\t\t\t\t\t<label for=\"form-field-field_0c6f7b2\" class=\"elementor-field-label elementor-screen-only\">\n\t\t\t\t\t\t\t\tDemo Fecha de preferencia\t\t\t\t\t\t\t<\/label>\n\t\t\t\t\t\t\n\t\t<input type=\"date\" name=\"form_fields[field_0c6f7b2]\" id=\"form-field-field_0c6f7b2\" class=\"elementor-field elementor-size-md  elementor-field-textual elementor-date-field\" placeholder=\"Selecciona una fecha de preferencia en la que deber\u00eda tener lugar la demostraci\u00f3n?\" required=\"required\" pattern=\"[0-9]{4}-[0-9]{2}-[0-9]{2}\">\n\t\t\t\t\t\t<\/div>\n\t\t\t\t\t\t\t\t<div class=\"elementor-field-type-time elementor-field-group elementor-column elementor-field-group-field_4b96e4f elementor-col-50\">\n\t\t\t\t\t\t\t\t\t\t\t\t<label for=\"form-field-field_4b96e4f\" class=\"elementor-field-label elementor-screen-only\">\n\t\t\t\t\t\t\t\tDemo Hora de preferencia\t\t\t\t\t\t\t<\/label>\n\t\t\t\t\t\t\t\t<input type=\"time\" name=\"form_fields[field_4b96e4f]\" id=\"form-field-field_4b96e4f\" class=\"elementor-field elementor-size-md  elementor-field-textual elementor-time-field\" placeholder=\"Hora de preferencia\">\n\t\t\t\t\t\t<\/div>\n\t\t\t\t\t\t\t\t<div class=\"elementor-field-type-acceptance elementor-field-group elementor-column elementor-field-group-field_86f7072 elementor-col-100\">\n\t\t\t\t\t\t\t\t\t\t\t\t<label for=\"form-field-field_86f7072\" class=\"elementor-field-label elementor-screen-only\">\n\t\t\t\t\t\t\t\tAceptar Privacidad\t\t\t\t\t\t\t<\/label>\n\t\t\t\t\t\t\t\t<div class=\"elementor-field-subgroup\">\n\t\t\t<span class=\"elementor-field-option\">\n\t\t\t\t<input type=\"checkbox\" name=\"form_fields[field_86f7072]\" id=\"form-field-field_86f7072\" class=\"elementor-field elementor-size-md  elementor-acceptance-field\">\n\t\t\t\t<label for=\"form-field-field_86f7072\">Acepto la pol\u00edtica de privacidad, incluyendo que Syncbuilder utilice mis datos de contacto para ponerse en contacto conmigo con fines de marketing.<\/label>\t\t\t<\/span>\n\t\t<\/div>\n\t\t\t\t\t\t<\/div>\n\t\t\t\t\t\t\t\t<div class=\"elementor-field-type-recaptcha_v3 elementor-field-group elementor-column elementor-field-group-field_f933a95 elementor-col-100 recaptcha_v3-bottomright\">\n\t\t\t\t\t<div class=\"elementor-field\" id=\"form-field-field_f933a95\"><div class=\"elementor-g-recaptcha\" data-sitekey=\"6LfHttcsAAAAALLdpBUDHFeHPiad7ZPjtvaoPU3y\" data-type=\"v3\" data-action=\"Form\" data-badge=\"bottomright\" data-size=\"invisible\"><\/div><\/div>\t\t\t\t<\/div>\n\t\t\t\t\t\t\t\t<div class=\"elementor-field-group elementor-column elementor-field-type-submit elementor-col-100 e-form__buttons\">\n\t\t\t\t\t<button class=\"elementor-button elementor-size-md\" type=\"submit\">\n\t\t\t\t\t\t<span class=\"elementor-button-content-wrapper\">\n\t\t\t\t\t\t\t\t\t\t\t\t\t\t\t\t\t\t\t\t\t\t<span class=\"elementor-button-text\">Enviar solicitud de demostraci\u00f3n<\/span>\n\t\t\t\t\t\t\t\t\t\t\t\t\t<\/span>\n\t\t\t\t\t<\/button>\n\t\t\t\t<\/div>\n\t\t\t<\/div>\n\t\t<\/form>\n\t\t\t\t\t\t<\/div>\n\t\t\t\t<\/div>\n\t\t\t\t\t<\/div>\n\t\t\t\t<\/div>\n\t\t\t\t\t<\/div>\n\t\t\t\t<\/div>\n\t\t<div class=\"elementor-element elementor-element-undefined-b5d60d8 e-flex e-con-boxed e-con e-parent\" data-id=\"undefined-b5d60d8\" data-element_type=\"container\" data-e-type=\"container\">\n\t\t\t\t\t<div class=\"e-con-inner\">\n\t\t<div class=\"elementor-element elementor-element-undefined-4f55e0a e-con-full e-flex e-con e-child\" data-id=\"undefined-4f55e0a\" data-element_type=\"container\" data-e-type=\"container\">\n\t\t\t\t<div class=\"elementor-element elementor-element-undefined-f4d06a8 elementor-widget elementor-widget-counter\" data-id=\"undefined-f4d06a8\" data-element_type=\"widget\" data-e-type=\"widget\" data-widget_type=\"counter.default\">\n\t\t\t\t\t\t\t<div class=\"elementor-counter\">\n\t\t\t\t\t\t<div class=\"elementor-counter-number-wrapper\">\n\t\t\t\t<span class=\"elementor-counter-number-prefix\"><\/span>\n\t\t\t\t<span class=\"elementor-counter-number\" data-duration=\"2000\" data-to-value=\"12\" data-from-value=\"0\" data-delimiter=\",\">0<\/span>\n\t\t\t\t<span class=\"elementor-counter-number-suffix\">k<\/span>\n\t\t\t<\/div>\n\t\t<\/div>\n\t\t\t\t\t\t<\/div>\n\t\t\t\t<div class=\"elementor-element elementor-element-undefined-bc42101 elementor-widget elementor-widget-image-box\" data-id=\"undefined-bc42101\" data-element_type=\"widget\" data-e-type=\"widget\" data-widget_type=\"image-box.default\">\n\t\t\t\t\t<div class=\"elementor-image-box-wrapper\"><div class=\"elementor-image-box-content\"><h4 class=\"elementor-image-box-title\">Solicita una demostraci\u00f3n<\/h4><p class=\"elementor-image-box-description\">Rellena el siguiente formulario para programar tu demostraci\u00f3n con nosotros.<\/p><\/div><\/div>\t\t\t\t<\/div>\n\t\t\t\t<\/div>\n\t\t<div class=\"elementor-element elementor-element-undefined-8614038 e-con-full e-flex e-con e-child\" data-id=\"undefined-8614038\" data-element_type=\"container\" data-e-type=\"container\">\n\t\t\t\t<div class=\"elementor-element elementor-element-undefined-32b3c75 elementor-widget elementor-widget-counter\" data-id=\"undefined-32b3c75\" data-element_type=\"widget\" data-e-type=\"widget\" data-widget_type=\"counter.default\">\n\t\t\t\t\t\t\t<div class=\"elementor-counter\">\n\t\t\t\t\t\t<div class=\"elementor-counter-number-wrapper\">\n\t\t\t\t<span class=\"elementor-counter-number-prefix\"><\/span>\n\t\t\t\t<span class=\"elementor-counter-number\" data-duration=\"2000\" data-to-value=\"2.5\" data-from-value=\"0\" data-delimiter=\",\">0<\/span>\n\t\t\t\t<span class=\"elementor-counter-number-suffix\">k<\/span>\n\t\t\t<\/div>\n\t\t<\/div>\n\t\t\t\t\t\t<\/div>\n\t\t\t\t<div class=\"elementor-element elementor-element-undefined-42eedd3 elementor-widget elementor-widget-image-box\" data-id=\"undefined-42eedd3\" data-element_type=\"widget\" data-e-type=\"widget\" data-widget_type=\"image-box.default\">\n\t\t\t\t\t<div class=\"elementor-image-box-wrapper\"><div class=\"elementor-image-box-content\"><h4 class=\"elementor-image-box-title\">Elige una fecha<\/h4><p class=\"elementor-image-box-description\">Selecciona en nuestro calendario una fecha que te venga bien.<\/p><\/div><\/div>\t\t\t\t<\/div>\n\t\t\t\t<\/div>\n\t\t<div class=\"elementor-element elementor-element-undefined-69497c3 e-con-full e-flex e-con e-child\" data-id=\"undefined-69497c3\" data-element_type=\"container\" data-e-type=\"container\">\n\t\t\t\t<div class=\"elementor-element elementor-element-undefined-2da0c5f elementor-widget elementor-widget-counter\" data-id=\"undefined-2da0c5f\" data-element_type=\"widget\" data-e-type=\"widget\" data-widget_type=\"counter.default\">\n\t\t\t\t\t\t\t<div class=\"elementor-counter\">\n\t\t\t\t\t\t<div class=\"elementor-counter-number-wrapper\">\n\t\t\t\t<span class=\"elementor-counter-number-prefix\"><\/span>\n\t\t\t\t<span class=\"elementor-counter-number\" data-duration=\"2000\" data-to-value=\"400\" data-from-value=\"0\" data-delimiter=\",\">0<\/span>\n\t\t\t\t<span class=\"elementor-counter-number-suffix\"><\/span>\n\t\t\t<\/div>\n\t\t<\/div>\n\t\t\t\t\t\t<\/div>\n\t\t\t\t<div class=\"elementor-element elementor-element-undefined-8adcf26 elementor-widget elementor-widget-image-box\" data-id=\"undefined-8adcf26\" data-element_type=\"widget\" data-e-type=\"widget\" data-widget_type=\"image-box.default\">\n\t\t\t\t\t<div class=\"elementor-image-box-wrapper\"><div class=\"elementor-image-box-content\"><h4 class=\"elementor-image-box-title\">N\u00famero de asistentes<\/h4><p class=\"elementor-image-box-description\">Haznos saber cu\u00e1ntas personas asistir\u00e1n a la demostraci\u00f3n.<\/p><\/div><\/div>\t\t\t\t<\/div>\n\t\t\t\t<\/div>\n\t\t\t\t\t<\/div>\n\t\t\t\t<\/div>\n\t\t\t\t<\/div>\n\t\t","protected":false},"excerpt":{"rendered":"<p>Solicita una demostraci\u00f3n Estamos aqu\u00ed para ayudarte con cualquier consulta. Rellena el siguiente formulario y nos pondremos en contacto contigo en breve. 0 k Solicita una demostraci\u00f3n Rellena el siguiente formulario para programar tu demostraci\u00f3n con nosotros. 0 k Elige una fecha Selecciona en nuestro calendario una fecha que te venga bien. 0 N\u00famero de [&hellip;]<\/p>\n","protected":false},"author":1,"featured_media":0,"parent":0,"menu_order":0,"comment_status":"closed","ping_status":"closed","template":"elementor_header_footer","meta":{"footnotes":""},"class_list":["post-3357","page","type-page","status-publish","hentry"],"yoast_head":"<!-- This site is optimized with the Yoast SEO Premium plugin v27.5 (Yoast SEO v27.5) - https:\/\/yoast.com\/product\/yoast-seo-premium-wordpress\/ -->\n<title>Solicitar demostraci\u00f3n - Syncbuilder<\/title>\n<meta name=\"robots\" content=\"noindex, follow, max-snippet:-1, max-image-preview:large, max-video-preview:-1\" \/>\n<meta property=\"og:locale\" content=\"es_ES\" \/>\n<meta property=\"og:type\" content=\"article\" \/>\n<meta property=\"og:title\" content=\"Solicitar demostraci\u00f3n\" \/>\n<meta property=\"og:description\" content=\"Solicita una demostraci\u00f3n Estamos aqu\u00ed para ayudarte con cualquier consulta. Rellena el siguiente formulario y nos pondremos en contacto contigo en breve. 0 k Solicita una demostraci\u00f3n Rellena el siguiente formulario para programar tu demostraci\u00f3n con nosotros. 0 k Elige una fecha Selecciona en nuestro calendario una fecha que te venga bien. 0 N\u00famero de [&hellip;]\" \/>\n<meta property=\"og:url\" content=\"https:\/\/sbx.syncbuilder.com\/es\/solicitar-demostracion\/\" \/>\n<meta property=\"og:site_name\" content=\"Syncbuilder\" \/>\n<meta property=\"article:modified_time\" content=\"2026-05-07T07:56:56+00:00\" \/>\n<meta name=\"twitter:card\" content=\"summary_large_image\" \/>\n<script type=\"application\/ld+json\" class=\"yoast-schema-graph\">{\"@context\":\"https:\\\/\\\/schema.org\",\"@graph\":[{\"@type\":\"WebPage\",\"@id\":\"https:\\\/\\\/sbx.syncbuilder.com\\\/es\\\/solicitar-demostracion\\\/\",\"url\":\"https:\\\/\\\/sbx.syncbuilder.com\\\/es\\\/solicitar-demostracion\\\/\",\"name\":\"Solicitar demostraci\u00f3n - Syncbuilder\",\"isPartOf\":{\"@id\":\"https:\\\/\\\/sbx.syncbuilder.com\\\/es\\\/#website\"},\"datePublished\":\"2026-01-21T12:02:50+00:00\",\"dateModified\":\"2026-05-07T07:56:56+00:00\",\"breadcrumb\":{\"@id\":\"https:\\\/\\\/sbx.syncbuilder.com\\\/es\\\/solicitar-demostracion\\\/#breadcrumb\"},\"inLanguage\":\"es\",\"potentialAction\":[{\"@type\":\"ReadAction\",\"target\":[\"https:\\\/\\\/sbx.syncbuilder.com\\\/es\\\/solicitar-demostracion\\\/\"]}]},{\"@type\":\"BreadcrumbList\",\"@id\":\"https:\\\/\\\/sbx.syncbuilder.com\\\/es\\\/solicitar-demostracion\\\/#breadcrumb\",\"itemListElement\":[{\"@type\":\"ListItem\",\"position\":1,\"name\":\"Home\",\"item\":\"https:\\\/\\\/sbx.syncbuilder.com\\\/es\\\/inicio\\\/\"},{\"@type\":\"ListItem\",\"position\":2,\"name\":\"Solicitar demostraci\u00f3n\"}]},{\"@type\":\"WebSite\",\"@id\":\"https:\\\/\\\/sbx.syncbuilder.com\\\/es\\\/#website\",\"url\":\"https:\\\/\\\/sbx.syncbuilder.com\\\/es\\\/\",\"name\":\"Syncbuilder\",\"description\":\"\",\"publisher\":{\"@id\":\"https:\\\/\\\/sbx.syncbuilder.com\\\/es\\\/#organization\"},\"potentialAction\":[{\"@type\":\"SearchAction\",\"target\":{\"@type\":\"EntryPoint\",\"urlTemplate\":\"https:\\\/\\\/sbx.syncbuilder.com\\\/es\\\/?s={search_term_string}\"},\"query-input\":{\"@type\":\"PropertyValueSpecification\",\"valueRequired\":true,\"valueName\":\"search_term_string\"}}],\"inLanguage\":\"es\"},{\"@type\":[\"Organization\",\"Place\"],\"@id\":\"https:\\\/\\\/sbx.syncbuilder.com\\\/es\\\/#organization\",\"name\":\"Syncbuilder\",\"url\":\"https:\\\/\\\/sbx.syncbuilder.com\\\/es\\\/\",\"logo\":{\"@id\":\"https:\\\/\\\/sbx.syncbuilder.com\\\/es\\\/solicitar-demostracion\\\/#local-main-organization-logo\"},\"image\":{\"@id\":\"https:\\\/\\\/sbx.syncbuilder.com\\\/es\\\/solicitar-demostracion\\\/#local-main-organization-logo\"},\"telephone\":[],\"openingHoursSpecification\":[{\"@type\":\"OpeningHoursSpecification\",\"dayOfWeek\":[\"Monday\",\"Tuesday\",\"Wednesday\",\"Thursday\",\"Friday\",\"Saturday\",\"Sunday\"],\"opens\":\"09:00\",\"closes\":\"17:00\"}]},{\"@type\":\"ImageObject\",\"inLanguage\":\"es\",\"@id\":\"https:\\\/\\\/sbx.syncbuilder.com\\\/es\\\/solicitar-demostracion\\\/#local-main-organization-logo\",\"url\":\"https:\\\/\\\/sbx.syncbuilder.com\\\/wp-content\\\/uploads\\\/2025\\\/11\\\/syncbuilder_transparent.webp\",\"contentUrl\":\"https:\\\/\\\/sbx.syncbuilder.com\\\/wp-content\\\/uploads\\\/2025\\\/11\\\/syncbuilder_transparent.webp\",\"width\":1670,\"height\":175,\"caption\":\"Syncbuilder\"}]}<\/script>\n<!-- \/ Yoast SEO Premium plugin. -->","yoast_head_json":{"title":"Solicitar demostraci\u00f3n - Syncbuilder","robots":{"index":"noindex","follow":"follow","max-snippet":"max-snippet:-1","max-image-preview":"max-image-preview:large","max-video-preview":"max-video-preview:-1"},"og_locale":"es_ES","og_type":"article","og_title":"Solicitar demostraci\u00f3n","og_description":"Solicita una demostraci\u00f3n Estamos aqu\u00ed para ayudarte con cualquier consulta. Rellena el siguiente formulario y nos pondremos en contacto contigo en breve. 0 k Solicita una demostraci\u00f3n Rellena el siguiente formulario para programar tu demostraci\u00f3n con nosotros. 0 k Elige una fecha Selecciona en nuestro calendario una fecha que te venga bien. 0 N\u00famero de [&hellip;]","og_url":"https:\/\/sbx.syncbuilder.com\/es\/solicitar-demostracion\/","og_site_name":"Syncbuilder","article_modified_time":"2026-05-07T07:56:56+00:00","twitter_card":"summary_large_image","schema":{"@context":"https:\/\/schema.org","@graph":[{"@type":"WebPage","@id":"https:\/\/sbx.syncbuilder.com\/es\/solicitar-demostracion\/","url":"https:\/\/sbx.syncbuilder.com\/es\/solicitar-demostracion\/","name":"Solicitar demostraci\u00f3n - Syncbuilder","isPartOf":{"@id":"https:\/\/sbx.syncbuilder.com\/es\/#website"},"datePublished":"2026-01-21T12:02:50+00:00","dateModified":"2026-05-07T07:56:56+00:00","breadcrumb":{"@id":"https:\/\/sbx.syncbuilder.com\/es\/solicitar-demostracion\/#breadcrumb"},"inLanguage":"es","potentialAction":[{"@type":"ReadAction","target":["https:\/\/sbx.syncbuilder.com\/es\/solicitar-demostracion\/"]}]},{"@type":"BreadcrumbList","@id":"https:\/\/sbx.syncbuilder.com\/es\/solicitar-demostracion\/#breadcrumb","itemListElement":[{"@type":"ListItem","position":1,"name":"Home","item":"https:\/\/sbx.syncbuilder.com\/es\/inicio\/"},{"@type":"ListItem","position":2,"name":"Solicitar demostraci\u00f3n"}]},{"@type":"WebSite","@id":"https:\/\/sbx.syncbuilder.com\/es\/#website","url":"https:\/\/sbx.syncbuilder.com\/es\/","name":"Syncbuilder","description":"","publisher":{"@id":"https:\/\/sbx.syncbuilder.com\/es\/#organization"},"potentialAction":[{"@type":"SearchAction","target":{"@type":"EntryPoint","urlTemplate":"https:\/\/sbx.syncbuilder.com\/es\/?s={search_term_string}"},"query-input":{"@type":"PropertyValueSpecification","valueRequired":true,"valueName":"search_term_string"}}],"inLanguage":"es"},{"@type":["Organization","Place"],"@id":"https:\/\/sbx.syncbuilder.com\/es\/#organization","name":"Syncbuilder","url":"https:\/\/sbx.syncbuilder.com\/es\/","logo":{"@id":"https:\/\/sbx.syncbuilder.com\/es\/solicitar-demostracion\/#local-main-organization-logo"},"image":{"@id":"https:\/\/sbx.syncbuilder.com\/es\/solicitar-demostracion\/#local-main-organization-logo"},"telephone":[],"openingHoursSpecification":[{"@type":"OpeningHoursSpecification","dayOfWeek":["Monday","Tuesday","Wednesday","Thursday","Friday","Saturday","Sunday"],"opens":"09:00","closes":"17:00"}]},{"@type":"ImageObject","inLanguage":"es","@id":"https:\/\/sbx.syncbuilder.com\/es\/solicitar-demostracion\/#local-main-organization-logo","url":"https:\/\/sbx.syncbuilder.com\/wp-content\/uploads\/2025\/11\/syncbuilder_transparent.webp","contentUrl":"https:\/\/sbx.syncbuilder.com\/wp-content\/uploads\/2025\/11\/syncbuilder_transparent.webp","width":1670,"height":175,"caption":"Syncbuilder"}]}},"_links":{"self":[{"href":"https:\/\/sbx.syncbuilder.com\/es\/wp-json\/wp\/v2\/pages\/3357","targetHints":{"allow":["GET"]}}],"collection":[{"href":"https:\/\/sbx.syncbuilder.com\/es\/wp-json\/wp\/v2\/pages"}],"about":[{"href":"https:\/\/sbx.syncbuilder.com\/es\/wp-json\/wp\/v2\/types\/page"}],"author":[{"embeddable":true,"href":"https:\/\/sbx.syncbuilder.com\/es\/wp-json\/wp\/v2\/users\/1"}],"replies":[{"embeddable":true,"href":"https:\/\/sbx.syncbuilder.com\/es\/wp-json\/wp\/v2\/comments?post=3357"}],"version-history":[{"count":1,"href":"https:\/\/sbx.syncbuilder.com\/es\/wp-json\/wp\/v2\/pages\/3357\/revisions"}],"predecessor-version":[{"id":3358,"href":"https:\/\/sbx.syncbuilder.com\/es\/wp-json\/wp\/v2\/pages\/3357\/revisions\/3358"}],"wp:attachment":[{"href":"https:\/\/sbx.syncbuilder.com\/es\/wp-json\/wp\/v2\/media?parent=3357"}],"curies":[{"name":"wp","href":"https:\/\/api.w.org\/{rel}","templated":true}]}}