{"id":3195,"date":"2026-04-20T09:16:07","date_gmt":"2026-04-20T09:16:07","guid":{"rendered":"https:\/\/syncbuilder.com\/asociacion\/"},"modified":"2026-05-07T07:52:16","modified_gmt":"2026-05-07T07:52:16","slug":"asociacion","status":"publish","type":"page","link":"https:\/\/sbx.syncbuilder.com\/es\/asociacion\/","title":{"rendered":"Asociaci\u00f3n"},"content":{"rendered":"\t\t<div data-elementor-type=\"wp-page\" data-elementor-id=\"3195\" class=\"elementor elementor-3195 elementor-1959\" data-elementor-post-type=\"page\">\n\t\t\t\t<div class=\"elementor-element elementor-element-undefined-46e471a e-flex e-con-boxed e-con e-parent\" data-id=\"undefined-46e471a\" data-element_type=\"container\" data-e-type=\"container\">\n\t\t\t\t\t<div class=\"e-con-inner\">\n\t\t\t\t<div class=\"elementor-element elementor-element-undefined-a618660 elementor-widget elementor-widget-heading\" data-id=\"undefined-a618660\" data-element_type=\"widget\" data-e-type=\"widget\" data-widget_type=\"heading.default\">\n\t\t\t\t\t<h2 class=\"elementor-heading-title elementor-size-default\">Ventajas de la asociaci\u00f3n con SyncBuilder<\/h2>\t\t\t\t<\/div>\n\t\t<div class=\"elementor-element elementor-element-undefined-4e304be e-con-full e-flex e-con e-child\" data-id=\"undefined-4e304be\" data-element_type=\"container\" data-e-type=\"container\">\n\t\t\t\t<div class=\"elementor-element elementor-element-undefined-4dfdab6 elementor-widget__width-initial elementor-widget-mobile__width-inherit elementor-position-top elementor-widget elementor-widget-image-box\" data-id=\"undefined-4dfdab6\" data-element_type=\"widget\" data-e-type=\"widget\" data-widget_type=\"image-box.default\">\n\t\t\t\t\t<div class=\"elementor-image-box-wrapper\"><figure class=\"elementor-image-box-img\"><img fetchpriority=\"high\" decoding=\"async\" width=\"1405\" height=\"1405\" src=\"https:\/\/sbx.syncbuilder.com\/wp-content\/uploads\/2025\/11\/All-Of-Your-Computer-Needs_ilus.png\" class=\"elementor-animation-grow attachment-full size-full wp-image-3193\" alt=\"\" srcset=\"https:\/\/sbx.syncbuilder.com\/wp-content\/uploads\/2025\/11\/All-Of-Your-Computer-Needs_ilus.png 1405w, https:\/\/sbx.syncbuilder.com\/wp-content\/uploads\/2025\/11\/All-Of-Your-Computer-Needs_ilus-300x300.png 300w, https:\/\/sbx.syncbuilder.com\/wp-content\/uploads\/2025\/11\/All-Of-Your-Computer-Needs_ilus-1024x1024.png 1024w, https:\/\/sbx.syncbuilder.com\/wp-content\/uploads\/2025\/11\/All-Of-Your-Computer-Needs_ilus-150x150.png 150w, https:\/\/sbx.syncbuilder.com\/wp-content\/uploads\/2025\/11\/All-Of-Your-Computer-Needs_ilus-768x768.png 768w\" sizes=\"(max-width: 1405px) 100vw, 1405px\" \/><\/figure><div class=\"elementor-image-box-content\"><h4 class=\"elementor-image-box-title\">Alex Johnson, Cofundador<\/h4><p class=\"elementor-image-box-description\">Con m\u00e1s de una d\u00e9cada en startups tecnol\u00f3gicas, Alex aporta su experiencia en innovaci\u00f3n y estrategia, garantizando que nuestros clientes se sientan apoyados y valorados.<\/p><\/div><\/div>\t\t\t\t<\/div>\n\t\t\t\t<div class=\"elementor-element elementor-element-undefined-c7536fa elementor-widget__width-initial elementor-widget-mobile__width-inherit elementor-position-top elementor-widget elementor-widget-image-box\" data-id=\"undefined-c7536fa\" data-element_type=\"widget\" data-e-type=\"widget\" data-widget_type=\"image-box.default\">\n\t\t\t\t\t<div class=\"elementor-image-box-wrapper\"><figure class=\"elementor-image-box-img\"><img decoding=\"async\" width=\"1404\" height=\"1404\" src=\"https:\/\/sbx.syncbuilder.com\/wp-content\/uploads\/2025\/11\/Warranty-ilus.png\" class=\"elementor-animation-grow attachment-full size-full wp-image-3194\" alt=\"\" srcset=\"https:\/\/sbx.syncbuilder.com\/wp-content\/uploads\/2025\/11\/Warranty-ilus.png 1404w, https:\/\/sbx.syncbuilder.com\/wp-content\/uploads\/2025\/11\/Warranty-ilus-300x300.png 300w, https:\/\/sbx.syncbuilder.com\/wp-content\/uploads\/2025\/11\/Warranty-ilus-1024x1024.png 1024w, https:\/\/sbx.syncbuilder.com\/wp-content\/uploads\/2025\/11\/Warranty-ilus-150x150.png 150w, https:\/\/sbx.syncbuilder.com\/wp-content\/uploads\/2025\/11\/Warranty-ilus-768x768.png 768w\" sizes=\"(max-width: 1404px) 100vw, 1404px\" \/><\/figure><div class=\"elementor-image-box-content\"><h4 class=\"elementor-image-box-title\">Mar\u00eda Gonz\u00e1lez, Cofundadora<\/h4><p class=\"elementor-image-box-description\">La experiencia de Mar\u00eda en finanzas y operaciones nos permite ofrecer un asesoramiento s\u00f3lido, ayudando a nuestros socios a sentirse seguros en su colaboraci\u00f3n con nosotros.<\/p><\/div><\/div>\t\t\t\t<\/div>\n\t\t\t\t<div class=\"elementor-element elementor-element-undefined-1b19ab3 elementor-widget__width-initial elementor-widget-mobile__width-inherit elementor-position-top elementor-widget elementor-widget-image-box\" data-id=\"undefined-1b19ab3\" data-element_type=\"widget\" data-e-type=\"widget\" data-widget_type=\"image-box.default\">\n\t\t\t\t\t<div class=\"elementor-image-box-wrapper\"><figure class=\"elementor-image-box-img\"><img decoding=\"async\" width=\"1404\" height=\"1404\" src=\"https:\/\/sbx.syncbuilder.com\/wp-content\/uploads\/2025\/11\/faq-ilus.png\" class=\"elementor-animation-grow attachment-full size-full wp-image-3145\" alt=\"\" srcset=\"https:\/\/sbx.syncbuilder.com\/wp-content\/uploads\/2025\/11\/faq-ilus.png 1404w, https:\/\/sbx.syncbuilder.com\/wp-content\/uploads\/2025\/11\/faq-ilus-300x300.png 300w, https:\/\/sbx.syncbuilder.com\/wp-content\/uploads\/2025\/11\/faq-ilus-1024x1024.png 1024w, https:\/\/sbx.syncbuilder.com\/wp-content\/uploads\/2025\/11\/faq-ilus-150x150.png 150w, https:\/\/sbx.syncbuilder.com\/wp-content\/uploads\/2025\/11\/faq-ilus-768x768.png 768w\" sizes=\"(max-width: 1404px) 100vw, 1404px\" \/><\/figure><div class=\"elementor-image-box-content\"><h4 class=\"elementor-image-box-title\">Tom Becker, Cofundador<\/h4><p class=\"elementor-image-box-description\">Los a\u00f1os de experiencia de Tom en marketing y desarrollo empresarial garantizan que siempre estemos a la vanguardia, impulsando la confianza y el compromiso de los clientes.<\/p><\/div><\/div>\t\t\t\t<\/div>\n\t\t\t\t<\/div>\n\t\t\t\t\t<\/div>\n\t\t\t\t<\/div>\n\t\t<div class=\"elementor-element elementor-element-undefined-eb1f87a e-con-full e-flex e-con e-parent\" data-id=\"undefined-eb1f87a\" data-element_type=\"container\" data-e-type=\"container\">\n\t\t<div class=\"elementor-element elementor-element-undefined-647cd21 e-con-full e-flex e-con e-child\" data-id=\"undefined-647cd21\" data-element_type=\"container\" data-e-type=\"container\">\n\t\t\t\t<div class=\"elementor-element elementor-element-undefined-e2ac34a elementor-mobile-button-align-stretch elementor-button-align-stretch elementor-widget elementor-widget-form\" data-id=\"undefined-e2ac34a\" data-element_type=\"widget\" data-e-type=\"widget\" data-settings=\"{&quot;step_next_label&quot;:&quot;Siguiente&quot;,&quot;step_previous_label&quot;:&quot;Anterior&quot;,&quot;button_width&quot;:&quot;100&quot;,&quot;step_type&quot;:&quot;number_text&quot;,&quot;step_icon_shape&quot;:&quot;circle&quot;}\" data-widget_type=\"form.default\">\n\t\t\t\t\t\t\t<form class=\"elementor-form\" method=\"post\" name=\"Consulta de asociaci\u00f3n\" aria-label=\"Consulta de asociaci\u00f3n\">\n\t\t\t<input type=\"hidden\" name=\"post_id\" value=\"3195\"\/>\n\t\t\t<input type=\"hidden\" name=\"form_id\" value=\"undefined-e2ac34a\"\/>\n\t\t\t<input type=\"hidden\" name=\"referer_title\" value=\"Asociaci\u00f3n - Syncbuilder\" \/>\n\n\t\t\t\t\t\t\t<input type=\"hidden\" name=\"queried_id\" value=\"3195\"\/>\n\t\t\t\n\t\t\t<div class=\"elementor-form-fields-wrapper elementor-labels-\">\n\t\t\t\t\t\t\t\t<div class=\"elementor-field-type-text elementor-field-group elementor-column elementor-field-group-first_name elementor-col-50 elementor-field-required\">\n\t\t\t\t\t\t\t\t\t\t\t\t<label for=\"form-field-first_name\" class=\"elementor-field-label elementor-screen-only\">\n\t\t\t\t\t\t\t\tNombre\t\t\t\t\t\t\t<\/label>\n\t\t\t\t\t\t\t\t\t\t\t\t\t\t<input size=\"1\" type=\"text\" name=\"form_fields[first_name]\" id=\"form-field-first_name\" class=\"elementor-field elementor-size-sm  elementor-field-textual\" placeholder=\"Nombre\" required=\"required\">\n\t\t\t\t\t\t\t\t\t\t\t<\/div>\n\t\t\t\t\t\t\t\t<div class=\"elementor-field-type-text elementor-field-group elementor-column elementor-field-group-last_name_field elementor-col-50 elementor-field-required\">\n\t\t\t\t\t\t\t\t\t\t\t\t<label for=\"form-field-last_name_field\" class=\"elementor-field-label elementor-screen-only\">\n\t\t\t\t\t\t\t\tApellidos\t\t\t\t\t\t\t<\/label>\n\t\t\t\t\t\t\t\t\t\t\t\t\t\t<input size=\"1\" type=\"text\" name=\"form_fields[last_name_field]\" id=\"form-field-last_name_field\" class=\"elementor-field elementor-size-sm  elementor-field-textual\" placeholder=\"Apellido*\" required=\"required\">\n\t\t\t\t\t\t\t\t\t\t\t<\/div>\n\t\t\t\t\t\t\t\t<div class=\"elementor-field-type-tel elementor-field-group elementor-column elementor-field-group-phone_field elementor-col-50 elementor-field-required\">\n\t\t\t\t\t\t\t\t\t\t\t\t<label for=\"form-field-phone_field\" class=\"elementor-field-label elementor-screen-only\">\n\t\t\t\t\t\t\t\tN\u00famero de tel\u00e9fono\t\t\t\t\t\t\t<\/label>\n\t\t\t\t\t\t\t\t<input size=\"1\" type=\"tel\" name=\"form_fields[phone_field]\" id=\"form-field-phone_field\" class=\"elementor-field elementor-size-sm  elementor-field-textual\" placeholder=\"N\u00famero de tel\u00e9fono\" required=\"required\" pattern=\"[0-9()#&amp;+*-=.]+\" title=\"Solo se aceptan n\u00fameros y caracteres de tel\u00e9fono (#,-,*,etc).\">\n\n\t\t\t\t\t\t<\/div>\n\t\t\t\t\t\t\t\t<div class=\"elementor-field-type-email elementor-field-group elementor-column elementor-field-group-email_field elementor-col-50 elementor-field-required\">\n\t\t\t\t\t\t\t\t\t\t\t\t<label for=\"form-field-email_field\" class=\"elementor-field-label elementor-screen-only\">\n\t\t\t\t\t\t\t\tEnv\u00eda un correo electr\u00f3nico a\t\t\t\t\t\t\t<\/label>\n\t\t\t\t\t\t\t\t\t\t\t\t\t\t<input size=\"1\" type=\"email\" name=\"form_fields[email_field]\" id=\"form-field-email_field\" class=\"elementor-field elementor-size-sm  elementor-field-textual\" placeholder=\"Correo electr\u00f3nico\" required=\"required\">\n\t\t\t\t\t\t\t\t\t\t\t<\/div>\n\t\t\t\t\t\t\t\t<div class=\"elementor-field-type-textarea elementor-field-group elementor-column elementor-field-group-message_field elementor-col-100\">\n\t\t\t\t\t\t\t\t\t\t\t\t<label for=\"form-field-message_field\" class=\"elementor-field-label elementor-screen-only\">\n\t\t\t\t\t\t\t\tTu mensaje\t\t\t\t\t\t\t<\/label>\n\t\t\t\t\t\t<textarea class=\"elementor-field-textual elementor-field  elementor-size-sm\" name=\"form_fields[message_field]\" id=\"form-field-message_field\" rows=\"4\" placeholder=\"Escribe tu mensaje...\"><\/textarea>\t\t\t\t<\/div>\n\t\t\t\t\t\t\t\t<div class=\"elementor-field-type-recaptcha_v3 elementor-field-group elementor-column elementor-field-group-field_fb70dcf elementor-col-100 recaptcha_v3-bottomright\">\n\t\t\t\t\t<div class=\"elementor-field\" id=\"form-field-field_fb70dcf\"><div class=\"elementor-g-recaptcha\" data-sitekey=\"6LfHttcsAAAAALLdpBUDHFeHPiad7ZPjtvaoPU3y\" data-type=\"v3\" data-action=\"Form\" data-badge=\"bottomright\" data-size=\"invisible\"><\/div><\/div>\t\t\t\t<\/div>\n\t\t\t\t\t\t\t\t<div class=\"elementor-field-group elementor-column elementor-field-type-submit elementor-col-100 e-form__buttons\">\n\t\t\t\t\t<button class=\"elementor-button elementor-size-sm\" type=\"submit\">\n\t\t\t\t\t\t<span class=\"elementor-button-content-wrapper\">\n\t\t\t\t\t\t\t\t\t\t\t\t\t\t\t\t\t\t\t\t\t\t<span class=\"elementor-button-text\">Env\u00eda<\/span>\n\t\t\t\t\t\t\t\t\t\t\t\t\t<\/span>\n\t\t\t\t\t<\/button>\n\t\t\t\t<\/div>\n\t\t\t<\/div>\n\t\t<\/form>\n\t\t\t\t\t\t<\/div>\n\t\t\t\t<\/div>\n\t\t<div class=\"elementor-element elementor-element-undefined-2385134 e-con-full e-flex e-con e-child\" data-id=\"undefined-2385134\" data-element_type=\"container\" data-e-type=\"container\" data-settings=\"{&quot;background_background&quot;:&quot;classic&quot;}\">\n\t\t\t\t<div class=\"elementor-element elementor-element-undefined-c2ff2f0 elementor-widget elementor-widget-heading\" data-id=\"undefined-c2ff2f0\" data-element_type=\"widget\" data-e-type=\"widget\" data-widget_type=\"heading.default\">\n\t\t\t\t\t<h1 class=\"elementor-heading-title elementor-size-default\">Ponte en contacto<\/h1>\t\t\t\t<\/div>\n\t\t\t\t<div class=\"elementor-element elementor-element-undefined-799a0b5 elementor-widget elementor-widget-heading\" data-id=\"undefined-799a0b5\" data-element_type=\"widget\" data-e-type=\"widget\" data-widget_type=\"heading.default\">\n\t\t\t\t\t<p class=\"elementor-heading-title elementor-size-default\">Estamos deseando ponernos en contacto contigo.<br>Ponte en contacto con nosotros utilizando el siguiente formulario.<\/p>\t\t\t\t<\/div>\n\t\t\t\t<\/div>\n\t\t\t\t<\/div>\n\t\t\t\t<\/div>\n\t\t","protected":false},"excerpt":{"rendered":"<p>Ventajas de la asociaci\u00f3n con SyncBuilder Alex Johnson, Cofundador Con m\u00e1s de una d\u00e9cada en startups tecnol\u00f3gicas, Alex aporta su experiencia en innovaci\u00f3n y estrategia, garantizando que nuestros clientes se sientan apoyados y valorados. Mar\u00eda Gonz\u00e1lez, Cofundadora La experiencia de Mar\u00eda en finanzas y operaciones nos permite ofrecer un asesoramiento s\u00f3lido, ayudando a nuestros socios [&hellip;]<\/p>\n","protected":false},"author":1,"featured_media":0,"parent":0,"menu_order":0,"comment_status":"closed","ping_status":"closed","template":"elementor_header_footer","meta":{"footnotes":""},"class_list":["post-3195","page","type-page","status-publish","hentry"],"yoast_head":"<!-- This site is optimized with the Yoast SEO Premium plugin v27.5 (Yoast SEO v27.5) - https:\/\/yoast.com\/product\/yoast-seo-premium-wordpress\/ -->\n<title>Asociaci\u00f3n - Syncbuilder<\/title>\n<meta name=\"robots\" content=\"noindex, follow, max-snippet:-1, max-image-preview:large, max-video-preview:-1\" \/>\n<meta property=\"og:locale\" content=\"es_ES\" \/>\n<meta property=\"og:type\" content=\"article\" \/>\n<meta property=\"og:title\" content=\"Asociaci\u00f3n\" \/>\n<meta property=\"og:description\" content=\"Ventajas de la asociaci\u00f3n con SyncBuilder Alex Johnson, Cofundador Con m\u00e1s de una d\u00e9cada en startups tecnol\u00f3gicas, Alex aporta su experiencia en innovaci\u00f3n y estrategia, garantizando que nuestros clientes se sientan apoyados y valorados. Mar\u00eda Gonz\u00e1lez, Cofundadora La experiencia de Mar\u00eda en finanzas y operaciones nos permite ofrecer un asesoramiento s\u00f3lido, ayudando a nuestros socios [&hellip;]\" \/>\n<meta property=\"og:url\" content=\"https:\/\/sbx.syncbuilder.com\/es\/asociacion\/\" \/>\n<meta property=\"og:site_name\" content=\"Syncbuilder\" \/>\n<meta property=\"article:modified_time\" content=\"2026-05-07T07:52:16+00:00\" \/>\n<meta property=\"og:image\" content=\"https:\/\/sbx.syncbuilder.com\/wp-content\/uploads\/2025\/11\/All-Of-Your-Computer-Needs_ilus.png\" \/>\n\t<meta property=\"og:image:width\" content=\"1405\" \/>\n\t<meta property=\"og:image:height\" content=\"1405\" \/>\n\t<meta property=\"og:image:type\" content=\"image\/png\" \/>\n<meta name=\"twitter:card\" content=\"summary_large_image\" \/>\n<meta name=\"twitter:label1\" content=\"Tiempo de lectura\" \/>\n\t<meta name=\"twitter:data1\" content=\"1 minuto\" \/>\n<script type=\"application\/ld+json\" class=\"yoast-schema-graph\">{\"@context\":\"https:\\\/\\\/schema.org\",\"@graph\":[{\"@type\":\"WebPage\",\"@id\":\"https:\\\/\\\/sbx.syncbuilder.com\\\/es\\\/asociacion\\\/\",\"url\":\"https:\\\/\\\/sbx.syncbuilder.com\\\/es\\\/asociacion\\\/\",\"name\":\"Asociaci\u00f3n - Syncbuilder\",\"isPartOf\":{\"@id\":\"https:\\\/\\\/sbx.syncbuilder.com\\\/es\\\/#website\"},\"primaryImageOfPage\":{\"@id\":\"https:\\\/\\\/sbx.syncbuilder.com\\\/es\\\/asociacion\\\/#primaryimage\"},\"image\":{\"@id\":\"https:\\\/\\\/sbx.syncbuilder.com\\\/es\\\/asociacion\\\/#primaryimage\"},\"thumbnailUrl\":\"https:\\\/\\\/sbx.syncbuilder.com\\\/wp-content\\\/uploads\\\/2025\\\/11\\\/All-Of-Your-Computer-Needs_ilus.png\",\"datePublished\":\"2026-04-20T09:16:07+00:00\",\"dateModified\":\"2026-05-07T07:52:16+00:00\",\"breadcrumb\":{\"@id\":\"https:\\\/\\\/sbx.syncbuilder.com\\\/es\\\/asociacion\\\/#breadcrumb\"},\"inLanguage\":\"es\",\"potentialAction\":[{\"@type\":\"ReadAction\",\"target\":[\"https:\\\/\\\/sbx.syncbuilder.com\\\/es\\\/asociacion\\\/\"]}]},{\"@type\":\"ImageObject\",\"inLanguage\":\"es\",\"@id\":\"https:\\\/\\\/sbx.syncbuilder.com\\\/es\\\/asociacion\\\/#primaryimage\",\"url\":\"https:\\\/\\\/sbx.syncbuilder.com\\\/wp-content\\\/uploads\\\/2025\\\/11\\\/All-Of-Your-Computer-Needs_ilus.png\",\"contentUrl\":\"https:\\\/\\\/sbx.syncbuilder.com\\\/wp-content\\\/uploads\\\/2025\\\/11\\\/All-Of-Your-Computer-Needs_ilus.png\"},{\"@type\":\"BreadcrumbList\",\"@id\":\"https:\\\/\\\/sbx.syncbuilder.com\\\/es\\\/asociacion\\\/#breadcrumb\",\"itemListElement\":[{\"@type\":\"ListItem\",\"position\":1,\"name\":\"Home\",\"item\":\"https:\\\/\\\/sbx.syncbuilder.com\\\/es\\\/inicio\\\/\"},{\"@type\":\"ListItem\",\"position\":2,\"name\":\"Asociaci\u00f3n\"}]},{\"@type\":\"WebSite\",\"@id\":\"https:\\\/\\\/sbx.syncbuilder.com\\\/es\\\/#website\",\"url\":\"https:\\\/\\\/sbx.syncbuilder.com\\\/es\\\/\",\"name\":\"Syncbuilder\",\"description\":\"\",\"publisher\":{\"@id\":\"https:\\\/\\\/sbx.syncbuilder.com\\\/es\\\/#organization\"},\"potentialAction\":[{\"@type\":\"SearchAction\",\"target\":{\"@type\":\"EntryPoint\",\"urlTemplate\":\"https:\\\/\\\/sbx.syncbuilder.com\\\/es\\\/?s={search_term_string}\"},\"query-input\":{\"@type\":\"PropertyValueSpecification\",\"valueRequired\":true,\"valueName\":\"search_term_string\"}}],\"inLanguage\":\"es\"},{\"@type\":[\"Organization\",\"Place\"],\"@id\":\"https:\\\/\\\/sbx.syncbuilder.com\\\/es\\\/#organization\",\"name\":\"Syncbuilder\",\"url\":\"https:\\\/\\\/sbx.syncbuilder.com\\\/es\\\/\",\"logo\":{\"@id\":\"https:\\\/\\\/sbx.syncbuilder.com\\\/es\\\/asociacion\\\/#local-main-organization-logo\"},\"image\":{\"@id\":\"https:\\\/\\\/sbx.syncbuilder.com\\\/es\\\/asociacion\\\/#local-main-organization-logo\"},\"telephone\":[],\"openingHoursSpecification\":[{\"@type\":\"OpeningHoursSpecification\",\"dayOfWeek\":[\"Monday\",\"Tuesday\",\"Wednesday\",\"Thursday\",\"Friday\",\"Saturday\",\"Sunday\"],\"opens\":\"09:00\",\"closes\":\"17:00\"}]},{\"@type\":\"ImageObject\",\"inLanguage\":\"es\",\"@id\":\"https:\\\/\\\/sbx.syncbuilder.com\\\/es\\\/asociacion\\\/#local-main-organization-logo\",\"url\":\"https:\\\/\\\/sbx.syncbuilder.com\\\/wp-content\\\/uploads\\\/2025\\\/11\\\/syncbuilder_transparent.webp\",\"contentUrl\":\"https:\\\/\\\/sbx.syncbuilder.com\\\/wp-content\\\/uploads\\\/2025\\\/11\\\/syncbuilder_transparent.webp\",\"width\":1670,\"height\":175,\"caption\":\"Syncbuilder\"}]}<\/script>\n<!-- \/ Yoast SEO Premium plugin. -->","yoast_head_json":{"title":"Asociaci\u00f3n - Syncbuilder","robots":{"index":"noindex","follow":"follow","max-snippet":"max-snippet:-1","max-image-preview":"max-image-preview:large","max-video-preview":"max-video-preview:-1"},"og_locale":"es_ES","og_type":"article","og_title":"Asociaci\u00f3n","og_description":"Ventajas de la asociaci\u00f3n con SyncBuilder Alex Johnson, Cofundador Con m\u00e1s de una d\u00e9cada en startups tecnol\u00f3gicas, Alex aporta su experiencia en innovaci\u00f3n y estrategia, garantizando que nuestros clientes se sientan apoyados y valorados. Mar\u00eda Gonz\u00e1lez, Cofundadora La experiencia de Mar\u00eda en finanzas y operaciones nos permite ofrecer un asesoramiento s\u00f3lido, ayudando a nuestros socios [&hellip;]","og_url":"https:\/\/sbx.syncbuilder.com\/es\/asociacion\/","og_site_name":"Syncbuilder","article_modified_time":"2026-05-07T07:52:16+00:00","og_image":[{"width":1405,"height":1405,"url":"https:\/\/sbx.syncbuilder.com\/wp-content\/uploads\/2025\/11\/All-Of-Your-Computer-Needs_ilus.png","type":"image\/png"}],"twitter_card":"summary_large_image","twitter_misc":{"Tiempo de lectura":"1 minuto"},"schema":{"@context":"https:\/\/schema.org","@graph":[{"@type":"WebPage","@id":"https:\/\/sbx.syncbuilder.com\/es\/asociacion\/","url":"https:\/\/sbx.syncbuilder.com\/es\/asociacion\/","name":"Asociaci\u00f3n - Syncbuilder","isPartOf":{"@id":"https:\/\/sbx.syncbuilder.com\/es\/#website"},"primaryImageOfPage":{"@id":"https:\/\/sbx.syncbuilder.com\/es\/asociacion\/#primaryimage"},"image":{"@id":"https:\/\/sbx.syncbuilder.com\/es\/asociacion\/#primaryimage"},"thumbnailUrl":"https:\/\/sbx.syncbuilder.com\/wp-content\/uploads\/2025\/11\/All-Of-Your-Computer-Needs_ilus.png","datePublished":"2026-04-20T09:16:07+00:00","dateModified":"2026-05-07T07:52:16+00:00","breadcrumb":{"@id":"https:\/\/sbx.syncbuilder.com\/es\/asociacion\/#breadcrumb"},"inLanguage":"es","potentialAction":[{"@type":"ReadAction","target":["https:\/\/sbx.syncbuilder.com\/es\/asociacion\/"]}]},{"@type":"ImageObject","inLanguage":"es","@id":"https:\/\/sbx.syncbuilder.com\/es\/asociacion\/#primaryimage","url":"https:\/\/sbx.syncbuilder.com\/wp-content\/uploads\/2025\/11\/All-Of-Your-Computer-Needs_ilus.png","contentUrl":"https:\/\/sbx.syncbuilder.com\/wp-content\/uploads\/2025\/11\/All-Of-Your-Computer-Needs_ilus.png"},{"@type":"BreadcrumbList","@id":"https:\/\/sbx.syncbuilder.com\/es\/asociacion\/#breadcrumb","itemListElement":[{"@type":"ListItem","position":1,"name":"Home","item":"https:\/\/sbx.syncbuilder.com\/es\/inicio\/"},{"@type":"ListItem","position":2,"name":"Asociaci\u00f3n"}]},{"@type":"WebSite","@id":"https:\/\/sbx.syncbuilder.com\/es\/#website","url":"https:\/\/sbx.syncbuilder.com\/es\/","name":"Syncbuilder","description":"","publisher":{"@id":"https:\/\/sbx.syncbuilder.com\/es\/#organization"},"potentialAction":[{"@type":"SearchAction","target":{"@type":"EntryPoint","urlTemplate":"https:\/\/sbx.syncbuilder.com\/es\/?s={search_term_string}"},"query-input":{"@type":"PropertyValueSpecification","valueRequired":true,"valueName":"search_term_string"}}],"inLanguage":"es"},{"@type":["Organization","Place"],"@id":"https:\/\/sbx.syncbuilder.com\/es\/#organization","name":"Syncbuilder","url":"https:\/\/sbx.syncbuilder.com\/es\/","logo":{"@id":"https:\/\/sbx.syncbuilder.com\/es\/asociacion\/#local-main-organization-logo"},"image":{"@id":"https:\/\/sbx.syncbuilder.com\/es\/asociacion\/#local-main-organization-logo"},"telephone":[],"openingHoursSpecification":[{"@type":"OpeningHoursSpecification","dayOfWeek":["Monday","Tuesday","Wednesday","Thursday","Friday","Saturday","Sunday"],"opens":"09:00","closes":"17:00"}]},{"@type":"ImageObject","inLanguage":"es","@id":"https:\/\/sbx.syncbuilder.com\/es\/asociacion\/#local-main-organization-logo","url":"https:\/\/sbx.syncbuilder.com\/wp-content\/uploads\/2025\/11\/syncbuilder_transparent.webp","contentUrl":"https:\/\/sbx.syncbuilder.com\/wp-content\/uploads\/2025\/11\/syncbuilder_transparent.webp","width":1670,"height":175,"caption":"Syncbuilder"}]}},"_links":{"self":[{"href":"https:\/\/sbx.syncbuilder.com\/es\/wp-json\/wp\/v2\/pages\/3195","targetHints":{"allow":["GET"]}}],"collection":[{"href":"https:\/\/sbx.syncbuilder.com\/es\/wp-json\/wp\/v2\/pages"}],"about":[{"href":"https:\/\/sbx.syncbuilder.com\/es\/wp-json\/wp\/v2\/types\/page"}],"author":[{"embeddable":true,"href":"https:\/\/sbx.syncbuilder.com\/es\/wp-json\/wp\/v2\/users\/1"}],"replies":[{"embeddable":true,"href":"https:\/\/sbx.syncbuilder.com\/es\/wp-json\/wp\/v2\/comments?post=3195"}],"version-history":[{"count":1,"href":"https:\/\/sbx.syncbuilder.com\/es\/wp-json\/wp\/v2\/pages\/3195\/revisions"}],"predecessor-version":[{"id":3196,"href":"https:\/\/sbx.syncbuilder.com\/es\/wp-json\/wp\/v2\/pages\/3195\/revisions\/3196"}],"wp:attachment":[{"href":"https:\/\/sbx.syncbuilder.com\/es\/wp-json\/wp\/v2\/media?parent=3195"}],"curies":[{"name":"wp","href":"https:\/\/api.w.org\/{rel}","templated":true}]}}