{"id":3166,"date":"2026-04-29T11:30:18","date_gmt":"2026-04-29T11:30:18","guid":{"rendered":"https:\/\/syncbuilder.com\/servicio-experto\/"},"modified":"2026-05-07T11:32:39","modified_gmt":"2026-05-07T11:32:39","slug":"servicio-experto","status":"publish","type":"page","link":"https:\/\/sbx.syncbuilder.com\/es\/servicio-experto\/","title":{"rendered":"Servicio experto"},"content":{"rendered":"\t\t<div data-elementor-type=\"wp-page\" data-elementor-id=\"3166\" class=\"elementor elementor-3166 elementor-2140\" data-elementor-post-type=\"page\">\n\t\t\t\t<div class=\"elementor-element elementor-element-11fbc6c e-flex e-con-boxed e-con e-parent\" data-id=\"11fbc6c\" data-element_type=\"container\" data-e-type=\"container\" data-settings=\"{&quot;shape_divider_bottom&quot;:&quot;waves&quot;,&quot;shape_divider_top&quot;:&quot;waves&quot;,&quot;shape_divider_top_negative&quot;:&quot;yes&quot;}\">\n\t\t\t\t\t<div class=\"e-con-inner\">\n\t\t\t\t<div class=\"elementor-shape elementor-shape-top\" aria-hidden=\"true\" data-negative=\"true\">\n\t\t\t<svg xmlns=\"http:\/\/www.w3.org\/2000\/svg\" viewBox=\"0 0 1000 100\" preserveAspectRatio=\"none\">\n\t<path class=\"elementor-shape-fill\" d=\"M790.5,93.1c-59.3-5.3-116.8-18-192.6-50c-29.6-12.7-76.9-31-100.5-35.9c-23.6-4.9-52.6-7.8-75.5-5.3\n\tc-10.2,1.1-22.6,1.4-50.1,7.4c-27.2,6.3-58.2,16.6-79.4,24.7c-41.3,15.9-94.9,21.9-134,22.6C72,58.2,0,25.8,0,25.8V100h1000V65.3\n\tc0,0-51.5,19.4-106.2,25.7C839.5,97,814.1,95.2,790.5,93.1z\"\/>\n<\/svg>\t\t<\/div>\n\t\t\t\t<div class=\"elementor-shape elementor-shape-bottom\" aria-hidden=\"true\" data-negative=\"false\">\n\t\t\t<svg xmlns=\"http:\/\/www.w3.org\/2000\/svg\" viewBox=\"0 0 1000 100\" preserveAspectRatio=\"none\">\n\t<path class=\"elementor-shape-fill\" d=\"M421.9,6.5c22.6-2.5,51.5,0.4,75.5,5.3c23.6,4.9,70.9,23.5,100.5,35.7c75.8,32.2,133.7,44.5,192.6,49.7\n\tc23.6,2.1,48.7,3.5,103.4-2.5c54.7-6,106.2-25.6,106.2-25.6V0H0v30.3c0,0,72,32.6,158.4,30.5c39.2-0.7,92.8-6.7,134-22.4\n\tc21.2-8.1,52.2-18.2,79.7-24.2C399.3,7.9,411.6,7.5,421.9,6.5z\"\/>\n<\/svg>\t\t<\/div>\n\t\t\t\t<div class=\"elementor-element elementor-element-ce75e10 elementor-widget elementor-widget-flex-hero\" data-id=\"ce75e10\" data-element_type=\"widget\" data-e-type=\"widget\" data-settings=\"{&quot;layout_preset&quot;:&quot;showcase&quot;,&quot;layout_column_structure&quot;:&quot;50-50&quot;,&quot;layout_image_position&quot;:&quot;end&quot;,&quot;primary_button_shape&quot;:&quot;default&quot;,&quot;image_shape&quot;:&quot;sharp&quot;,&quot;box_shape&quot;:&quot;sharp&quot;}\" data-widget_type=\"flex-hero.default\">\n\t\t\t\t<div class=\"elementor-widget-container\">\n\t\t\t\t\t\t\t<div class=\"has-shape-sharp shape-type-box has-column-structure-50-50  ehp-flex-hero has-layout-preset-showcase has-image-position-end\">\n\t\t\t\t\t\t<div class=\"ehp-flex-hero__overlay\"><\/div>\n\t\t\t<div class=\"ehp-flex-hero__content-container\">\n\t\t\t\t<p class=\"ehp-flex-hero__intro\">Servicio experto<\/p><h2 class=\"ehp-flex-hero__heading\">Robustez visual, rapidez y sencillez son las palabras clave<\/h2><p class=\"ehp-flex-hero__subheading\">Crea y gestiona f\u00e1cilmente tus flujos de trabajo mediante un sistema de arrastrar y soltar. O elige entre cientos de conectores para conectar datos a fuentes externas. O crea API seguras con autenticaci\u00f3n basada en roles.  <br> <br>La plataforma SyncBuilder ofrece todo esto con funciones f\u00e1ciles de usar, por muy compleja que sea.<\/p>\t\t\t<div class=\"ehp-flex-hero__ctas-container\">\n\t\t\t\t\t\t\t\t\t\t\t<\/div>\n\t\t\t\t\t<\/div>\n\t\t\t\t<div class=\"ehp-flex-hero__image-wrapper\">\n\t\t\t\t\t<div class=\"ehp-image ehp-flex-hero__image-container\">\n\t\t\t\t<img decoding=\"async\" class=\"ehp-image__img ehp-flex-hero__img has-shape-sharp shape-type-image\" src=\"https:\/\/sbx.syncbuilder.com\/wp-content\/uploads\/2026\/04\/woman_with_thump_and-logo_syncbuilder-e1777465824276.webp\" title=\"woman_with_thump_and logo_syncbuilder\" alt=\"woman_with_thump_and logo_syncbuilder\" loading=\"lazy\" \/>\t\t\t<\/div>\n\t\t\t\t\t<\/div>\n\t\t\t\t<\/div>\n\t\t\t\t\t\t<\/div>\n\t\t\t\t<\/div>\n\t\t\t\t\t<\/div>\n\t\t\t\t<\/div>\n\t\t<div class=\"elementor-element elementor-element-c8811c3 e-flex e-con-boxed e-con e-parent\" data-id=\"c8811c3\" data-element_type=\"container\" data-e-type=\"container\" data-settings=\"{&quot;background_background&quot;:&quot;classic&quot;}\">\n\t\t\t\t\t<div class=\"e-con-inner\">\n\t\t\t\t<div class=\"elementor-element elementor-element-d15d62e elementor-widget elementor-widget-menu-anchor\" data-id=\"d15d62e\" data-element_type=\"widget\" data-e-type=\"widget\" data-widget_type=\"menu-anchor.default\">\n\t\t\t\t\t\t\t<div class=\"elementor-menu-anchor\" id=\"anlisis_asesoramiento\"><\/div>\n\t\t\t\t\t\t<\/div>\n\t\t\t\t<div class=\"elementor-element elementor-element-8962470 elementor-widget elementor-widget-heading\" data-id=\"8962470\" data-element_type=\"widget\" data-e-type=\"widget\" data-widget_type=\"heading.default\">\n\t\t\t\t\t<h2 class=\"elementor-heading-title elementor-size-default\">An\u00e1lisis y asesoramiento<\/h2>\t\t\t\t<\/div>\n\t\t\t\t<div class=\"elementor-element elementor-element-0633e51 elementor-widget__width-initial elementor-widget elementor-widget-text-editor\" data-id=\"0633e51\" data-element_type=\"widget\" data-e-type=\"widget\" data-widget_type=\"text-editor.default\">\n\t\t\t\t\t\t\t\t\t<p>Las organizaciones se enfrentan constantemente a decisiones que afectan a su crecimiento, eficiencia y futuro digital. Nuestros servicios de An\u00e1lisis y Asesoramiento te ayudan a tomar esas decisiones con confianza, respaldados por ideas claras y orientaciones pr\u00e1cticas. <\/p><p>Combinamos profundos conocimientos t\u00e9cnicos con pensamiento estrat\u00e9gico. Nada de largos informes que se quedan en una estanter\u00eda, sino recomendaciones pr\u00e1cticas con las que puedes avanzar. <\/p>\t\t\t\t\t\t\t\t<\/div>\n\t\t<div class=\"elementor-element elementor-element-b7b6015 e-con-full e-grid e-con e-child\" data-id=\"b7b6015\" data-element_type=\"container\" data-e-type=\"container\">\n\t\t\t\t<div class=\"elementor-element elementor-element-87768b0 elementor-widget__width-initial elementor-widget elementor-widget-text-editor\" data-id=\"87768b0\" data-element_type=\"widget\" data-e-type=\"widget\" data-widget_type=\"text-editor.default\">\n\t\t\t\t\t\t\t\t\t<p> <\/p><h3>Qu\u00e9 hacemos<\/h3><ul><li><p><strong>An\u00e1lisis t\u00e9cnico<\/strong><br>Evaluamos tus sistemas, arquitectura y procesos actuales para identificar cuellos de botella, riesgos y oportunidades.<\/p><\/li><li><p><strong>Arquitectura y estrategia<\/strong><br>Dise\u00f1amos soluciones escalables y preparadas para el futuro, alineadas con tus objetivos empresariales.<\/p><\/li><li><p><strong>Asesoramiento independiente<\/strong><br>Proporcionamos orientaci\u00f3n objetiva sobre herramientas, plataformas y proveedores, sin agendas ocultas.<\/p><\/li><li><p><strong>Hojas de ruta y apoyo a la toma de decisiones<\/strong><br>Convertimos los conocimientos en hojas de ruta claras y pr\u00e1cticas para que puedas invertir y construir con confianza.<\/p><\/li><\/ul>\t\t\t\t\t\t\t\t<\/div>\n\t\t\t\t<div class=\"elementor-element elementor-element-690bc5c elementor-widget__width-initial elementor-widget elementor-widget-text-editor\" data-id=\"690bc5c\" data-element_type=\"widget\" data-e-type=\"widget\" data-widget_type=\"text-editor.default\">\n\t\t\t\t\t\t\t\t\t<h3>A qui\u00e9n va dirigido<\/h3><p>Nuestros servicios de An\u00e1lisis y Asesoramiento son ideales para organizaciones que:<\/p><ul><li><p>Se enfrentan a decisiones t\u00e9cnicas o digitales cr\u00edticas<\/p><\/li><li><p>Quieren modernizar o mejorar su entorno inform\u00e1tico<\/p><\/li><li><p>Necesidad de experiencia independiente para retos complejos<\/p><\/li><li><p>Buscan un mejor control de los costes, el rendimiento y la escalabilidad<\/p><\/li><\/ul>\t\t\t\t\t\t\t\t<\/div>\n\t\t\t\t<div class=\"elementor-element elementor-element-516c1e6 elementor-widget__width-initial elementor-widget elementor-widget-text-editor\" data-id=\"516c1e6\" data-element_type=\"widget\" data-e-type=\"widget\" data-widget_type=\"text-editor.default\">\n\t\t\t\t\t\t\t\t\t<h3>Lo que obtienes<\/h3><ul><li><p>Una visi\u00f3n clara de tu situaci\u00f3n actual<\/p><\/li><li><p>Recomendaciones concretas y priorizadas<\/p><\/li><li><p>Una hoja de ruta pr\u00e1ctica para los pr\u00f3ximos pasos<\/p><\/li><li><p>Consejos sobre los que puedes actuar inmediatamente<\/p><\/li><\/ul>\t\t\t\t\t\t\t\t<\/div>\n\t\t\t\t<\/div>\n\t\t\t\t\t<\/div>\n\t\t\t\t<\/div>\n\t\t<div class=\"elementor-element elementor-element-02759bb e-flex e-con-boxed e-con e-parent\" data-id=\"02759bb\" data-element_type=\"container\" data-e-type=\"container\" data-settings=\"{&quot;background_background&quot;:&quot;classic&quot;}\">\n\t\t\t\t\t<div class=\"e-con-inner\">\n\t\t\t\t<div class=\"elementor-element elementor-element-d83ecc5 elementor-widget elementor-widget-menu-anchor\" data-id=\"d83ecc5\" data-element_type=\"widget\" data-e-type=\"widget\" data-widget_type=\"menu-anchor.default\">\n\t\t\t\t\t\t\t<div class=\"elementor-menu-anchor\" id=\"especialistas_en_flujo_de_trabajo_de_integracin\"><\/div>\n\t\t\t\t\t\t<\/div>\n\t\t\t\t<div class=\"elementor-element elementor-element-9fa7828 elementor-widget elementor-widget-heading\" data-id=\"9fa7828\" data-element_type=\"widget\" data-e-type=\"widget\" data-widget_type=\"heading.default\">\n\t\t\t\t\t<h2 class=\"elementor-heading-title elementor-size-default\">Especialistas en integraci\u00f3n o flujo de trabajo<\/h2>\t\t\t\t<\/div>\n\t\t\t\t<div class=\"elementor-element elementor-element-0780567 elementor-widget__width-initial elementor-widget elementor-widget-text-editor\" data-id=\"0780567\" data-element_type=\"widget\" data-e-type=\"widget\" data-widget_type=\"text-editor.default\">\n\t\t\t\t\t\t\t\t\t<p>El modelo h\u00edbrido iPaaS de SyncBuilder combina la flexibilidad de la nube con la seguridad y el control de la implantaci\u00f3n local. Utiliza nuestro backend escalable en la nube o ejecuta la plataforma en tu propia infraestructura. <\/p>\t\t\t\t\t\t\t\t<\/div>\n\t\t\t\t\t<\/div>\n\t\t\t\t<\/div>\n\t\t<div class=\"elementor-element elementor-element-7352e82 e-flex e-con-boxed e-con e-parent\" data-id=\"7352e82\" data-element_type=\"container\" data-e-type=\"container\" data-settings=\"{&quot;background_background&quot;:&quot;classic&quot;}\">\n\t\t\t\t\t<div class=\"e-con-inner\">\n\t\t\t\t<div class=\"elementor-element elementor-element-f56b0bd elementor-widget elementor-widget-menu-anchor\" data-id=\"f56b0bd\" data-element_type=\"widget\" data-e-type=\"widget\" data-widget_type=\"menu-anchor.default\">\n\t\t\t\t\t\t\t<div class=\"elementor-menu-anchor\" id=\"contratacin_no_plataforma\"><\/div>\n\t\t\t\t\t\t<\/div>\n\t\t\t\t<div class=\"elementor-element elementor-element-c17fac7 elementor-widget elementor-widget-heading\" data-id=\"c17fac7\" data-element_type=\"widget\" data-e-type=\"widget\" data-widget_type=\"heading.default\">\n\t\t\t\t\t<h2 class=\"elementor-heading-title elementor-size-default\">Contrataci\u00f3n de expertos no relacionados con la plataforma u otros relacionados<\/h2>\t\t\t\t<\/div>\n\t\t\t\t<div class=\"elementor-element elementor-element-c6bcae0 elementor-widget__width-initial elementor-widget elementor-widget-text-editor\" data-id=\"c6bcae0\" data-element_type=\"widget\" data-e-type=\"widget\" data-widget_type=\"text-editor.default\">\n\t\t\t\t\t\t\t\t\t<p>El modelo h\u00edbrido iPaaS de SyncBuilder combina la flexibilidad de la nube con la seguridad y el control de la implantaci\u00f3n local. Utiliza nuestro backend escalable en la nube o ejecuta la plataforma en tu propia infraestructura. <\/p>\t\t\t\t\t\t\t\t<\/div>\n\t\t\t\t\t<\/div>\n\t\t\t\t<\/div>\n\t\t\t\t<\/div>\n\t\t","protected":false},"excerpt":{"rendered":"<p>Servicio experto Robustez visual, rapidez y sencillez son las palabras clave Crea y gestiona f\u00e1cilmente tus flujos de trabajo mediante un sistema de arrastrar y soltar. O elige entre cientos de conectores para conectar datos a fuentes externas. O crea API seguras con autenticaci\u00f3n basada en roles. La plataforma SyncBuilder ofrece todo esto con funciones [&hellip;]<\/p>\n","protected":false},"author":1,"featured_media":0,"parent":0,"menu_order":0,"comment_status":"closed","ping_status":"closed","template":"elementor_header_footer","meta":{"footnotes":""},"class_list":["post-3166","page","type-page","status-publish","hentry"],"yoast_head":"<!-- This site is optimized with the Yoast SEO Premium plugin v27.5 (Yoast SEO v27.5) - https:\/\/yoast.com\/product\/yoast-seo-premium-wordpress\/ -->\n<title>Servicio experto - Syncbuilder<\/title>\n<meta name=\"robots\" content=\"noindex, follow, max-snippet:-1, max-image-preview:large, max-video-preview:-1\" \/>\n<meta property=\"og:locale\" content=\"es_ES\" \/>\n<meta property=\"og:type\" content=\"article\" \/>\n<meta property=\"og:title\" content=\"Servicio experto\" \/>\n<meta property=\"og:description\" content=\"Servicio experto Robustez visual, rapidez y sencillez son las palabras clave Crea y gestiona f\u00e1cilmente tus flujos de trabajo mediante un sistema de arrastrar y soltar. O elige entre cientos de conectores para conectar datos a fuentes externas. O crea API seguras con autenticaci\u00f3n basada en roles. La plataforma SyncBuilder ofrece todo esto con funciones [&hellip;]\" \/>\n<meta property=\"og:url\" content=\"https:\/\/sbx.syncbuilder.com\/es\/servicio-experto\/\" \/>\n<meta property=\"og:site_name\" content=\"Syncbuilder\" \/>\n<meta property=\"article:modified_time\" content=\"2026-05-07T11:32:39+00:00\" \/>\n<meta property=\"og:image\" content=\"https:\/\/sbx.syncbuilder.com\/wp-content\/uploads\/2026\/04\/woman_with_thump_and-logo_syncbuilder-e1777465824276.webp\" \/>\n<meta name=\"twitter:card\" content=\"summary_large_image\" \/>\n<meta name=\"twitter:label1\" content=\"Tiempo de lectura\" \/>\n\t<meta name=\"twitter:data1\" content=\"2 minutos\" \/>\n<script type=\"application\/ld+json\" class=\"yoast-schema-graph\">{\"@context\":\"https:\\\/\\\/schema.org\",\"@graph\":[{\"@type\":\"WebPage\",\"@id\":\"https:\\\/\\\/sbx.syncbuilder.com\\\/es\\\/servicio-experto\\\/\",\"url\":\"https:\\\/\\\/sbx.syncbuilder.com\\\/es\\\/servicio-experto\\\/\",\"name\":\"Servicio experto - Syncbuilder\",\"isPartOf\":{\"@id\":\"https:\\\/\\\/sbx.syncbuilder.com\\\/es\\\/#website\"},\"primaryImageOfPage\":{\"@id\":\"https:\\\/\\\/sbx.syncbuilder.com\\\/es\\\/servicio-experto\\\/#primaryimage\"},\"image\":{\"@id\":\"https:\\\/\\\/sbx.syncbuilder.com\\\/es\\\/servicio-experto\\\/#primaryimage\"},\"thumbnailUrl\":\"https:\\\/\\\/sbx.syncbuilder.com\\\/wp-content\\\/uploads\\\/2026\\\/04\\\/woman_with_thump_and-logo_syncbuilder-e1777465824276.webp\",\"datePublished\":\"2026-04-29T11:30:18+00:00\",\"dateModified\":\"2026-05-07T11:32:39+00:00\",\"breadcrumb\":{\"@id\":\"https:\\\/\\\/sbx.syncbuilder.com\\\/es\\\/servicio-experto\\\/#breadcrumb\"},\"inLanguage\":\"es\",\"potentialAction\":[{\"@type\":\"ReadAction\",\"target\":[\"https:\\\/\\\/sbx.syncbuilder.com\\\/es\\\/servicio-experto\\\/\"]}]},{\"@type\":\"ImageObject\",\"inLanguage\":\"es\",\"@id\":\"https:\\\/\\\/sbx.syncbuilder.com\\\/es\\\/servicio-experto\\\/#primaryimage\",\"url\":\"https:\\\/\\\/sbx.syncbuilder.com\\\/wp-content\\\/uploads\\\/2026\\\/04\\\/woman_with_thump_and-logo_syncbuilder-e1777465824276.webp\",\"contentUrl\":\"https:\\\/\\\/sbx.syncbuilder.com\\\/wp-content\\\/uploads\\\/2026\\\/04\\\/woman_with_thump_and-logo_syncbuilder-e1777465824276.webp\"},{\"@type\":\"BreadcrumbList\",\"@id\":\"https:\\\/\\\/sbx.syncbuilder.com\\\/es\\\/servicio-experto\\\/#breadcrumb\",\"itemListElement\":[{\"@type\":\"ListItem\",\"position\":1,\"name\":\"Home\",\"item\":\"https:\\\/\\\/sbx.syncbuilder.com\\\/es\\\/inicio\\\/\"},{\"@type\":\"ListItem\",\"position\":2,\"name\":\"Servicio experto\"}]},{\"@type\":\"WebSite\",\"@id\":\"https:\\\/\\\/sbx.syncbuilder.com\\\/es\\\/#website\",\"url\":\"https:\\\/\\\/sbx.syncbuilder.com\\\/es\\\/\",\"name\":\"Syncbuilder\",\"description\":\"\",\"publisher\":{\"@id\":\"https:\\\/\\\/sbx.syncbuilder.com\\\/es\\\/#organization\"},\"potentialAction\":[{\"@type\":\"SearchAction\",\"target\":{\"@type\":\"EntryPoint\",\"urlTemplate\":\"https:\\\/\\\/sbx.syncbuilder.com\\\/es\\\/?s={search_term_string}\"},\"query-input\":{\"@type\":\"PropertyValueSpecification\",\"valueRequired\":true,\"valueName\":\"search_term_string\"}}],\"inLanguage\":\"es\"},{\"@type\":[\"Organization\",\"Place\"],\"@id\":\"https:\\\/\\\/sbx.syncbuilder.com\\\/es\\\/#organization\",\"name\":\"Syncbuilder\",\"url\":\"https:\\\/\\\/sbx.syncbuilder.com\\\/es\\\/\",\"logo\":{\"@id\":\"https:\\\/\\\/sbx.syncbuilder.com\\\/es\\\/servicio-experto\\\/#local-main-organization-logo\"},\"image\":{\"@id\":\"https:\\\/\\\/sbx.syncbuilder.com\\\/es\\\/servicio-experto\\\/#local-main-organization-logo\"},\"telephone\":[],\"openingHoursSpecification\":[{\"@type\":\"OpeningHoursSpecification\",\"dayOfWeek\":[\"Monday\",\"Tuesday\",\"Wednesday\",\"Thursday\",\"Friday\",\"Saturday\",\"Sunday\"],\"opens\":\"09:00\",\"closes\":\"17:00\"}]},{\"@type\":\"ImageObject\",\"inLanguage\":\"es\",\"@id\":\"https:\\\/\\\/sbx.syncbuilder.com\\\/es\\\/servicio-experto\\\/#local-main-organization-logo\",\"url\":\"https:\\\/\\\/sbx.syncbuilder.com\\\/wp-content\\\/uploads\\\/2025\\\/11\\\/syncbuilder_transparent.webp\",\"contentUrl\":\"https:\\\/\\\/sbx.syncbuilder.com\\\/wp-content\\\/uploads\\\/2025\\\/11\\\/syncbuilder_transparent.webp\",\"width\":1670,\"height\":175,\"caption\":\"Syncbuilder\"}]}<\/script>\n<!-- \/ Yoast SEO Premium plugin. -->","yoast_head_json":{"title":"Servicio experto - Syncbuilder","robots":{"index":"noindex","follow":"follow","max-snippet":"max-snippet:-1","max-image-preview":"max-image-preview:large","max-video-preview":"max-video-preview:-1"},"og_locale":"es_ES","og_type":"article","og_title":"Servicio experto","og_description":"Servicio experto Robustez visual, rapidez y sencillez son las palabras clave Crea y gestiona f\u00e1cilmente tus flujos de trabajo mediante un sistema de arrastrar y soltar. O elige entre cientos de conectores para conectar datos a fuentes externas. O crea API seguras con autenticaci\u00f3n basada en roles. La plataforma SyncBuilder ofrece todo esto con funciones [&hellip;]","og_url":"https:\/\/sbx.syncbuilder.com\/es\/servicio-experto\/","og_site_name":"Syncbuilder","article_modified_time":"2026-05-07T11:32:39+00:00","og_image":[{"url":"https:\/\/sbx.syncbuilder.com\/wp-content\/uploads\/2026\/04\/woman_with_thump_and-logo_syncbuilder-e1777465824276.webp","type":"","width":"","height":""}],"twitter_card":"summary_large_image","twitter_misc":{"Tiempo de lectura":"2 minutos"},"schema":{"@context":"https:\/\/schema.org","@graph":[{"@type":"WebPage","@id":"https:\/\/sbx.syncbuilder.com\/es\/servicio-experto\/","url":"https:\/\/sbx.syncbuilder.com\/es\/servicio-experto\/","name":"Servicio experto - Syncbuilder","isPartOf":{"@id":"https:\/\/sbx.syncbuilder.com\/es\/#website"},"primaryImageOfPage":{"@id":"https:\/\/sbx.syncbuilder.com\/es\/servicio-experto\/#primaryimage"},"image":{"@id":"https:\/\/sbx.syncbuilder.com\/es\/servicio-experto\/#primaryimage"},"thumbnailUrl":"https:\/\/sbx.syncbuilder.com\/wp-content\/uploads\/2026\/04\/woman_with_thump_and-logo_syncbuilder-e1777465824276.webp","datePublished":"2026-04-29T11:30:18+00:00","dateModified":"2026-05-07T11:32:39+00:00","breadcrumb":{"@id":"https:\/\/sbx.syncbuilder.com\/es\/servicio-experto\/#breadcrumb"},"inLanguage":"es","potentialAction":[{"@type":"ReadAction","target":["https:\/\/sbx.syncbuilder.com\/es\/servicio-experto\/"]}]},{"@type":"ImageObject","inLanguage":"es","@id":"https:\/\/sbx.syncbuilder.com\/es\/servicio-experto\/#primaryimage","url":"https:\/\/sbx.syncbuilder.com\/wp-content\/uploads\/2026\/04\/woman_with_thump_and-logo_syncbuilder-e1777465824276.webp","contentUrl":"https:\/\/sbx.syncbuilder.com\/wp-content\/uploads\/2026\/04\/woman_with_thump_and-logo_syncbuilder-e1777465824276.webp"},{"@type":"BreadcrumbList","@id":"https:\/\/sbx.syncbuilder.com\/es\/servicio-experto\/#breadcrumb","itemListElement":[{"@type":"ListItem","position":1,"name":"Home","item":"https:\/\/sbx.syncbuilder.com\/es\/inicio\/"},{"@type":"ListItem","position":2,"name":"Servicio experto"}]},{"@type":"WebSite","@id":"https:\/\/sbx.syncbuilder.com\/es\/#website","url":"https:\/\/sbx.syncbuilder.com\/es\/","name":"Syncbuilder","description":"","publisher":{"@id":"https:\/\/sbx.syncbuilder.com\/es\/#organization"},"potentialAction":[{"@type":"SearchAction","target":{"@type":"EntryPoint","urlTemplate":"https:\/\/sbx.syncbuilder.com\/es\/?s={search_term_string}"},"query-input":{"@type":"PropertyValueSpecification","valueRequired":true,"valueName":"search_term_string"}}],"inLanguage":"es"},{"@type":["Organization","Place"],"@id":"https:\/\/sbx.syncbuilder.com\/es\/#organization","name":"Syncbuilder","url":"https:\/\/sbx.syncbuilder.com\/es\/","logo":{"@id":"https:\/\/sbx.syncbuilder.com\/es\/servicio-experto\/#local-main-organization-logo"},"image":{"@id":"https:\/\/sbx.syncbuilder.com\/es\/servicio-experto\/#local-main-organization-logo"},"telephone":[],"openingHoursSpecification":[{"@type":"OpeningHoursSpecification","dayOfWeek":["Monday","Tuesday","Wednesday","Thursday","Friday","Saturday","Sunday"],"opens":"09:00","closes":"17:00"}]},{"@type":"ImageObject","inLanguage":"es","@id":"https:\/\/sbx.syncbuilder.com\/es\/servicio-experto\/#local-main-organization-logo","url":"https:\/\/sbx.syncbuilder.com\/wp-content\/uploads\/2025\/11\/syncbuilder_transparent.webp","contentUrl":"https:\/\/sbx.syncbuilder.com\/wp-content\/uploads\/2025\/11\/syncbuilder_transparent.webp","width":1670,"height":175,"caption":"Syncbuilder"}]}},"_links":{"self":[{"href":"https:\/\/sbx.syncbuilder.com\/es\/wp-json\/wp\/v2\/pages\/3166","targetHints":{"allow":["GET"]}}],"collection":[{"href":"https:\/\/sbx.syncbuilder.com\/es\/wp-json\/wp\/v2\/pages"}],"about":[{"href":"https:\/\/sbx.syncbuilder.com\/es\/wp-json\/wp\/v2\/types\/page"}],"author":[{"embeddable":true,"href":"https:\/\/sbx.syncbuilder.com\/es\/wp-json\/wp\/v2\/users\/1"}],"replies":[{"embeddable":true,"href":"https:\/\/sbx.syncbuilder.com\/es\/wp-json\/wp\/v2\/comments?post=3166"}],"version-history":[{"count":2,"href":"https:\/\/sbx.syncbuilder.com\/es\/wp-json\/wp\/v2\/pages\/3166\/revisions"}],"predecessor-version":[{"id":3377,"href":"https:\/\/sbx.syncbuilder.com\/es\/wp-json\/wp\/v2\/pages\/3166\/revisions\/3377"}],"wp:attachment":[{"href":"https:\/\/sbx.syncbuilder.com\/es\/wp-json\/wp\/v2\/media?parent=3166"}],"curies":[{"name":"wp","href":"https:\/\/api.w.org\/{rel}","templated":true}]}}