{"id":3191,"date":"2026-04-20T09:16:07","date_gmt":"2026-04-20T09:16:07","guid":{"rendered":"https:\/\/syncbuilder.com\/partnerschaft\/"},"modified":"2026-05-07T07:52:04","modified_gmt":"2026-05-07T07:52:04","slug":"partnerschaft","status":"publish","type":"page","link":"https:\/\/sbx.syncbuilder.com\/de\/partnerschaft\/","title":{"rendered":"Partnerschaft"},"content":{"rendered":"\t\t<div data-elementor-type=\"wp-page\" data-elementor-id=\"3191\" class=\"elementor elementor-3191 elementor-1959\" data-elementor-post-type=\"page\">\n\t\t\t\t<div class=\"elementor-element elementor-element-undefined-46e471a e-flex e-con-boxed e-con e-parent\" data-id=\"undefined-46e471a\" data-element_type=\"container\" data-e-type=\"container\">\n\t\t\t\t\t<div class=\"e-con-inner\">\n\t\t\t\t<div class=\"elementor-element elementor-element-undefined-a618660 elementor-widget elementor-widget-heading\" data-id=\"undefined-a618660\" data-element_type=\"widget\" data-e-type=\"widget\" data-widget_type=\"heading.default\">\n\t\t\t\t\t<h2 class=\"elementor-heading-title elementor-size-default\">Vorteile der Partnerschaft mit SyncBuilder<\/h2>\t\t\t\t<\/div>\n\t\t<div class=\"elementor-element elementor-element-undefined-4e304be e-con-full e-flex e-con e-child\" data-id=\"undefined-4e304be\" data-element_type=\"container\" data-e-type=\"container\">\n\t\t\t\t<div class=\"elementor-element elementor-element-undefined-4dfdab6 elementor-widget__width-initial elementor-widget-mobile__width-inherit elementor-position-top elementor-widget elementor-widget-image-box\" data-id=\"undefined-4dfdab6\" data-element_type=\"widget\" data-e-type=\"widget\" data-widget_type=\"image-box.default\">\n\t\t\t\t\t<div class=\"elementor-image-box-wrapper\"><figure class=\"elementor-image-box-img\"><img fetchpriority=\"high\" decoding=\"async\" width=\"1405\" height=\"1405\" src=\"https:\/\/sbx.syncbuilder.com\/wp-content\/uploads\/2025\/11\/All-Of-Your-Computer-Needs_ilus.png\" class=\"elementor-animation-grow attachment-full size-full wp-image-3189\" alt=\"\" srcset=\"https:\/\/sbx.syncbuilder.com\/wp-content\/uploads\/2025\/11\/All-Of-Your-Computer-Needs_ilus.png 1405w, https:\/\/sbx.syncbuilder.com\/wp-content\/uploads\/2025\/11\/All-Of-Your-Computer-Needs_ilus-300x300.png 300w, https:\/\/sbx.syncbuilder.com\/wp-content\/uploads\/2025\/11\/All-Of-Your-Computer-Needs_ilus-1024x1024.png 1024w, https:\/\/sbx.syncbuilder.com\/wp-content\/uploads\/2025\/11\/All-Of-Your-Computer-Needs_ilus-150x150.png 150w, https:\/\/sbx.syncbuilder.com\/wp-content\/uploads\/2025\/11\/All-Of-Your-Computer-Needs_ilus-768x768.png 768w\" sizes=\"(max-width: 1405px) 100vw, 1405px\" \/><\/figure><div class=\"elementor-image-box-content\"><h4 class=\"elementor-image-box-title\">Alex Johnson, Mitbegr\u00fcnder<\/h4><p class=\"elementor-image-box-description\">Mit mehr als einem Jahrzehnt Erfahrung in Tech-Startups bringt Alex seine Expertise in Sachen Innovation und Strategie ein und sorgt daf\u00fcr, dass sich unsere Kunden unterst\u00fctzt und wertgesch\u00e4tzt f\u00fchlen.<\/p><\/div><\/div>\t\t\t\t<\/div>\n\t\t\t\t<div class=\"elementor-element elementor-element-undefined-c7536fa elementor-widget__width-initial elementor-widget-mobile__width-inherit elementor-position-top elementor-widget elementor-widget-image-box\" data-id=\"undefined-c7536fa\" data-element_type=\"widget\" data-e-type=\"widget\" data-widget_type=\"image-box.default\">\n\t\t\t\t\t<div class=\"elementor-image-box-wrapper\"><figure class=\"elementor-image-box-img\"><img decoding=\"async\" width=\"1404\" height=\"1404\" src=\"https:\/\/sbx.syncbuilder.com\/wp-content\/uploads\/2025\/11\/Warranty-ilus.png\" class=\"elementor-animation-grow attachment-full size-full wp-image-3190\" alt=\"\" srcset=\"https:\/\/sbx.syncbuilder.com\/wp-content\/uploads\/2025\/11\/Warranty-ilus.png 1404w, https:\/\/sbx.syncbuilder.com\/wp-content\/uploads\/2025\/11\/Warranty-ilus-300x300.png 300w, https:\/\/sbx.syncbuilder.com\/wp-content\/uploads\/2025\/11\/Warranty-ilus-1024x1024.png 1024w, https:\/\/sbx.syncbuilder.com\/wp-content\/uploads\/2025\/11\/Warranty-ilus-150x150.png 150w, https:\/\/sbx.syncbuilder.com\/wp-content\/uploads\/2025\/11\/Warranty-ilus-768x768.png 768w\" sizes=\"(max-width: 1404px) 100vw, 1404px\" \/><\/figure><div class=\"elementor-image-box-content\"><h4 class=\"elementor-image-box-title\">Maria Gonzalez, Mitbegr\u00fcnderin<\/h4><p class=\"elementor-image-box-description\">Marias Hintergrund in den Bereichen Finanzen und Betrieb erm\u00f6glicht es uns, fundierte Ratschl\u00e4ge zu erteilen, damit sich unsere Partner in der Zusammenarbeit mit uns sicher f\u00fchlen.<\/p><\/div><\/div>\t\t\t\t<\/div>\n\t\t\t\t<div class=\"elementor-element elementor-element-undefined-1b19ab3 elementor-widget__width-initial elementor-widget-mobile__width-inherit elementor-position-top elementor-widget elementor-widget-image-box\" data-id=\"undefined-1b19ab3\" data-element_type=\"widget\" data-e-type=\"widget\" data-widget_type=\"image-box.default\">\n\t\t\t\t\t<div class=\"elementor-image-box-wrapper\"><figure class=\"elementor-image-box-img\"><img decoding=\"async\" width=\"1404\" height=\"1404\" src=\"https:\/\/sbx.syncbuilder.com\/wp-content\/uploads\/2025\/11\/faq-ilus.png\" class=\"elementor-animation-grow attachment-full size-full wp-image-2996\" alt=\"\" srcset=\"https:\/\/sbx.syncbuilder.com\/wp-content\/uploads\/2025\/11\/faq-ilus.png 1404w, https:\/\/sbx.syncbuilder.com\/wp-content\/uploads\/2025\/11\/faq-ilus-300x300.png 300w, https:\/\/sbx.syncbuilder.com\/wp-content\/uploads\/2025\/11\/faq-ilus-1024x1024.png 1024w, https:\/\/sbx.syncbuilder.com\/wp-content\/uploads\/2025\/11\/faq-ilus-150x150.png 150w, https:\/\/sbx.syncbuilder.com\/wp-content\/uploads\/2025\/11\/faq-ilus-768x768.png 768w\" sizes=\"(max-width: 1404px) 100vw, 1404px\" \/><\/figure><div class=\"elementor-image-box-content\"><h4 class=\"elementor-image-box-title\">Tom Becker, Mitbegr\u00fcnder<\/h4><p class=\"elementor-image-box-description\">Toms jahrelange Erfahrung im Bereich Marketing und Gesch\u00e4ftsentwicklung sorgt daf\u00fcr, dass wir der Zeit immer einen Schritt voraus sind und das Vertrauen unserer Kunden st\u00e4rken.<\/p><\/div><\/div>\t\t\t\t<\/div>\n\t\t\t\t<\/div>\n\t\t\t\t\t<\/div>\n\t\t\t\t<\/div>\n\t\t<div class=\"elementor-element elementor-element-undefined-eb1f87a e-con-full e-flex e-con e-parent\" data-id=\"undefined-eb1f87a\" data-element_type=\"container\" data-e-type=\"container\">\n\t\t<div class=\"elementor-element elementor-element-undefined-647cd21 e-con-full e-flex e-con e-child\" data-id=\"undefined-647cd21\" data-element_type=\"container\" data-e-type=\"container\">\n\t\t\t\t<div class=\"elementor-element elementor-element-undefined-e2ac34a elementor-mobile-button-align-stretch elementor-button-align-stretch elementor-widget elementor-widget-form\" data-id=\"undefined-e2ac34a\" data-element_type=\"widget\" data-e-type=\"widget\" data-settings=\"{&quot;step_next_label&quot;:&quot;N\\u00e4chste&quot;,&quot;step_previous_label&quot;:&quot;Vorherige&quot;,&quot;button_width&quot;:&quot;100&quot;,&quot;step_type&quot;:&quot;number_text&quot;,&quot;step_icon_shape&quot;:&quot;circle&quot;}\" data-widget_type=\"form.default\">\n\t\t\t\t\t\t\t<form class=\"elementor-form\" method=\"post\" name=\"Anfrage zur Partnerschaft\" aria-label=\"Anfrage zur Partnerschaft\">\n\t\t\t<input type=\"hidden\" name=\"post_id\" value=\"3191\"\/>\n\t\t\t<input type=\"hidden\" name=\"form_id\" value=\"undefined-e2ac34a\"\/>\n\t\t\t<input type=\"hidden\" name=\"referer_title\" value=\"Partnerschaft - Syncbuilder\" \/>\n\n\t\t\t\t\t\t\t<input type=\"hidden\" name=\"queried_id\" value=\"3191\"\/>\n\t\t\t\n\t\t\t<div class=\"elementor-form-fields-wrapper elementor-labels-\">\n\t\t\t\t\t\t\t\t<div class=\"elementor-field-type-text elementor-field-group elementor-column elementor-field-group-first_name elementor-col-50 elementor-field-required\">\n\t\t\t\t\t\t\t\t\t\t\t\t<label for=\"form-field-first_name\" class=\"elementor-field-label elementor-screen-only\">\n\t\t\t\t\t\t\t\tVorname\t\t\t\t\t\t\t<\/label>\n\t\t\t\t\t\t\t\t\t\t\t\t\t\t<input size=\"1\" type=\"text\" name=\"form_fields[first_name]\" id=\"form-field-first_name\" class=\"elementor-field elementor-size-sm  elementor-field-textual\" placeholder=\"Vorname*\" required=\"required\">\n\t\t\t\t\t\t\t\t\t\t\t<\/div>\n\t\t\t\t\t\t\t\t<div class=\"elementor-field-type-text elementor-field-group elementor-column elementor-field-group-last_name_field elementor-col-50 elementor-field-required\">\n\t\t\t\t\t\t\t\t\t\t\t\t<label for=\"form-field-last_name_field\" class=\"elementor-field-label elementor-screen-only\">\n\t\t\t\t\t\t\t\tNachname\t\t\t\t\t\t\t<\/label>\n\t\t\t\t\t\t\t\t\t\t\t\t\t\t<input size=\"1\" type=\"text\" name=\"form_fields[last_name_field]\" id=\"form-field-last_name_field\" class=\"elementor-field elementor-size-sm  elementor-field-textual\" placeholder=\"Nachname*\" required=\"required\">\n\t\t\t\t\t\t\t\t\t\t\t<\/div>\n\t\t\t\t\t\t\t\t<div class=\"elementor-field-type-tel elementor-field-group elementor-column elementor-field-group-phone_field elementor-col-50 elementor-field-required\">\n\t\t\t\t\t\t\t\t\t\t\t\t<label for=\"form-field-phone_field\" class=\"elementor-field-label elementor-screen-only\">\n\t\t\t\t\t\t\t\tTelefon Nummer\t\t\t\t\t\t\t<\/label>\n\t\t\t\t\t\t\t\t<input size=\"1\" type=\"tel\" name=\"form_fields[phone_field]\" id=\"form-field-phone_field\" class=\"elementor-field elementor-size-sm  elementor-field-textual\" placeholder=\"Rufnummer*\" required=\"required\" pattern=\"[0-9()#&amp;+*-=.]+\" title=\"Nur Nummern oder Telefon-Zeichen (#, -, *, etc) werden akzeptiert.\">\n\n\t\t\t\t\t\t<\/div>\n\t\t\t\t\t\t\t\t<div class=\"elementor-field-type-email elementor-field-group elementor-column elementor-field-group-email_field elementor-col-50 elementor-field-required\">\n\t\t\t\t\t\t\t\t\t\t\t\t<label for=\"form-field-email_field\" class=\"elementor-field-label elementor-screen-only\">\n\t\t\t\t\t\t\t\tE-Mail\t\t\t\t\t\t\t<\/label>\n\t\t\t\t\t\t\t\t\t\t\t\t\t\t<input size=\"1\" type=\"email\" name=\"form_fields[email_field]\" id=\"form-field-email_field\" class=\"elementor-field elementor-size-sm  elementor-field-textual\" placeholder=\"E-Mail*\" required=\"required\">\n\t\t\t\t\t\t\t\t\t\t\t<\/div>\n\t\t\t\t\t\t\t\t<div class=\"elementor-field-type-textarea elementor-field-group elementor-column elementor-field-group-message_field elementor-col-100\">\n\t\t\t\t\t\t\t\t\t\t\t\t<label for=\"form-field-message_field\" class=\"elementor-field-label elementor-screen-only\">\n\t\t\t\t\t\t\t\tIhre Nachricht\t\t\t\t\t\t\t<\/label>\n\t\t\t\t\t\t<textarea class=\"elementor-field-textual elementor-field  elementor-size-sm\" name=\"form_fields[message_field]\" id=\"form-field-message_field\" rows=\"4\" placeholder=\"Geben Sie Ihre Nachricht ein...\"><\/textarea>\t\t\t\t<\/div>\n\t\t\t\t\t\t\t\t<div class=\"elementor-field-type-recaptcha_v3 elementor-field-group elementor-column elementor-field-group-field_fb70dcf elementor-col-100 recaptcha_v3-bottomright\">\n\t\t\t\t\t<div class=\"elementor-field\" id=\"form-field-field_fb70dcf\"><div class=\"elementor-g-recaptcha\" data-sitekey=\"6LfHttcsAAAAALLdpBUDHFeHPiad7ZPjtvaoPU3y\" data-type=\"v3\" data-action=\"Form\" data-badge=\"bottomright\" data-size=\"invisible\"><\/div><\/div>\t\t\t\t<\/div>\n\t\t\t\t\t\t\t\t<div class=\"elementor-field-group elementor-column elementor-field-type-submit elementor-col-100 e-form__buttons\">\n\t\t\t\t\t<button class=\"elementor-button elementor-size-sm\" type=\"submit\">\n\t\t\t\t\t\t<span class=\"elementor-button-content-wrapper\">\n\t\t\t\t\t\t\t\t\t\t\t\t\t\t\t\t\t\t\t\t\t\t<span class=\"elementor-button-text\">Senden Sie<\/span>\n\t\t\t\t\t\t\t\t\t\t\t\t\t<\/span>\n\t\t\t\t\t<\/button>\n\t\t\t\t<\/div>\n\t\t\t<\/div>\n\t\t<\/form>\n\t\t\t\t\t\t<\/div>\n\t\t\t\t<\/div>\n\t\t<div class=\"elementor-element elementor-element-undefined-2385134 e-con-full e-flex e-con e-child\" data-id=\"undefined-2385134\" data-element_type=\"container\" data-e-type=\"container\" data-settings=\"{&quot;background_background&quot;:&quot;classic&quot;}\">\n\t\t\t\t<div class=\"elementor-element elementor-element-undefined-c2ff2f0 elementor-widget elementor-widget-heading\" data-id=\"undefined-c2ff2f0\" data-element_type=\"widget\" data-e-type=\"widget\" data-widget_type=\"heading.default\">\n\t\t\t\t\t<h1 class=\"elementor-heading-title elementor-size-default\">Kontakt aufnehmen<\/h1>\t\t\t\t<\/div>\n\t\t\t\t<div class=\"elementor-element elementor-element-undefined-799a0b5 elementor-widget elementor-widget-heading\" data-id=\"undefined-799a0b5\" data-element_type=\"widget\" data-e-type=\"widget\" data-widget_type=\"heading.default\">\n\t\t\t\t\t<p class=\"elementor-heading-title elementor-size-default\">Wir freuen uns auf Ihre Kontaktaufnahme.<br>Bitte verwenden Sie das untenstehende Formular.<\/p>\t\t\t\t<\/div>\n\t\t\t\t<\/div>\n\t\t\t\t<\/div>\n\t\t\t\t<\/div>\n\t\t","protected":false},"excerpt":{"rendered":"<p>Vorteile der Partnerschaft mit SyncBuilder Alex Johnson, Mitbegr\u00fcnder Mit mehr als einem Jahrzehnt Erfahrung in Tech-Startups bringt Alex seine Expertise in Sachen Innovation und Strategie ein und sorgt daf\u00fcr, dass sich unsere Kunden unterst\u00fctzt und wertgesch\u00e4tzt f\u00fchlen. Maria Gonzalez, Mitbegr\u00fcnderin Marias Hintergrund in den Bereichen Finanzen und Betrieb erm\u00f6glicht es uns, fundierte Ratschl\u00e4ge zu erteilen, [&hellip;]<\/p>\n","protected":false},"author":1,"featured_media":0,"parent":0,"menu_order":0,"comment_status":"closed","ping_status":"closed","template":"elementor_header_footer","meta":{"footnotes":""},"class_list":["post-3191","page","type-page","status-publish","hentry"],"yoast_head":"<!-- This site is optimized with the Yoast SEO Premium plugin v27.5 (Yoast SEO v27.5) - https:\/\/yoast.com\/product\/yoast-seo-premium-wordpress\/ -->\n<title>Partnerschaft - Syncbuilder<\/title>\n<meta name=\"robots\" content=\"noindex, follow, max-snippet:-1, max-image-preview:large, max-video-preview:-1\" \/>\n<meta property=\"og:locale\" content=\"de_DE\" \/>\n<meta property=\"og:type\" content=\"article\" \/>\n<meta property=\"og:title\" content=\"Partnerschaft\" \/>\n<meta property=\"og:description\" content=\"Vorteile der Partnerschaft mit SyncBuilder Alex Johnson, Mitbegr\u00fcnder Mit mehr als einem Jahrzehnt Erfahrung in Tech-Startups bringt Alex seine Expertise in Sachen Innovation und Strategie ein und sorgt daf\u00fcr, dass sich unsere Kunden unterst\u00fctzt und wertgesch\u00e4tzt f\u00fchlen. Maria Gonzalez, Mitbegr\u00fcnderin Marias Hintergrund in den Bereichen Finanzen und Betrieb erm\u00f6glicht es uns, fundierte Ratschl\u00e4ge zu erteilen, [&hellip;]\" \/>\n<meta property=\"og:url\" content=\"https:\/\/sbx.syncbuilder.com\/de\/partnerschaft\/\" \/>\n<meta property=\"og:site_name\" content=\"Syncbuilder\" \/>\n<meta property=\"article:modified_time\" content=\"2026-05-07T07:52:04+00:00\" \/>\n<meta property=\"og:image\" content=\"https:\/\/sbx.syncbuilder.com\/wp-content\/uploads\/2025\/11\/All-Of-Your-Computer-Needs_ilus.png\" \/>\n\t<meta property=\"og:image:width\" content=\"1405\" \/>\n\t<meta property=\"og:image:height\" content=\"1405\" \/>\n\t<meta property=\"og:image:type\" content=\"image\/png\" \/>\n<meta name=\"twitter:card\" content=\"summary_large_image\" \/>\n<meta name=\"twitter:label1\" content=\"Gesch\u00e4tzte Lesezeit\" \/>\n\t<meta name=\"twitter:data1\" content=\"1\u00a0Minute\" \/>\n<script type=\"application\/ld+json\" class=\"yoast-schema-graph\">{\"@context\":\"https:\\\/\\\/schema.org\",\"@graph\":[{\"@type\":\"WebPage\",\"@id\":\"https:\\\/\\\/sbx.syncbuilder.com\\\/de\\\/partnerschaft\\\/\",\"url\":\"https:\\\/\\\/sbx.syncbuilder.com\\\/de\\\/partnerschaft\\\/\",\"name\":\"Partnerschaft - Syncbuilder\",\"isPartOf\":{\"@id\":\"https:\\\/\\\/sbx.syncbuilder.com\\\/de\\\/#website\"},\"primaryImageOfPage\":{\"@id\":\"https:\\\/\\\/sbx.syncbuilder.com\\\/de\\\/partnerschaft\\\/#primaryimage\"},\"image\":{\"@id\":\"https:\\\/\\\/sbx.syncbuilder.com\\\/de\\\/partnerschaft\\\/#primaryimage\"},\"thumbnailUrl\":\"https:\\\/\\\/sbx.syncbuilder.com\\\/wp-content\\\/uploads\\\/2025\\\/11\\\/All-Of-Your-Computer-Needs_ilus.png\",\"datePublished\":\"2026-04-20T09:16:07+00:00\",\"dateModified\":\"2026-05-07T07:52:04+00:00\",\"breadcrumb\":{\"@id\":\"https:\\\/\\\/sbx.syncbuilder.com\\\/de\\\/partnerschaft\\\/#breadcrumb\"},\"inLanguage\":\"de\",\"potentialAction\":[{\"@type\":\"ReadAction\",\"target\":[\"https:\\\/\\\/sbx.syncbuilder.com\\\/de\\\/partnerschaft\\\/\"]}]},{\"@type\":\"ImageObject\",\"inLanguage\":\"de\",\"@id\":\"https:\\\/\\\/sbx.syncbuilder.com\\\/de\\\/partnerschaft\\\/#primaryimage\",\"url\":\"https:\\\/\\\/sbx.syncbuilder.com\\\/wp-content\\\/uploads\\\/2025\\\/11\\\/All-Of-Your-Computer-Needs_ilus.png\",\"contentUrl\":\"https:\\\/\\\/sbx.syncbuilder.com\\\/wp-content\\\/uploads\\\/2025\\\/11\\\/All-Of-Your-Computer-Needs_ilus.png\"},{\"@type\":\"BreadcrumbList\",\"@id\":\"https:\\\/\\\/sbx.syncbuilder.com\\\/de\\\/partnerschaft\\\/#breadcrumb\",\"itemListElement\":[{\"@type\":\"ListItem\",\"position\":1,\"name\":\"Home\",\"item\":\"https:\\\/\\\/sbx.syncbuilder.com\\\/de\\\/home\\\/\"},{\"@type\":\"ListItem\",\"position\":2,\"name\":\"Partnerschaft\"}]},{\"@type\":\"WebSite\",\"@id\":\"https:\\\/\\\/sbx.syncbuilder.com\\\/de\\\/#website\",\"url\":\"https:\\\/\\\/sbx.syncbuilder.com\\\/de\\\/\",\"name\":\"Syncbuilder\",\"description\":\"\",\"publisher\":{\"@id\":\"https:\\\/\\\/sbx.syncbuilder.com\\\/de\\\/#organization\"},\"potentialAction\":[{\"@type\":\"SearchAction\",\"target\":{\"@type\":\"EntryPoint\",\"urlTemplate\":\"https:\\\/\\\/sbx.syncbuilder.com\\\/de\\\/?s={search_term_string}\"},\"query-input\":{\"@type\":\"PropertyValueSpecification\",\"valueRequired\":true,\"valueName\":\"search_term_string\"}}],\"inLanguage\":\"de\"},{\"@type\":[\"Organization\",\"Place\"],\"@id\":\"https:\\\/\\\/sbx.syncbuilder.com\\\/de\\\/#organization\",\"name\":\"Syncbuilder\",\"url\":\"https:\\\/\\\/sbx.syncbuilder.com\\\/de\\\/\",\"logo\":{\"@id\":\"https:\\\/\\\/sbx.syncbuilder.com\\\/de\\\/partnerschaft\\\/#local-main-organization-logo\"},\"image\":{\"@id\":\"https:\\\/\\\/sbx.syncbuilder.com\\\/de\\\/partnerschaft\\\/#local-main-organization-logo\"},\"telephone\":[],\"openingHoursSpecification\":[{\"@type\":\"OpeningHoursSpecification\",\"dayOfWeek\":[\"Monday\",\"Tuesday\",\"Wednesday\",\"Thursday\",\"Friday\",\"Saturday\",\"Sunday\"],\"opens\":\"09:00\",\"closes\":\"17:00\"}]},{\"@type\":\"ImageObject\",\"inLanguage\":\"de\",\"@id\":\"https:\\\/\\\/sbx.syncbuilder.com\\\/de\\\/partnerschaft\\\/#local-main-organization-logo\",\"url\":\"https:\\\/\\\/sbx.syncbuilder.com\\\/wp-content\\\/uploads\\\/2025\\\/11\\\/syncbuilder_transparent.webp\",\"contentUrl\":\"https:\\\/\\\/sbx.syncbuilder.com\\\/wp-content\\\/uploads\\\/2025\\\/11\\\/syncbuilder_transparent.webp\",\"width\":1670,\"height\":175,\"caption\":\"Syncbuilder\"}]}<\/script>\n<!-- \/ Yoast SEO Premium plugin. -->","yoast_head_json":{"title":"Partnerschaft - Syncbuilder","robots":{"index":"noindex","follow":"follow","max-snippet":"max-snippet:-1","max-image-preview":"max-image-preview:large","max-video-preview":"max-video-preview:-1"},"og_locale":"de_DE","og_type":"article","og_title":"Partnerschaft","og_description":"Vorteile der Partnerschaft mit SyncBuilder Alex Johnson, Mitbegr\u00fcnder Mit mehr als einem Jahrzehnt Erfahrung in Tech-Startups bringt Alex seine Expertise in Sachen Innovation und Strategie ein und sorgt daf\u00fcr, dass sich unsere Kunden unterst\u00fctzt und wertgesch\u00e4tzt f\u00fchlen. Maria Gonzalez, Mitbegr\u00fcnderin Marias Hintergrund in den Bereichen Finanzen und Betrieb erm\u00f6glicht es uns, fundierte Ratschl\u00e4ge zu erteilen, [&hellip;]","og_url":"https:\/\/sbx.syncbuilder.com\/de\/partnerschaft\/","og_site_name":"Syncbuilder","article_modified_time":"2026-05-07T07:52:04+00:00","og_image":[{"width":1405,"height":1405,"url":"https:\/\/sbx.syncbuilder.com\/wp-content\/uploads\/2025\/11\/All-Of-Your-Computer-Needs_ilus.png","type":"image\/png"}],"twitter_card":"summary_large_image","twitter_misc":{"Gesch\u00e4tzte Lesezeit":"1\u00a0Minute"},"schema":{"@context":"https:\/\/schema.org","@graph":[{"@type":"WebPage","@id":"https:\/\/sbx.syncbuilder.com\/de\/partnerschaft\/","url":"https:\/\/sbx.syncbuilder.com\/de\/partnerschaft\/","name":"Partnerschaft - Syncbuilder","isPartOf":{"@id":"https:\/\/sbx.syncbuilder.com\/de\/#website"},"primaryImageOfPage":{"@id":"https:\/\/sbx.syncbuilder.com\/de\/partnerschaft\/#primaryimage"},"image":{"@id":"https:\/\/sbx.syncbuilder.com\/de\/partnerschaft\/#primaryimage"},"thumbnailUrl":"https:\/\/sbx.syncbuilder.com\/wp-content\/uploads\/2025\/11\/All-Of-Your-Computer-Needs_ilus.png","datePublished":"2026-04-20T09:16:07+00:00","dateModified":"2026-05-07T07:52:04+00:00","breadcrumb":{"@id":"https:\/\/sbx.syncbuilder.com\/de\/partnerschaft\/#breadcrumb"},"inLanguage":"de","potentialAction":[{"@type":"ReadAction","target":["https:\/\/sbx.syncbuilder.com\/de\/partnerschaft\/"]}]},{"@type":"ImageObject","inLanguage":"de","@id":"https:\/\/sbx.syncbuilder.com\/de\/partnerschaft\/#primaryimage","url":"https:\/\/sbx.syncbuilder.com\/wp-content\/uploads\/2025\/11\/All-Of-Your-Computer-Needs_ilus.png","contentUrl":"https:\/\/sbx.syncbuilder.com\/wp-content\/uploads\/2025\/11\/All-Of-Your-Computer-Needs_ilus.png"},{"@type":"BreadcrumbList","@id":"https:\/\/sbx.syncbuilder.com\/de\/partnerschaft\/#breadcrumb","itemListElement":[{"@type":"ListItem","position":1,"name":"Home","item":"https:\/\/sbx.syncbuilder.com\/de\/home\/"},{"@type":"ListItem","position":2,"name":"Partnerschaft"}]},{"@type":"WebSite","@id":"https:\/\/sbx.syncbuilder.com\/de\/#website","url":"https:\/\/sbx.syncbuilder.com\/de\/","name":"Syncbuilder","description":"","publisher":{"@id":"https:\/\/sbx.syncbuilder.com\/de\/#organization"},"potentialAction":[{"@type":"SearchAction","target":{"@type":"EntryPoint","urlTemplate":"https:\/\/sbx.syncbuilder.com\/de\/?s={search_term_string}"},"query-input":{"@type":"PropertyValueSpecification","valueRequired":true,"valueName":"search_term_string"}}],"inLanguage":"de"},{"@type":["Organization","Place"],"@id":"https:\/\/sbx.syncbuilder.com\/de\/#organization","name":"Syncbuilder","url":"https:\/\/sbx.syncbuilder.com\/de\/","logo":{"@id":"https:\/\/sbx.syncbuilder.com\/de\/partnerschaft\/#local-main-organization-logo"},"image":{"@id":"https:\/\/sbx.syncbuilder.com\/de\/partnerschaft\/#local-main-organization-logo"},"telephone":[],"openingHoursSpecification":[{"@type":"OpeningHoursSpecification","dayOfWeek":["Monday","Tuesday","Wednesday","Thursday","Friday","Saturday","Sunday"],"opens":"09:00","closes":"17:00"}]},{"@type":"ImageObject","inLanguage":"de","@id":"https:\/\/sbx.syncbuilder.com\/de\/partnerschaft\/#local-main-organization-logo","url":"https:\/\/sbx.syncbuilder.com\/wp-content\/uploads\/2025\/11\/syncbuilder_transparent.webp","contentUrl":"https:\/\/sbx.syncbuilder.com\/wp-content\/uploads\/2025\/11\/syncbuilder_transparent.webp","width":1670,"height":175,"caption":"Syncbuilder"}]}},"_links":{"self":[{"href":"https:\/\/sbx.syncbuilder.com\/de\/wp-json\/wp\/v2\/pages\/3191","targetHints":{"allow":["GET"]}}],"collection":[{"href":"https:\/\/sbx.syncbuilder.com\/de\/wp-json\/wp\/v2\/pages"}],"about":[{"href":"https:\/\/sbx.syncbuilder.com\/de\/wp-json\/wp\/v2\/types\/page"}],"author":[{"embeddable":true,"href":"https:\/\/sbx.syncbuilder.com\/de\/wp-json\/wp\/v2\/users\/1"}],"replies":[{"embeddable":true,"href":"https:\/\/sbx.syncbuilder.com\/de\/wp-json\/wp\/v2\/comments?post=3191"}],"version-history":[{"count":1,"href":"https:\/\/sbx.syncbuilder.com\/de\/wp-json\/wp\/v2\/pages\/3191\/revisions"}],"predecessor-version":[{"id":3192,"href":"https:\/\/sbx.syncbuilder.com\/de\/wp-json\/wp\/v2\/pages\/3191\/revisions\/3192"}],"wp:attachment":[{"href":"https:\/\/sbx.syncbuilder.com\/de\/wp-json\/wp\/v2\/media?parent=3191"}],"curies":[{"name":"wp","href":"https:\/\/api.w.org\/{rel}","templated":true}]}}